{"id":7463,"date":"2021-12-05T16:23:54","date_gmt":"2021-12-05T15:23:54","guid":{"rendered":"https:\/\/birdbusters.eu\/product\/bird-repellent-with-motion-sensor-activated-ultrasound-and-lights\/"},"modified":"2024-10-10T16:51:01","modified_gmt":"2024-10-10T14:51:01","slug":"ultraaanella-ja-valolla-toimiva-liiketunnistimella-varustettu-linnunpelotin","status":"publish","type":"product","link":"https:\/\/birdbusters.eu\/fi\/tuote\/ultraaanella-ja-valolla-toimiva-liiketunnistimella-varustettu-linnunpelotin\/","title":{"rendered":"Ultra\u00e4\u00e4nell\u00e4 toimiva jyrsij\u00e4karkotin"},"content":{"rendered":"<h2><strong>Miksi valita Ultrasonic jyrsij\u00e4karkotin?<\/strong><\/h2>\n<p>T\u00e4m\u00e4 jyrsij\u00e4karkotin on erityisen tehokas ratkaisu jyrsij\u00f6iden ja muiden el\u00e4inten torjuntaan. Edistyksellisen ultra\u00e4\u00e4niteknologian, sis\u00e4\u00e4nrakennetun liiketunnistimen, s\u00e4\u00e4nkest\u00e4v\u00e4n suunnittelun ja joustavien asennusvaihtoehtojensa ansiosta t\u00e4m\u00e4 laite sopii t\u00e4ydellisesti puutarhojen, pihojen ja lampialueiden suojaamiseen.<\/p>\n<h3><strong>Miten se toimii<\/strong><\/h3>\n<p>Jyrsij\u00e4karkottimessa on passiivinen infrapuna-anturi (PIR), joka tarkkailee kolmiulotteista viuhkamaista 70 asteen aluetta. Jopa 12 metrin tunnistuset\u00e4isyydell\u00e4 laite suojaa 85 neli\u00f6metrin aluetta. Kun jyrsij\u00e4t tai muut el\u00e4imet saapuvat valvottavalle alueelle, PIR-anturi laukeaa ja aktivoi sek\u00e4 ultra\u00e4\u00e4nen ett\u00e4 tehokkaat LED-valot. T\u00e4m\u00e4 yhdistelm\u00e4 h\u00e4tk\u00e4ht\u00e4\u00e4 ja karkottaa tehokkaasti el\u00e4imet.<\/p>\n<p>Karkotin taajuusalue vaihtelee 17 000 Hz ja 24 000 Hz v\u00e4lill\u00e4. N\u00e4m\u00e4 taajuudet ovat erityisen tehokkaita tiettyjen nis\u00e4kk\u00e4iden, kuten jyrsij\u00f6iden, karkottamisessa, vaikka linnuilla taajuuden havaitseminen voi vaihdella lajin mukaan.<\/p>\n<p>Linnuilla on erilainen kuuloalue verrattuna nis\u00e4kk\u00e4isiin. Jotkut tuholinnut saattavat pysty\u00e4 havaitsemaan taajuuksia ultra\u00e4\u00e4nialueen alap\u00e4\u00e4ss\u00e4, noin 17 000 Hz, mutta suurin osa linnuista on v\u00e4hemm\u00e4n herkk\u00e4 n\u00e4ille \u00e4\u00e4nille. T\u00e4m\u00e4n vuoksi ultra\u00e4\u00e4ni ei yksin\u00e4\u00e4n v\u00e4ltt\u00e4m\u00e4tt\u00e4 h\u00e4tk\u00e4hd\u00e4 tai karkoita lintuja, erityisesti ulkotiloissa, joissa muut tekij\u00e4t, kuten tuuli, voivat heikent\u00e4\u00e4 sen tehokkuutta.<\/p>\n<p>Ultra\u00e4\u00e4nilaitteet ovat kuitenkin eritt\u00e4in tehokkaita karkottamaan tiettyj\u00e4 nis\u00e4kk\u00e4it\u00e4, kuten:<\/p>\n<ul>\n<li>Peura<\/li>\n<li>Kanit \/ J\u00e4nikset<\/li>\n<li>Jyrsij\u00e4t<\/li>\n<li>Lepakot<\/li>\n<\/ul>\n<p>N\u00e4ill\u00e4 el\u00e4imill\u00e4 on laajempi kuuloalue, joka ulottuu ultra\u00e4\u00e4nispektriin. Lis\u00e4ksi kirkkaat strobovalot tarjoavat visuaalisen pelotteen, joka vahvistaa ultra\u00e4\u00e4nen vaikutusta ja tekee jyrsij\u00e4karkottimesta erinomaisen valinnan kiinteist\u00f6n suojaamiseen.<\/p>\n<h3><strong>T\u00e4rkeimm\u00e4t ominaisuudet<\/strong><\/h3>\n<p><strong>Tehokas ja turvallinen:<\/strong> Jyrsij\u00e4karkotin on turvallinen ja inhimillinen tapa karkottaa jyrsij\u00f6it\u00e4 ja lintuja ilman vahinkoa. Se hy\u00f6dynt\u00e4\u00e4 ultra\u00e4\u00e4nt\u00e4 ja vilkkuvia valoja pit\u00e4\u00e4kseen el\u00e4imet loitolla.<\/p>\n<p><strong>Sis\u00e4\u00e4nrakennettu testipainike:<\/strong> K\u00e4tev\u00e4n testipainikkeen avulla voit helposti tarkistaa, ett\u00e4 laite toimii oikein. Yksi painallus riitt\u00e4\u00e4 varmistamaan, ett\u00e4 ultra\u00e4\u00e4nisignaali ja strobovalo aktivoituvat oikein.<\/p>\n<p><strong>S\u00e4\u00e4nkest\u00e4v\u00e4 ja huoltovapaa:<\/strong> Ulkok\u00e4ytt\u00f6\u00f6n suunniteltu ultra\u00e4\u00e4nikarkotin on s\u00e4\u00e4nkest\u00e4v\u00e4. Se vaatii vain v\u00e4h\u00e4n huoltoa \u2013 voit asentaa sen ja antaa sen toimia ilman jatkuvaa valvontaa.<\/p>\n<p><strong>Helppo asentaa:<\/strong> Laite on helppo kiinnitt\u00e4\u00e4 seiniin, pylv\u00e4isiin, puihin tai mihin tahansa muuhun ymp\u00e4r\u00f6iv\u00e4\u00e4n rakenteeseen. Joustavat kiinnitysvaihtoehdot mahdollistavat laitteen sijoittamisen juuri sinne, miss\u00e4 sit\u00e4 eniten tarvitaan.<\/p>\n<p><strong>Kaksi tehovaihtoehtoa:<\/strong> Jyrsij\u00e4karkotin toimii kahdella 9 V akulla, joten se on t\u00e4ysin kannettava ja helppo sijoittaa. Jatkuvaa, pitk\u00e4aikaista k\u00e4ytt\u00f6\u00e4 varten voit liitt\u00e4\u00e4 siihen my\u00f6s valinnaisen verkkolaitteen.<\/p>\n<p><strong>Suuri suoja-alue:<\/strong> Ultra\u00e4\u00e4nikarkotin kattaa jopa 85 neli\u00f6metri\u00e4, joten se voidaan sijoittaa useisiin eri paikkoihin, aina pienist\u00e4 puutarhoista ja patioista suurempiin nurmikoihin ja lampialueisiin.<\/p>\n<p><strong>Tekniset tiedot<\/strong><\/p>\n<ul>\n<li><strong>Mitat:<\/strong> 110 x 100 x 95 mm<\/li>\n<li><strong>Paino:<\/strong> 255 g<\/li>\n<li><strong>Virtal\u00e4hde:<\/strong> Kaksi 9 V paristoa (alkali) tai valinnainen verkkolaite (220-240 VAC tai 100-120 VAC)<\/li>\n<li><strong>Virrankulutus:<\/strong> Valmiusvirta 0,16 mA<\/li>\n<li><strong>Ultra\u00e4\u00e4nen poistumisviive:<\/strong> Noin 25 sekuntia<\/li>\n<li><strong>L\u00e4mpenemisaika:<\/strong> Noin 30 sekuntia<\/li>\n<li><strong>Taajuusalue:<\/strong> 17 000 Hz &#8211; 24 000 Hz (satunnaisesti ja jatkuvasti muuttuva)<\/li>\n<li><strong>Suojaus:<\/strong> Jopa 85 neli\u00f6metri\u00e4 viuhkamaisella alueella (70 astetta vaaka, 9 astetta pystysuunnassa) 12 metrin et\u00e4isyydell\u00e4<\/li>\n<li><strong>LED-vilkkuvalon k\u00e4ytt\u00f6ik\u00e4:<\/strong> Jopa 100 000 tuntia<\/li>\n<\/ul>\n<h2><strong>Usein kysytyt kysymykset<\/strong><\/h2>\n<p><strong>Miten jyrsij\u00e4karkotin toimii?<\/strong><br \/>\nT\u00e4m\u00e4 jyrsij\u00e4karkotin l\u00e4hett\u00e4\u00e4 korkeataajuisia \u00e4\u00e4niaaltoja taajuudella 17 000 Hz &#8211; 24 000 Hz. N\u00e4m\u00e4 taajuudet eiv\u00e4t yleens\u00e4 kuulu ihmisille, mutta ne voivat olla ep\u00e4mukavia tai h\u00e4mment\u00e4vi\u00e4 tietyille tuholaisille. Lis\u00e4ksi kirkkaat strobovalot tarjoavat visuaalisen pelotteen, joka vahvistaa ultra\u00e4\u00e4nen vaikutusta.<\/p>\n<p><strong>Millaisia el\u00e4imi\u00e4 ultra\u00e4\u00e4nikarkottimet voivat karkottaa?<\/strong><br \/>\nUltra\u00e4\u00e4nikarkottimet voivat tehokkaasti karkottaa useita tuholaisia, mukaan lukien:<\/p>\n<ul>\n<li>Jyrsij\u00e4t (hiiret, rotat)<\/li>\n<li>Lepakot<\/li>\n<li>Peura<\/li>\n<li>Kanit<\/li>\n<li>J\u00e4nikset<\/li>\n<li>Pesukarhut<\/li>\n<li>Oravat<\/li>\n<\/ul>\n<p><strong>Toimivatko ultra\u00e4\u00e4nikarkottimet lintuihin?<\/strong><br \/>\nUltra\u00e4\u00e4nikarkottimilla on rajallinen tehokkuus linnuissa, koska useimmat linnut eiv\u00e4t kuule ultra\u00e4\u00e4nitaajuuksia yht\u00e4 hyvin kuin nis\u00e4kk\u00e4\u00e4t. Jotkut linnut voivat havaita matalampia ultra\u00e4\u00e4nitaajuuksia, mutta kattavan lintujen hallinnan kannalta on tehokkaampaa yhdist\u00e4\u00e4 ultra\u00e4\u00e4ni muihin pelotteisiin, kuten \u00e4\u00e4ni- tai visuaalisiin pelotteisiin.<\/p>\n<p><strong>Toimivatko ultra\u00e4\u00e4nikarkottimet esteiden l\u00e4pi?<\/strong><br \/>\nEi, ultra\u00e4\u00e4niaallot eiv\u00e4t tunkeudu kiinteisiin esineisiin. \u00c4\u00e4ni on tehokkain avoimilla, esteett\u00f6mill\u00e4 alueilla. Jos sinun on suojattava erillisi\u00e4 tiloja, saatat tarvita useita laitteita.<\/p>\n","protected":false},"excerpt":{"rendered":"<p>Liiketunnistimella varustettu jyrsij\u00e4karkotin ultra\u00e4\u00e4nell\u00e4 pit\u00e4\u00e4 jyrsij\u00e4t ja muut el\u00e4imet tehokkaasti poissa kiinteist\u00f6si l\u00e4heisyydest\u00e4. Sopii erityisesti puutarhojen ja pihojen suojaamiseen.<\/p>\n<p><strong>Mitat<\/strong>: 110 x 100 x 95 mm<\/p>\n<p><strong>Kattavuus<\/strong>: jopa 85 neli\u00f6metri\u00e4<\/p>\n<p>Valmistettu Taiwanissa<\/p>\n","protected":false},"featured_media":7469,"template":"","meta":{"_themeisle_gutenberg_block_has_review":false,"rank_math_focus_keyword":"jyrsij\u00e4karkotin","rank_math_title":"Tehokas jyrsij\u00e4karkotin ultra\u00e4\u00e4nell\u00e4 | BIRD BUSTERS","rank_math_description":"","rank_math_canonical_url":"","rank_math_facebook_title":"","rank_math_facebook_description":"","rank_math_facebook_image":"","rank_math_twitter_title":"","rank_math_twitter_description":"","rank_math_twitter_image":"","rank_math_schema_FAQPage":[]},"product_brand":[],"product_cat":[276,52,241],"product_tag":[],"class_list":{"0":"post-7463","1":"product","2":"type-product","3":"status-publish","4":"has-post-thumbnail","6":"product_cat-kottaraisten-torjunta","7":"product_cat-lintukarkotin","8":"product_cat-puutarhan-lintujen-torjunta","10":"first","11":"instock","12":"taxable","13":"shipping-taxable","14":"purchasable","15":"product-type-simple"},"_links":{"self":[{"href":"https:\/\/birdbusters.eu\/fi\/wp-json\/wp\/v2\/product\/7463","targetHints":{"allow":["GET"]}}],"collection":[{"href":"https:\/\/birdbusters.eu\/fi\/wp-json\/wp\/v2\/product"}],"about":[{"href":"https:\/\/birdbusters.eu\/fi\/wp-json\/wp\/v2\/types\/product"}],"wp:featuredmedia":[{"embeddable":true,"href":"https:\/\/birdbusters.eu\/fi\/wp-json\/wp\/v2\/media\/7469"}],"wp:attachment":[{"href":"https:\/\/birdbusters.eu\/fi\/wp-json\/wp\/v2\/media?parent=7463"}],"wp:term":[{"taxonomy":"product_brand","embeddable":true,"href":"https:\/\/birdbusters.eu\/fi\/wp-json\/wp\/v2\/product_brand?post=7463"},{"taxonomy":"product_cat","embeddable":true,"href":"https:\/\/birdbusters.eu\/fi\/wp-json\/wp\/v2\/product_cat?post=7463"},{"taxonomy":"product_tag","embeddable":true,"href":"https:\/\/birdbusters.eu\/fi\/wp-json\/wp\/v2\/product_tag?post=7463"}],"curies":[{"name":"wp","href":"https:\/\/api.w.org\/{rel}","templated":true}]}}