{"id":7519,"date":"2021-12-05T17:02:48","date_gmt":"2021-12-05T16:02:48","guid":{"rendered":"https:\/\/birdbusters.eu\/product\/audio-bird-repellent-with-motion-sensor\/"},"modified":"2026-01-21T11:48:25","modified_gmt":"2026-01-21T10:48:25","slug":"liiketunnistimella-varustettu-lintujen-aanipelotin","status":"publish","type":"product","link":"https:\/\/birdbusters.eu\/fi\/tuote\/liiketunnistimella-varustettu-lintujen-aanipelotin\/","title":{"rendered":"Lintujen karkotin liiketunnistimella"},"content":{"rendered":"<h2>Lintujen karkotin \u00e4\u00e4nell\u00e4 ja liiketunnistimella<\/h2>\n<p>T\u00e4m\u00e4 lintujen karkotin k\u00e4ytt\u00e4\u00e4 saalistus\u00e4\u00e4ni\u00e4 luodakseen vihamielisen ymp\u00e4rist\u00f6n tuholintuille. Laite toistaa todellisia tallenteita saalistuslintujen, kuten haukkojen ja p\u00f6ll\u00f6jen, kutsuista. N\u00e4m\u00e4 kutsut laukaisevat pienemmiss\u00e4 linnuissa luonnollisen pakoreaktion. Tallenteet sis\u00e4lt\u00e4v\u00e4t my\u00f6s lintujen h\u00e4t\u00e4kutsuja, jotka lis\u00e4\u00e4v\u00e4t uhan tunnetta ja luovat vaarallisen ymp\u00e4rist\u00f6n tuholintuille.<\/p>\n<p>Passiivisella infrapuna (PIR) liiketunnistimella varustettu lintukarkotin tarjoaa kohdistetun suojan. PIR-anturi havaitsee liikkeen 130 asteen viuhkamaisella alueella aina 10 metrin et\u00e4isyydelt\u00e4 (noin 30 jalkaa). Kun liikett\u00e4 havaitaan, laite aktivoituu ja alkaa l\u00e4hett\u00e4\u00e4 saalistus- ja h\u00e4t\u00e4kutsuja. Liiketunnistin varmistaa, ett\u00e4 pelottelet lintuja vain silloin, kun ne muodostavat uhan.<\/p>\n<p>Laite toimii vain p\u00e4iv\u00e4saikaan, mik\u00e4 on linjassa tuholintujen luonnollisen k\u00e4ytt\u00e4ytymisen kanssa, sill\u00e4 ne ovat enimm\u00e4kseen aktiivisia p\u00e4iv\u00e4nvalossa.<\/p>\n<p>Lintujen karkotin vaikuttaa tikkoihin, varpusiin, mustarastaisiin, kyyhkysiin, variksiin, kottaraisiin ja muihin vahinkolintuihin.<\/p>\n<p>Laajempiin sovelluksiin, kuten maatiloihin tai hedelm\u00e4tarhoihin, lintujen karkottimessa on my\u00f6s <strong>AUTO-tila<\/strong>. T\u00e4ss\u00e4 tilassa laite toimii ennalta m\u00e4\u00e4r\u00e4tyll\u00e4 aikav\u00e4lill\u00e4 ja tuottaa \u00e4\u00e4ni\u00e4 5\u201330 minuutin v\u00e4lein. T\u00e4m\u00e4 sopii erinomaisesti jopa 1 hehtaarin (noin 4 400 neli\u00f6metrin) suurempien alueiden suojaamiseen ilman, ett\u00e4 se vaatii aktivointia liiketunnistimesta. M\u00e4\u00e4rit\u00e4 se ja anna laitteen toimia itsen\u00e4isesti.<\/p>\n<p><strong>Mukautettavat asetukset<\/strong><br \/>\nJokainen ymp\u00e4rist\u00f6 on ainutlaatuinen, ja voit s\u00e4\u00e4t\u00e4\u00e4 t\u00e4m\u00e4n pelotteen toimintoja sen mukaisesti. Sis\u00e4\u00e4nrakennetun \u00e4\u00e4nenvoimakkuuden s\u00e4\u00e4t\u00f6nupin avulla voit s\u00e4\u00e4t\u00e4\u00e4 \u00e4\u00e4nenvoimakkuutta. Voit my\u00f6s s\u00e4\u00e4t\u00e4\u00e4 aikav\u00e4li\u00e4 AUTO-tilassa ja hienos\u00e4\u00e4t\u00e4\u00e4 lintu\u00e4\u00e4nien l\u00e4hetystiheytt\u00e4. T\u00e4m\u00e4 joustavuus varmistaa, ett\u00e4 laitetta voidaan k\u00e4ytt\u00e4\u00e4 tehokkaasti erilaisissa ymp\u00e4rist\u00f6iss\u00e4, pienist\u00e4 puutarhoista pelloille.<\/p>\n<p><strong>Rakennettu kest\u00e4m\u00e4\u00e4n<\/strong><br \/>\nLintujen karkotin LS-2001 on suunniteltu kest\u00e4m\u00e4\u00e4n s\u00e4\u00e4olosuhteita ja se on helppo asentaa eri paikkoihin kiinteist\u00f6si ymp\u00e4rill\u00e4.<\/p>\n<p><strong>Tekniset tiedot<\/strong><\/p>\n<ul>\n<li><strong>Mitat:<\/strong> 9 x 17 x 12 cm<\/li>\n<li><strong>Virtal\u00e4hde:<\/strong> 100-120VAC, 50\/60 Hz (adapteri)<\/li>\n<li><strong>L\u00e4ht\u00f6:<\/strong> 12VDC<\/li>\n<li><strong>Peittoalue:<\/strong> jopa 1 hehtaari (noin 4 400 neli\u00f6metri\u00e4), kun \u00e4\u00e4nenvoimakkuuden s\u00e4\u00e4din on k\u00e4\u00e4nnetty maksimiasentoon AUTO-tilassa<\/li>\n<li><strong>PIR-toiminto:<\/strong> Viuhkamainen alue 130\u00b0 et\u00e4isyydell\u00e4 jopa 30 jalkaa.<\/li>\n<\/ul>\n<h2><strong>Usein kysytyt kysymykset<\/strong><\/h2>\n<p><strong>Miten t\u00e4m\u00e4 lintujen karkotin toimii?<\/strong><\/p>\n<p>T\u00e4m\u00e4 karkotin k\u00e4ytt\u00e4\u00e4 tallennettuja petolintujen, kuten haukkojen ja p\u00f6ll\u00f6jen \u00e4\u00e4ni\u00e4, sek\u00e4 petolintujen h\u00e4t\u00e4kutsuja. Kun \u00e4\u00e4net l\u00e4hetet\u00e4\u00e4n, ne luovat linnuille vaarallisen ymp\u00e4rist\u00f6n ja saavat ne lent\u00e4m\u00e4\u00e4n pois.<\/p>\n<p><strong>Millaisia lintuja laite pelottaa?<\/strong><\/p>\n<p>T\u00e4m\u00e4 lintukarkotin on tehokas monenlaisia lintuja vastaan, mukaan lukien varpuset, mustarastaat, kottaraiset ja muut yleiset tuholaislinnut.<\/p>\n<p><strong>Kuinka tehokkaita karkotteet ovat suurilla alueilla, kuten maatiloilla tai hedelm\u00e4tarhoilla?<\/strong><\/p>\n<p>Karkotteet voivat peitt\u00e4\u00e4 suuria alueita mallista riippuen. T\u00e4m\u00e4 \u00e4\u00e4nikarkote voi suojata jopa 1 hehtaarin (noin 4 400 neli\u00f6metrin) alueen, kun se on asetettu maksimi\u00e4\u00e4nenvoimakkuuteen ja AUTO-tilaan. Kuitenkin tehokkaammat <a href=\"https:\/\/birdbusters.eu\/fi\/tuote\/linnunpelotin-agro-pro-3ha\/\">AgriPro-audiopelottimet<\/a> tarjoavat tehokkaan suojan jopa 4 hehtaarin alueelle.<\/p>\n<p><strong>Voiko t\u00e4t\u00e4 \u00e4\u00e4nilintukarkotetta k\u00e4ytt\u00e4\u00e4 asuinalueilla vai h\u00e4iritsev\u00e4tk\u00f6 \u00e4\u00e4net naapureita?<\/strong><\/p>\n<p>T\u00e4ss\u00e4 lintukarkotteessa on s\u00e4\u00e4dett\u00e4v\u00e4t \u00e4\u00e4nenvoimakkuusasetukset. T\u00e4m\u00e4 ominaisuus varmistaa, ett\u00e4 laitetta voidaan k\u00e4ytt\u00e4\u00e4 asuinalueilla h\u00e4iritsem\u00e4tt\u00e4 naapureita.<\/p>\n<p>&nbsp;<\/p>\n","protected":false},"excerpt":{"rendered":"<p>Liiketunnistimella varustettu lintujen karkotin LS-2001 pelottaa varpusia, mustarastaita, kottaraisia ja muita tuholaislintuja maatiloiltasi, hedelm\u00e4tarhoiltasi, puutarhoiltasi, pihoiltasi ja terasseiltasi.<\/p>\n<p><strong>Mitat<\/strong>: 9 x 17 x 12 cm<\/p>\n<p><strong>Kattavuus<\/strong>: jopa 1 hehtaari (4 400 neli\u00f6metri\u00e4)<\/p>\n<p><strong>Valmistusmaa<\/strong>: Taiwan<\/p>\n","protected":false},"featured_media":7481,"template":"","meta":{"_themeisle_gutenberg_block_has_review":false,"rank_math_focus_keyword":"Lintujen karkotin","rank_math_title":"Lintujen karkotin liiketunnistimell\u00e4 | BIRD BUSTERS","rank_math_description":"","rank_math_canonical_url":"","rank_math_facebook_title":"","rank_math_facebook_description":"","rank_math_facebook_image":"","rank_math_twitter_title":"","rank_math_twitter_description":"","rank_math_twitter_image":"","rank_math_schema_FAQPage":[]},"product_brand":[],"product_cat":[276,52,241],"product_tag":[],"class_list":{"0":"post-7519","1":"product","2":"type-product","3":"status-publish","4":"has-post-thumbnail","6":"product_cat-kottaraisten-torjunta","7":"product_cat-lintukarkotin","8":"product_cat-puutarhan-lintujen-torjunta","10":"first","11":"instock","12":"taxable","13":"shipping-taxable","14":"purchasable","15":"product-type-simple"},"_links":{"self":[{"href":"https:\/\/birdbusters.eu\/fi\/wp-json\/wp\/v2\/product\/7519","targetHints":{"allow":["GET"]}}],"collection":[{"href":"https:\/\/birdbusters.eu\/fi\/wp-json\/wp\/v2\/product"}],"about":[{"href":"https:\/\/birdbusters.eu\/fi\/wp-json\/wp\/v2\/types\/product"}],"wp:featuredmedia":[{"embeddable":true,"href":"https:\/\/birdbusters.eu\/fi\/wp-json\/wp\/v2\/media\/7481"}],"wp:attachment":[{"href":"https:\/\/birdbusters.eu\/fi\/wp-json\/wp\/v2\/media?parent=7519"}],"wp:term":[{"taxonomy":"product_brand","embeddable":true,"href":"https:\/\/birdbusters.eu\/fi\/wp-json\/wp\/v2\/product_brand?post=7519"},{"taxonomy":"product_cat","embeddable":true,"href":"https:\/\/birdbusters.eu\/fi\/wp-json\/wp\/v2\/product_cat?post=7519"},{"taxonomy":"product_tag","embeddable":true,"href":"https:\/\/birdbusters.eu\/fi\/wp-json\/wp\/v2\/product_tag?post=7519"}],"curies":[{"name":"wp","href":"https:\/\/api.w.org\/{rel}","templated":true}]}}