{"id":7526,"date":"2021-12-05T17:18:43","date_gmt":"2021-12-05T16:18:43","guid":{"rendered":"https:\/\/birdbusters.eu\/product\/5-meter-eagle-kite\/"},"modified":"2025-12-15T11:17:59","modified_gmt":"2025-12-15T10:17:59","slug":"5-metrinen-kotkaleija","status":"publish","type":"product","link":"https:\/\/birdbusters.eu\/fi\/tuote\/5-metrinen-kotkaleija\/","title":{"rendered":"5-metrinen kotkaleija"},"content":{"rendered":"<p>Kyseess\u00e4 on <strong>kotkan muotoinen leija<\/strong>, joka pit\u00e4\u00e4 sek\u00e4 pienemm\u00e4t ett\u00e4 isommat linnut loitolla. Kotkaleija on valmistettu paksummasta materiaalista ja sen kaikki reunat on kantattu, jotta se kest\u00e4isi voimakasta tuulta. Siksi se sopii eritt\u00e4in hyvin kattojen suojaamiseen kyyhkysilt\u00e4, lokeilta ja variksilta.<\/p>\n<p>Suojeltavat alueet: katot, kent\u00e4t, kaatopaikat, puistot, puutarhat, hedelm\u00e4tarhat, marjaistutukset<\/p>\n<p>Miten toimii: 5 metrin pituisen lujan teleskooppivavan p\u00e4\u00e4ss\u00e4 oleva kotkan muotoinen linnunpelotin liikkuu tuulessa ja j\u00e4ljittelee kotkan leijailua saaliin yl\u00e4puolella.<\/p>\n<p><strong>Huomaa!<\/strong> Leijaa tulee k\u00e4yd\u00e4 ajoittain katsomassa, ettei se ole kiertynyt vavan ymp\u00e4ri. Jotta vapa pysyisi koossa, sen jokainen nivel tulee erikseen vet\u00e4\u00e4 esiin ja kiinnitt\u00e4\u00e4 vastakkaiseen suuntaan v\u00e4\u00e4nt\u00e4m\u00e4ll\u00e4.<\/p>\n<p>Settiin kuuluu vaaja, teleskooppivapa ja leija naruineen. Leijan kiinnitykseen kattorakenteeseen tarvitaan teippi\u00e4, vy\u00f6 tai haka.<\/p>\n<p>Englanninkielinen k\u00e4ytt\u00f6ohje <a href=\"https:\/\/birdbusters.eu\/wp-content\/uploads\/2019\/03\/BB-Manual-DEMO.pdf\">Bird kite manual<\/a><\/p>\n<p>HUOM! Ennen voimakkaita myrskyj\u00e4 tuote on suositeltavaa ottaa pois, ettei se vahingoittuisi.<\/p>\n","protected":false},"excerpt":{"rendered":"<p><strong>Lokit<\/strong> ja <strong>kyyhkyset<\/strong> voivat olla kaupunkitilassa suuri vitsaus. Lintujen pesint\u00e4- ja ruokailuj\u00e4\u00e4nteet tukkivat katoilla sadeveden poistokanavat, poikasiaan puolustavat linnut ovat ihmisille vaarallisia ja saaste vahingoittaa terveytt\u00e4 ja kiinteist\u00f6j\u00e4.<\/p>\n<p><strong><span style=\"color: #ff0000;\">HUOM! Tuote ei mahdu pakettiautomaattiin (Pickup Point). Valitse toimitustavaksi kuriiri (Courier Standard).<\/span><\/strong><\/p>\n","protected":false},"featured_media":13487,"template":"","meta":{"_themeisle_gutenberg_block_has_review":false},"product_brand":[],"product_cat":[53,50],"product_tag":[],"class_list":{"0":"post-7526","1":"product","2":"type-product","3":"status-publish","4":"has-post-thumbnail","6":"product_cat-leijapelattimet","7":"product_cat-linnunpelattimet","8":"product_shipping_class-kuller-pick-up-point-fi","10":"first","11":"instock","12":"sale","13":"taxable","14":"shipping-taxable","15":"purchasable","16":"product-type-simple"},"_links":{"self":[{"href":"https:\/\/birdbusters.eu\/fi\/wp-json\/wp\/v2\/product\/7526","targetHints":{"allow":["GET"]}}],"collection":[{"href":"https:\/\/birdbusters.eu\/fi\/wp-json\/wp\/v2\/product"}],"about":[{"href":"https:\/\/birdbusters.eu\/fi\/wp-json\/wp\/v2\/types\/product"}],"wp:featuredmedia":[{"embeddable":true,"href":"https:\/\/birdbusters.eu\/fi\/wp-json\/wp\/v2\/media\/13487"}],"wp:attachment":[{"href":"https:\/\/birdbusters.eu\/fi\/wp-json\/wp\/v2\/media?parent=7526"}],"wp:term":[{"taxonomy":"product_brand","embeddable":true,"href":"https:\/\/birdbusters.eu\/fi\/wp-json\/wp\/v2\/product_brand?post=7526"},{"taxonomy":"product_cat","embeddable":true,"href":"https:\/\/birdbusters.eu\/fi\/wp-json\/wp\/v2\/product_cat?post=7526"},{"taxonomy":"product_tag","embeddable":true,"href":"https:\/\/birdbusters.eu\/fi\/wp-json\/wp\/v2\/product_tag?post=7526"}],"curies":[{"name":"wp","href":"https:\/\/api.w.org\/{rel}","templated":true}]}}