{"id":7629,"date":"2021-05-13T12:09:36","date_gmt":"2021-05-13T10:09:36","guid":{"rendered":"https:\/\/birdbusters.eu\/product\/scare-man\/"},"modified":"2025-10-31T11:35:24","modified_gmt":"2025-10-31T10:35:24","slug":"nykyaikainen-linnunpelatti-scare-man","status":"publish","type":"product","link":"https:\/\/birdbusters.eu\/fi\/tuote\/nykyaikainen-linnunpelatti-scare-man\/","title":{"rendered":"Nykyaikainen linnunpel\u00e4tti Scare Man"},"content":{"rendered":"<p>\u00c4killinen liike, kun pel\u00e4tti puhalletaan t\u00e4yteen ilmaa, on yhdistetty ter\u00e4v\u00e4\u00e4n \u00e4\u00e4nisignaaliin ja lintuja pelottavaan v\u00e4riin ja varmistaa sen, ett\u00e4 linnut ja villiel\u00e4imet eiv\u00e4t uskalla tulla l\u00e4helle.<\/p>\n<p><iframe loading=\"lazy\" title=\"Birdbusters Scaryman\" width=\"500\" height=\"375\" src=\"https:\/\/www.youtube.com\/embed\/_nNeq3NaCdg?feature=oembed\" frameborder=\"0\" allow=\"accelerometer; autoplay; clipboard-write; encrypted-media; gyroscope; picture-in-picture; web-share\" referrerpolicy=\"strict-origin-when-cross-origin\" allowfullscreen><\/iframe><\/p>\n<p>On t\u00e4yteen puhallettuna 25 sekuntia; k\u00e4ytt\u00e4j\u00e4 voi m\u00e4\u00e4ritt\u00e4\u00e4 pel\u00e4tin toimintasyklin, tietyn intervallin tai sattumanvaraisen ilmestymisen.<\/p>\n<p>Aiheuttaa voimakkaan \u00e4\u00e4nen<\/p>\n<p>Oranssi v\u00e4ri pelottaa tehokkaasti<\/p>\n<p>Keho on kest\u00e4v\u00e4; pienen rei\u00e4n voi korjata tavallisella teipill\u00e4<\/p>\n<p>Pel\u00e4tti on 169 cm korkea<\/p>\n<p>Akun tyhjentymisen osoittaja<\/p>\n<p>Toimii 12 V akulla<\/p>\n<p>Akku ei seuraa tuotteen mukana<\/p>\n<p><strong>K\u00e4ytt\u00e4minen<\/strong>:<\/p>\n<ul>\n<li>vihannes- ja marjaviljelm\u00e4t avomaalla<\/li>\n<li>taimitarhat<\/li>\n<li>peltokasvit<\/li>\n<li>hedelm\u00e4viljelm\u00e4t<\/li>\n<li>kalalammet<\/li>\n<li>lentoasemat<\/li>\n<\/ul>\n<p><strong>Tehokas:<\/strong><\/p>\n<p>kyyhkysi\u00e4, hanhia, variksia, lokkeja, kottaraisia, j\u00e4niksi\u00e4 ja kauriita vastaan.<\/p>\n<p><strong>Neuvoja k\u00e4ytt\u00e4jille:<\/strong><\/p>\n<p>Pel\u00e4ttimen tulee aina olla satoanne korkeammalla.<\/p>\n<p>Muuta pel\u00e4tin paikkaa ja ilmestymisen intervallia s\u00e4\u00e4nn\u00f6llisesti.<\/p>\n<p>Ihanteellisen tuloksen saavuttamiseksi voi k\u00e4ytt\u00e4\u00e4 yhdess\u00e4 muiden pelottimien kanssa<\/p>\n<p><strong>Tekniset tiedot:<\/strong><\/p>\n<p>Vaikutusalue: 1-2 ha<\/p>\n<p>Asennusaika: 3 minuuttia<\/p>\n<p>Pelotus liikkeell\u00e4 ja sireenill\u00e4<\/p>\n<p>Mitat: 169 x 37 x 32,5 cm<\/p>\n<p>Paino: 5,5 kg<\/p>\n<p>Materiaali: muovi ja elektroniikka<\/p>\n<p>Pakkauksen koko: 44 x 39 x 34 cm<\/p>\n","protected":false},"excerpt":{"rendered":"<h3><strong>Elektronisesti ohjattava ainutlaatuinen lintujen pelotin!<\/strong><\/h3>\n<p class=\"p1\">Linnunpel\u00e4tti on nykyaikainen ihmisen kokoinen puhallettava linnunpelotin, joka \u00e4killisell\u00e4 ilmestymisell\u00e4\u00e4n pit\u00e4\u00e4 linnut ja villiel\u00e4imet kiinteist\u00f6lt\u00e4si loitolla.<\/p>\n","protected":false},"featured_media":7630,"template":"","meta":{"_themeisle_gutenberg_block_has_review":false},"product_brand":[],"product_cat":[165,56],"product_tag":[],"class_list":{"0":"post-7629","1":"product","2":"type-product","3":"status-publish","4":"has-post-thumbnail","6":"product_cat-elainkarkottimet","7":"product_cat-lintukarkottimet","9":"first","10":"onbackorder","11":"taxable","12":"shipping-taxable","13":"purchasable","14":"product-type-simple"},"_links":{"self":[{"href":"https:\/\/birdbusters.eu\/fi\/wp-json\/wp\/v2\/product\/7629","targetHints":{"allow":["GET"]}}],"collection":[{"href":"https:\/\/birdbusters.eu\/fi\/wp-json\/wp\/v2\/product"}],"about":[{"href":"https:\/\/birdbusters.eu\/fi\/wp-json\/wp\/v2\/types\/product"}],"wp:featuredmedia":[{"embeddable":true,"href":"https:\/\/birdbusters.eu\/fi\/wp-json\/wp\/v2\/media\/7630"}],"wp:attachment":[{"href":"https:\/\/birdbusters.eu\/fi\/wp-json\/wp\/v2\/media?parent=7629"}],"wp:term":[{"taxonomy":"product_brand","embeddable":true,"href":"https:\/\/birdbusters.eu\/fi\/wp-json\/wp\/v2\/product_brand?post=7629"},{"taxonomy":"product_cat","embeddable":true,"href":"https:\/\/birdbusters.eu\/fi\/wp-json\/wp\/v2\/product_cat?post=7629"},{"taxonomy":"product_tag","embeddable":true,"href":"https:\/\/birdbusters.eu\/fi\/wp-json\/wp\/v2\/product_tag?post=7629"}],"curies":[{"name":"wp","href":"https:\/\/api.w.org\/{rel}","templated":true}]}}