{"id":7635,"date":"2021-02-25T17:49:54","date_gmt":"2021-02-25T16:49:54","guid":{"rendered":"https:\/\/birdbusters.eu\/product\/telescopic-rod-7m\/"},"modified":"2025-10-31T11:35:38","modified_gmt":"2025-10-31T10:35:38","slug":"teleskooppivapa-7-m","status":"publish","type":"product","link":"https:\/\/birdbusters.eu\/fi\/tuote\/teleskooppivapa-7-m\/","title":{"rendered":"7-metrinen Teleskooppivapa"},"content":{"rendered":"<p>7-metrinen teleskooppivapa. Sopii <a href=\"https:\/\/birdbusters.eu\/fi\/tuote\/lentava-kotka-leija\/\">kotka<u>n<\/u><\/a>&#8211; ja <a href=\"https:\/\/birdbusters.eu\/fi\/tuote\/lentava-haukka-leija-ei-vapaa\/\">haukanmuotoisille<\/a> linnunpelottimille lentokorkeuden antamiseen. Samoin voi k\u00e4ytt\u00e4\u00e4 <a href=\"https:\/\/birdbusters.eu\/fi\/tuote\/linnunpelatinpallo-2\/\">linnunpelotuspallon<\/a> asentamiseen.<\/p>\n","protected":false},"excerpt":{"rendered":"<p>Ahnaiden lintujen kypsyvist\u00e4 hedelmist\u00e4 loitolla pit\u00e4miseksi tulee niiden luonnollisia vihollisia muistuttavien linnunpelottimien olla oikealla korkeudella.<\/p>\n<p><strong><span style=\"color: #ff0000;\">HUOM! Tuote ei mahdu pakettiautomaattiin (Pickup Point). Valitse toimitustavaksi kuriiri (Courier Standard).<\/span><\/strong><\/p>\n","protected":false},"featured_media":7636,"template":"","meta":{"_themeisle_gutenberg_block_has_review":false},"product_brand":[],"product_cat":[53,56],"product_tag":[],"class_list":{"0":"post-7635","1":"product","2":"type-product","3":"status-publish","4":"has-post-thumbnail","6":"product_cat-leijapelattimet","7":"product_cat-lintukarkottimet","8":"product_shipping_class-kuller-pick-up-point-fi","10":"first","11":"instock","12":"taxable","13":"shipping-taxable","14":"purchasable","15":"product-type-simple"},"_links":{"self":[{"href":"https:\/\/birdbusters.eu\/fi\/wp-json\/wp\/v2\/product\/7635","targetHints":{"allow":["GET"]}}],"collection":[{"href":"https:\/\/birdbusters.eu\/fi\/wp-json\/wp\/v2\/product"}],"about":[{"href":"https:\/\/birdbusters.eu\/fi\/wp-json\/wp\/v2\/types\/product"}],"wp:featuredmedia":[{"embeddable":true,"href":"https:\/\/birdbusters.eu\/fi\/wp-json\/wp\/v2\/media\/7636"}],"wp:attachment":[{"href":"https:\/\/birdbusters.eu\/fi\/wp-json\/wp\/v2\/media?parent=7635"}],"wp:term":[{"taxonomy":"product_brand","embeddable":true,"href":"https:\/\/birdbusters.eu\/fi\/wp-json\/wp\/v2\/product_brand?post=7635"},{"taxonomy":"product_cat","embeddable":true,"href":"https:\/\/birdbusters.eu\/fi\/wp-json\/wp\/v2\/product_cat?post=7635"},{"taxonomy":"product_tag","embeddable":true,"href":"https:\/\/birdbusters.eu\/fi\/wp-json\/wp\/v2\/product_tag?post=7635"}],"curies":[{"name":"wp","href":"https:\/\/api.w.org\/{rel}","templated":true}]}}