{"id":7638,"date":"2021-02-25T17:32:48","date_gmt":"2021-02-25T16:32:48","guid":{"rendered":"https:\/\/birdbusters.eu\/product\/eagle-shaped-bird-repellent-with-a-solar-battery-and-sound\/"},"modified":"2025-10-31T11:30:35","modified_gmt":"2025-10-31T10:30:35","slug":"kotka-hahmo-varustettu-aurinkokennolla-ja-aanella","status":"publish","type":"product","link":"https:\/\/birdbusters.eu\/fi\/tuote\/kotka-hahmo-varustettu-aurinkokennolla-ja-aanella\/","title":{"rendered":"Kotka-hahmo, varustettu aurinkokennolla ja \u00e4\u00e4nell\u00e4"},"content":{"rendered":"<p>Kotka-hahmo on varustettu py\u00f6riv\u00e4ll\u00e4 laakerilla, joka mahdollistaa hahmon k\u00e4\u00e4nty\u00e4 helposti tuulessa. Kun \u00e4\u00e4nentuoton kytkin on kytketty p\u00e4\u00e4lle, kotka tuottaa ep\u00e4s\u00e4\u00e4nn\u00f6llisin intervallein erilaisia \u00e4\u00e4ni\u00e4: haukan, kotkan, p\u00f6ll\u00f6n ja variksen \u00e4\u00e4ni\u00e4. Ilman \u00e4\u00e4nenvoimakkuuden s\u00e4\u00e4t\u00f6\u00e4. Takapuolella oleva aurinkokenno huolehtii siit\u00e4, ett\u00e4 akku on ladattuna. Siivekk\u00e4\u00e4ll\u00e4 kotkalla on my\u00f6s valotunnistin, joka takaa sen, ett\u00e4 kotka ei aiheuta pime\u00e4ll\u00e4 mink\u00e4\u00e4nlaista melua.<\/p>\n<p>Suojeltavat alueet: parvekkeet, puutarhat, terassit, vihannestarhat, rakennukset, veneet, pellot<\/p>\n<p>Asentaminen: Siivet tulee painaa niille varattuihin loviin ja kiinnitt\u00e4\u00e4 mukana olevilla ruuveilla. Kiinnit\u00e4 kotka kannattimella sein\u00e4lle tai tolppaan. Huolehdi siit\u00e4, ett\u00e4 hahmolla on riitt\u00e4v\u00e4sti tilaa py\u00f6ri\u00e4. Pane akku akkupes\u00e4\u00e4n. Ved\u00e4 kytkimest\u00e4, niin siivek\u00e4s kotka alkaa aiheuttaa ep\u00e4s\u00e4\u00e4nn\u00f6llisin intervallein erilaisia \u00e4\u00e4ni\u00e4.<\/p>\n<p>Saavutettava vaikutus: ei-toivottujen lintujen pelottaminen ja \u00e4\u00e4nell\u00e4 ja visuaalisella vaikutuksella<\/p>\n<p>Mitat: 43 x 35 x 19 cm<\/p>\n<p>Pakkauksen mitat 51 x 19 x 19 cm<\/p>\n","protected":false},"excerpt":{"rendered":"<p>Aurinkokennolla ja akulla varustettu tuulessa py\u00f6riv\u00e4 kotka-hahmo tuottaa petolintujen ja varisten metel\u00f6inti\u00e4. Eritt\u00e4in sopiva ei-toivottujen lintujen torjumiseen terassilta, puutarhasta, pelloilta ja rakennuksista.<\/p>\n<p>https:\/\/youtu.be\/Whn31p5u3q8<\/p>\n","protected":false},"featured_media":7642,"template":"","meta":{"_themeisle_gutenberg_block_has_review":false,"rank_math_focus_keyword":"","rank_math_title":"","rank_math_description":"","rank_math_canonical_url":"","rank_math_facebook_title":"","rank_math_facebook_description":"","rank_math_facebook_image":"","rank_math_twitter_title":"","rank_math_twitter_description":"","rank_math_twitter_image":"","rank_math_schema_FAQPage":[]},"product_brand":[],"product_cat":[276,273,52,56,241,51],"product_tag":[],"class_list":{"0":"post-7638","1":"product","2":"type-product","3":"status-publish","4":"has-post-thumbnail","6":"product_cat-kottaraisten-torjunta","7":"product_cat-kyyhkysten-torjunta","8":"product_cat-lintukarkotin","9":"product_cat-lintukarkottimet","10":"product_cat-puutarhan-lintujen-torjunta","11":"product_cat-visuaaliset-linnunpelattimet","13":"first","14":"outofstock","15":"taxable","16":"shipping-taxable","17":"purchasable","18":"product-type-simple"},"_links":{"self":[{"href":"https:\/\/birdbusters.eu\/fi\/wp-json\/wp\/v2\/product\/7638","targetHints":{"allow":["GET"]}}],"collection":[{"href":"https:\/\/birdbusters.eu\/fi\/wp-json\/wp\/v2\/product"}],"about":[{"href":"https:\/\/birdbusters.eu\/fi\/wp-json\/wp\/v2\/types\/product"}],"wp:featuredmedia":[{"embeddable":true,"href":"https:\/\/birdbusters.eu\/fi\/wp-json\/wp\/v2\/media\/7642"}],"wp:attachment":[{"href":"https:\/\/birdbusters.eu\/fi\/wp-json\/wp\/v2\/media?parent=7638"}],"wp:term":[{"taxonomy":"product_brand","embeddable":true,"href":"https:\/\/birdbusters.eu\/fi\/wp-json\/wp\/v2\/product_brand?post=7638"},{"taxonomy":"product_cat","embeddable":true,"href":"https:\/\/birdbusters.eu\/fi\/wp-json\/wp\/v2\/product_cat?post=7638"},{"taxonomy":"product_tag","embeddable":true,"href":"https:\/\/birdbusters.eu\/fi\/wp-json\/wp\/v2\/product_tag?post=7638"}],"curies":[{"name":"wp","href":"https:\/\/api.w.org\/{rel}","templated":true}]}}