{"id":7645,"date":"2021-02-19T14:36:55","date_gmt":"2021-02-19T13:36:55","guid":{"rendered":"https:\/\/birdbusters.eu\/product\/ultrasonic-repellent-with-motion-sensor\/"},"modified":"2026-03-18T07:07:36","modified_gmt":"2026-03-18T06:07:36","slug":"liiketunnistimella-varustettu-ultraaanipelotin","status":"publish","type":"product","link":"https:\/\/birdbusters.eu\/fi\/tuote\/liiketunnistimella-varustettu-ultraaanipelotin\/","title":{"rendered":"Ultra\u00e4\u00e4nikarkotin liiketunnistimella"},"content":{"rendered":"<h2><strong>Ultra\u00e4\u00e4nikarkotin puutarhoille ja parvekkeille<\/strong><\/h2>\n<p>Garden Guard 580 -ultra\u00e4\u00e4nikarkotin on korkealaatuinen laite, joka on suunniteltu pit\u00e4m\u00e4\u00e4n ei-toivotut el\u00e4imet ja linnut loitolla ulkotiloistasi. Se tarjoaa ymp\u00e4rist\u00f6yst\u00e4v\u00e4llisen ja inhimillisen ratkaisun puutarhan, terassin tai lammen suojelemiseksi tuholaisilta.<\/p>\n<h3><strong>T\u00e4rkeimm\u00e4t ominaisuudet:<\/strong><\/h3>\n<p>Laite tarjoaa kolme monipuolista toimintatilaa:<\/p>\n<ol>\n<li><strong>Vain ultra\u00e4\u00e4ni:<\/strong> T\u00e4m\u00e4 asetus on t\u00e4ydellinen el\u00e4inten ja jyrsij\u00f6iden hiljaiseen karkottamiseen. Laite l\u00e4hett\u00e4\u00e4 ultra\u00e4\u00e4nitaajuuksia 15\u201327 kHz, jotka \u00e4rsytt\u00e4v\u00e4t monia el\u00e4imi\u00e4 ja tiettyj\u00e4 lintulajeja. \u00c4\u00e4net eiv\u00e4t ole ihmisten kuultavissa, joten se sopii hyvin alueille, joissa haluat minimoida h\u00e4iri\u00f6t.<\/li>\n<li><strong>Ultra\u00e4\u00e4ni ja vilkkuvat valot:<\/strong> T\u00e4ss\u00e4 tilassa ultra\u00e4\u00e4nitehoon lis\u00e4t\u00e4\u00e4n kirkkaat valonv\u00e4l\u00e4hdykset, mik\u00e4 tekee siit\u00e4 erityisen tehokkaan y\u00f6ll\u00e4 ja h\u00e4m\u00e4r\u00e4ss\u00e4.<\/li>\n<li><strong>Ultra\u00e4\u00e4ni, vilkkuvat valot ja \u00e4\u00e4nih\u00e4lytys:<\/strong> T\u00e4h\u00e4n tilaan kuuluu my\u00f6s voimakas \u00e4\u00e4nih\u00e4lytys, joka voi saavuttaa jopa <strong>100 dB<\/strong> \u00e4\u00e4nenvoimakkuuden. Yhdistettyn\u00e4 valonv\u00e4l\u00e4hdyksiin ja ultra\u00e4\u00e4niin se luo moniaistisen pelotteen erityisesti pysyv\u00e4mmille tunkeilijoille tai suuremmille alueille.<\/li>\n<\/ol>\n<p>Asetuksia voi helposti s\u00e4\u00e4t\u00e4\u00e4 laitteen painikkeilla tilanteen ja tarpeiden mukaan.<\/p>\n<p>Ultra\u00e4\u00e4nikarkotin on varustettu liiketunnistimella, joka skannaa jopa 10 metrin s\u00e4teell\u00e4. Kun liikett\u00e4 havaitaan, laite aktivoituu automaattisesti.<\/p>\n<h3><strong>Ladattavat akut<\/strong><\/h3>\n<p>Garden Guard 580 -pelotin on suunniteltu helppok\u00e4ytt\u00f6iseksi ja kest\u00e4v\u00e4ksi. Sen sis\u00e4\u00e4nrakennettu aurinkopaneeli lataa kolmea ladattavaa AA-akkua, mik\u00e4 takaa jatkuvan toiminnan. Sijoittamalla aurinkopaneelin suoraan auringonpaisteeseen, akut pysyv\u00e4t optimaalisella lataustasolla. Pilvisin\u00e4 p\u00e4ivin\u00e4 tai alueilla, joilla auringonvaloa ei ole riitt\u00e4v\u00e4sti, akut voidaan ladata my\u00f6s ulkoisella laturilla (ei sis\u00e4lly pakkaukseen).<\/p>\n<h3><strong>Kest\u00e4v\u00e4 ulkomuotoilu<\/strong><\/h3>\n<p>Ultra\u00e4\u00e4nikarkotin on rakennettu kest\u00e4m\u00e4\u00e4n vaihtelevia s\u00e4\u00e4olosuhteita. S\u00e4\u00e4nkest\u00e4v\u00e4 kotelo suojaa laitetta kuumuudelta ja kevyelt\u00e4 sateelta. Pitk\u00e4ik\u00e4isyyden varmistamiseksi on kuitenkin suositeltavaa tuoda laite sis\u00e4tiloihin vaikeiden s\u00e4\u00e4olosuhteiden, kuten rankkojen myrskyjen tai pitkittyneiden pakkasten, aikana. T\u00e4m\u00e4 takaa, ett\u00e4 laite pysyy huippukunnossa pidemp\u00e4\u00e4n.<\/p>\n<p>T\u00e4t\u00e4 tuotetta voidaan k\u00e4ytt\u00e4\u00e4 lintujen karkottamiseen parvekkeilta, terasseilta, pienist\u00e4 puutarhoista, lammista, vihannestiloista, veneist\u00e4, niityilt\u00e4 ja katoilta.<\/p>\n<h2><strong>Usein kysytyt kysymykset<\/strong><\/h2>\n<p><strong>Kuinka ultra\u00e4\u00e4nikarkotin toimii?<\/strong><\/p>\n<p>Garden Guard 580 -ultra\u00e4\u00e4nikarkotin k\u00e4ytt\u00e4\u00e4 sis\u00e4\u00e4nrakennettua liiketunnistinta havaitakseen liikett\u00e4 10 metrin s\u00e4teell\u00e4. Kun laite aktivoituu, se l\u00e4hett\u00e4\u00e4 ultra\u00e4\u00e4niaaltoja, jotka voivat toimia yhdess\u00e4 vilkkuvien valojen tai h\u00e4lytyksen kanssa karkottaakseen ei-toivottuja el\u00e4imi\u00e4 ja lintuja.<\/p>\n<p><strong>Mit\u00e4 tuholaisia laite karkottaa?<\/strong><\/p>\n<p>Laite karkottaa tehokkaasti monenlaisia tuholaisia, kuten lintuja (esimerkiksi lokkeja ja hanhia), jyrsij\u00f6it\u00e4 (kuten hiiri\u00e4 ja rottia) sek\u00e4 suurempia el\u00e4imi\u00e4 (kuten kettuja ja villisikoja).<\/p>\n<p><strong>Onko ultra\u00e4\u00e4ni haitallista lemmikkiel\u00e4imille tai ihmisille?<\/strong><\/p>\n<p>Ei, laitteen tuottama ultra\u00e4\u00e4ni ei ole ihmiskorville kuultavaa ja on t\u00e4ysin turvallista lemmikkiel\u00e4imille. Se luo yksinkertaisesti ep\u00e4miellytt\u00e4v\u00e4n ymp\u00e4rist\u00f6n el\u00e4imille, mik\u00e4 rohkaisee niit\u00e4 poistumaan alueelta.<\/p>\n<p><strong>Toimivatko ultra\u00e4\u00e4nikarkottimet lintuihin?<\/strong><\/p>\n<p>Ultra\u00e4\u00e4nipelotteilla voi olla rajallinen teho lintuihin, sill\u00e4 useimmat linnut eiv\u00e4t kuule ultra\u00e4\u00e4nitaajuuksia yht\u00e4 hyvin kuin nis\u00e4kk\u00e4\u00e4t. Vaikka jotkut linnut saattavat havaita matalampia ultra\u00e4\u00e4nitaajuuksia, kattavan lintujen hallinnan kannalta on tehokkaampaa yhdist\u00e4\u00e4 ultra\u00e4\u00e4ni muihin pelotteisiin, kuten \u00e4\u00e4ni- tai <a href=\"https:\/\/birdbusters.eu\/fi\/Category\/linnunpelattimet\/visuaaliset-linnunpelattimet\/\">visuaalisiin pelotteisiin<\/a>.<\/p>\n","protected":false},"excerpt":{"rendered":"<p>Garden Guard 580 -ultra\u00e4\u00e4nikarkotin liiketunnistimella pit\u00e4\u00e4 ei-toivotut el\u00e4imet ja linnut loitolla puutarhastasi ja terassiltasi.<\/p>\n<p><strong>Mitat<\/strong>: 14,5 x 12,5 x 10 cm<\/p>\n<p><strong>Paino<\/strong>: 380 g<\/p>\n","protected":false},"featured_media":7646,"template":"","meta":{"_themeisle_gutenberg_block_has_review":false},"product_brand":[],"product_cat":[165,52,50],"product_tag":[],"class_list":{"0":"post-7645","1":"product","2":"type-product","3":"status-publish","4":"has-post-thumbnail","6":"product_cat-elainkarkottimet","7":"product_cat-lintukarkotin","8":"product_cat-linnunpelattimet","10":"first","11":"instock","12":"taxable","13":"shipping-taxable","14":"purchasable","15":"product-type-simple"},"_links":{"self":[{"href":"https:\/\/birdbusters.eu\/fi\/wp-json\/wp\/v2\/product\/7645","targetHints":{"allow":["GET"]}}],"collection":[{"href":"https:\/\/birdbusters.eu\/fi\/wp-json\/wp\/v2\/product"}],"about":[{"href":"https:\/\/birdbusters.eu\/fi\/wp-json\/wp\/v2\/types\/product"}],"wp:featuredmedia":[{"embeddable":true,"href":"https:\/\/birdbusters.eu\/fi\/wp-json\/wp\/v2\/media\/7646"}],"wp:attachment":[{"href":"https:\/\/birdbusters.eu\/fi\/wp-json\/wp\/v2\/media?parent=7645"}],"wp:term":[{"taxonomy":"product_brand","embeddable":true,"href":"https:\/\/birdbusters.eu\/fi\/wp-json\/wp\/v2\/product_brand?post=7645"},{"taxonomy":"product_cat","embeddable":true,"href":"https:\/\/birdbusters.eu\/fi\/wp-json\/wp\/v2\/product_cat?post=7645"},{"taxonomy":"product_tag","embeddable":true,"href":"https:\/\/birdbusters.eu\/fi\/wp-json\/wp\/v2\/product_tag?post=7645"}],"curies":[{"name":"wp","href":"https:\/\/api.w.org\/{rel}","templated":true}]}}