{"id":7659,"date":"2019-09-21T17:50:39","date_gmt":"2019-09-21T15:50:39","guid":{"rendered":"https:\/\/birdbusters.eu\/product\/agro-bird-repellent-mini\/"},"modified":"2024-04-26T21:45:40","modified_gmt":"2024-04-26T19:45:40","slug":"linnunpelotin-agro-pro-mini","status":"publish","type":"product","link":"https:\/\/birdbusters.eu\/fi\/tuote\/linnunpelotin-agro-pro-mini\/","title":{"rendered":"AgriPro Mini Audio -lintupelotin"},"content":{"rendered":"<div class=\"page\" title=\"Page 1\">\n<div class=\"section\">\n<div class=\"layoutArea\">\n<div class=\"column\">\n<h3>Mini AgriPro linnunkarkotin<\/h3>\n<p>Akustinen AgriPro linnunkarkotin on varustettu muistikortilla, jossa on 50 erilaista pelotussignaalia. N\u00e4it\u00e4 signaaleja ovat lintujen h\u00e4t\u00e4kutsut ja petolintujen huudot, jotka ilmoittavat vaarasta ja saavat linnut pakenemaan.<\/p>\n<p>Laite suojaa jopa 5000 m2 aluetta.<\/p>\n<p>Pelkk\u00e4 \u00e4\u00e4nen voimakkuus yksin ei tee laitteesta tehokasta, vaan my\u00f6skin \u00e4\u00e4nivalikoima, joka luo linnuille ep\u00e4tavallisen ja h\u00e4mment\u00e4v\u00e4n ymp\u00e4rist\u00f6n. On my\u00f6s mahdollista ohjelmoida kaksi k\u00e4ytt\u00f6jaksoa. T\u00e4m\u00e4 rajoittaa laitteen meluvaikutusta ymp\u00e4r\u00f6iv\u00e4lle alueelle l\u00e4hett\u00e4m\u00e4ll\u00e4 l\u00e4hetyksi\u00e4 vain lintujen ruokkiessa: aamulla ja p\u00e4iv\u00e4n p\u00e4\u00e4tteeksi.<\/p>\n<p>AgriPro Mini akustinen linnunkarkotin koostuu vedenpit\u00e4v\u00e4st\u00e4 kotelosta ja ruostumattomasta ter\u00e4srungosta. S\u00e4\u00e4 ei vaikuta elektroniikkamoduulin toimintaan.<\/p>\n<p>T\u00e4m\u00e4 lintujen karkotusaine sis\u00e4lt\u00e4\u00e4:<\/p>\n<ul>\n<li>Muistikortti, jossa on yli 50 eri signaalia<\/li>\n<li>Integroitu ohjelmointitoiminto (\u00e4\u00e4nenvoimakkuus, aikav\u00e4li, aikav\u00e4li, l\u00e4hetetyt signaalit)<\/li>\n<li>Kokoamis- ja k\u00e4ytt\u00f6ohje.<\/li>\n<\/ul>\n<p>S\u00e4\u00e4nkest\u00e4v\u00e4 laite soveltuu ulkok\u00e4ytt\u00f6\u00f6n ja sit\u00e4 voidaan k\u00e4ytt\u00e4\u00e4 useissa eri paikoissa. Lintujen karkotteen mahdollisia k\u00e4ytt\u00f6kohteita ovat puutarhat ja varastot.<\/p>\n<p>Laite tehoaa <strong>korppeihin, variksiin, takkaisiin, mets\u00e4kyyhkysiin, lokkeihin, kottaraisiin ja moniin muihin lintuihin<\/strong>. Valitsemasi \u00e4\u00e4net perustuvat lintulajeihin, jotka haluat pit\u00e4\u00e4 loitolla.<\/p>\n<p><a href=\"https:\/\/birdbusters.eu\/wp-content\/uploads\/2022\/06\/NoticeUtilisationBT9M_002_EN.pdf\">Manual<\/a><\/p>\n<\/div>\n<\/div>\n<\/div>\n<\/div>\n","protected":false},"excerpt":{"rendered":"<p>AgriPro Mini audiolintupelotin\u00a0 on ymp\u00e4rist\u00f6yst\u00e4v\u00e4llinen ja tehokas tapa lintujen torjuntaan. Laite on suunniteltu erityisesti suojaamaan pienempi\u00e4 ulkoalueita tai sis\u00e4k\u00e4ytt\u00f6\u00f6n.<\/p>\n<p><strong>Mitat<\/strong>: 43 x 14 x 14 cm<\/p>\n<p><strong>Paino<\/strong>: 2kg<\/p>\n<p>https:\/\/youtu.be\/xxkk2m9rcUE<\/p>\n<p>&nbsp;<\/p>\n","protected":false},"featured_media":8748,"template":"","meta":{"_themeisle_gutenberg_block_has_review":false,"rank_math_focus_keyword":"AgriPro linnunkarkotin","rank_math_title":"Tehokas AgriPro linnunkarkotin | BIRD BUSTERS","rank_math_description":"AgriPro linnunkarkotin on ymp\u00e4rist\u00f6yst\u00e4v\u00e4llinen ja tehokas tapa lintujen torjuntaan. Lue lis\u00e4\u00e4 ja osta nyt!","rank_math_canonical_url":"","rank_math_facebook_title":"","rank_math_facebook_description":"","rank_math_facebook_image":"","rank_math_twitter_title":"","rank_math_twitter_description":"","rank_math_twitter_image":"","rank_math_schema_FAQPage":[]},"product_brand":[],"product_cat":[276,52,50,241,246],"product_tag":[],"class_list":{"0":"post-7659","1":"product","2":"type-product","3":"status-publish","4":"has-post-thumbnail","6":"product_cat-kottaraisten-torjunta","7":"product_cat-lintukarkotin","8":"product_cat-linnunpelattimet","9":"product_cat-puutarhan-lintujen-torjunta","10":"product_cat-viljelmien-ja-hedelmatarhojen-lintusuojaus","12":"first","13":"onbackorder","14":"taxable","15":"shipping-taxable","16":"purchasable","17":"product-type-simple"},"_links":{"self":[{"href":"https:\/\/birdbusters.eu\/fi\/wp-json\/wp\/v2\/product\/7659","targetHints":{"allow":["GET"]}}],"collection":[{"href":"https:\/\/birdbusters.eu\/fi\/wp-json\/wp\/v2\/product"}],"about":[{"href":"https:\/\/birdbusters.eu\/fi\/wp-json\/wp\/v2\/types\/product"}],"wp:featuredmedia":[{"embeddable":true,"href":"https:\/\/birdbusters.eu\/fi\/wp-json\/wp\/v2\/media\/8748"}],"wp:attachment":[{"href":"https:\/\/birdbusters.eu\/fi\/wp-json\/wp\/v2\/media?parent=7659"}],"wp:term":[{"taxonomy":"product_brand","embeddable":true,"href":"https:\/\/birdbusters.eu\/fi\/wp-json\/wp\/v2\/product_brand?post=7659"},{"taxonomy":"product_cat","embeddable":true,"href":"https:\/\/birdbusters.eu\/fi\/wp-json\/wp\/v2\/product_cat?post=7659"},{"taxonomy":"product_tag","embeddable":true,"href":"https:\/\/birdbusters.eu\/fi\/wp-json\/wp\/v2\/product_tag?post=7659"}],"curies":[{"name":"wp","href":"https:\/\/api.w.org\/{rel}","templated":true}]}}