{"id":7663,"date":"2020-11-09T10:43:30","date_gmt":"2020-11-09T09:43:30","guid":{"rendered":"https:\/\/birdbusters.eu\/product\/agro-bird-repellent-3ha\/"},"modified":"2023-03-02T00:49:11","modified_gmt":"2023-03-01T23:49:11","slug":"linnunpelotin-agro-pro-3ha","status":"publish","type":"product","link":"https:\/\/birdbusters.eu\/fi\/tuote\/linnunpelotin-agro-pro-3ha\/","title":{"rendered":"Linnunpelotin Agro Pro 3Ha"},"content":{"rendered":"<p>Agro Pro -linnunpelotinta voi k\u00e4ytt\u00e4\u00e4 monilla alueilla: pelloilla, navetoissa ja talleissa, kaupungin keskustoissa, pienasuintaloissa tai teollisuusalueilla. Laite sopii ihanteellisesti lintujen karkottamiseen sek\u00e4 sis\u00e4- ett\u00e4 ulko-olosuhteissa.<\/p>\n<p>Suojaa tehokkaasti jopa 3 hehtaarin alaa. Akun kesto jopa 3 viikkoa. T\u00e4ysin ohjelmoitava. Jokaisen akustisen intervallin v\u00e4liss\u00e4 on 20 minuutin tauko. Tallennettuna on yli 150 erilaista karkotussignaalia ja \u00e4\u00e4ntely\u00e4, jotka on j\u00e4rjestetty 7 eri ryhm\u00e4\u00e4n. Mukana on laturi. Sis\u00e4lt\u00e4\u00e4 akun.<\/p>\n<p>Edut:<\/p>\n<p>Helppo k\u00e4ytt\u00e4\u00e4 ja helposti sijoitettava<\/p>\n<p>Vesitiivis runko ja integroitu, kokoon taitettava alusta<\/p>\n<p>K\u00e4ytett\u00e4viss\u00e4 kaikissa s\u00e4\u00e4olosuhteissa<\/p>\n<p>Peruspiirteet:<\/p>\n<p>Suojaa tehokkaasti jopa 3 hehtaaria<\/p>\n<p>Akun kapasiteetti: 3 viikkoa *<\/p>\n<p>T\u00e4ydellisesti ohjelmoitava:<\/p>\n<p>o tuottaa valitsemiasi signaaleja<\/p>\n<p>o l\u00e4hetysintervallien valinta<\/p>\n<p>o ohjelman alku- ja pys\u00e4ytysaika<\/p>\n<p>o akustisen l\u00e4hetyksen s\u00e4\u00e4dett\u00e4v\u00e4 m\u00e4\u00e4r\u00e4<\/p>\n<p>* 20 minuutin tauko jokaisen akustisen l\u00e4hetyksen v\u00e4lill\u00e4<\/p>\n<p>Linnunpelotin sis\u00e4lt\u00e4\u00e4:<\/p>\n<p>Kaiutin torjuvien \u00e4\u00e4nten hajauttamiseen<\/p>\n<p>Irrotettava metallinen kokoon taitettava alusta<\/p>\n<p>IP55 elektroninen laite, johon kuuluu:<\/p>\n<p>o ladattava 12 V 7,2 AH akku<\/p>\n<p>o elektroninen moduuli yhdess\u00e4 n\u00e4yt\u00f6n ja n\u00e4pp\u00e4imist\u00f6n kanssa<\/p>\n<p>o muistikortti, jossa on torjuvia akustisia signaaleita<\/p>\n<p>Asennus- ja k\u00e4ytt\u00f6ohje<\/p>\n<p>Jokainen AviTrac\u00ae toimitetaan vakiona yhdess\u00e4 akkulaturin kanssa (100\u2013240 VAC 50 \/ 60Hz) **.<\/p>\n<p>** Huomaa, ett\u00e4 laturi itse ei ole vedenpit\u00e4v\u00e4.<\/p>\n<div class=\"page\" title=\"Page 1\">\n<div class=\"section\">\n<div class=\"layoutArea\">\n<div class=\"column\">\n<p><a href=\"https:\/\/birdbusters.eu\/wp-content\/uploads\/2022\/06\/NoticeUtilisationAVT_B_EN.pdf\">K\u00e4ytt\u00f6ohje<\/a><\/p>\n<p><iframe loading=\"lazy\" title=\"Efficacit\u00e9 de l&#039;effaroucheur AviTrac\u00ae AVT18M sur un dortoir de corbeaux\" width=\"500\" height=\"281\" src=\"https:\/\/www.youtube.com\/embed\/1igkzc2yDdc?feature=oembed\" frameborder=\"0\" allow=\"accelerometer; autoplay; clipboard-write; encrypted-media; gyroscope; picture-in-picture; web-share\" referrerpolicy=\"strict-origin-when-cross-origin\" allowfullscreen><\/iframe><\/p>\n<\/div>\n<\/div>\n<\/div>\n<\/div>\n","protected":false},"excerpt":{"rendered":"<p>Agro Pro l\u00e4hett\u00e4\u00e4 lintujen h\u00e4t\u00e4\u00e4ntynytt\u00e4 \u00e4\u00e4ntely\u00e4 ja petolintujen \u00e4\u00e4ni\u00e4, ja luo tuholaiselle ep\u00e4miellytt\u00e4v\u00e4n ymp\u00e4rist\u00f6n. Se on tehokas monien lajien karkottamiseen, esimerkiksi <strong>varisten, kyyhkysten, kottaraisten, lokkien <\/strong>jne.<\/p>\n<p>Maatalousk\u00e4ytt\u00f6\u00f6n kehitetty pelotin, joka on tarkoitettu ennen kaikkea ulko-olosuhteissa k\u00e4ytett\u00e4v\u00e4ksi. Toimii sek\u00e4 akulla (3 viikkoa) ett\u00e4 220V s\u00e4hk\u00f6virralla.<\/p>\n<p>https:\/\/youtu.be\/XaM6VkvFlgo<\/p>\n","protected":false},"featured_media":9082,"template":"","meta":{"_themeisle_gutenberg_block_has_review":false},"product_brand":[],"product_cat":[52,50],"product_tag":[],"class_list":{"0":"post-7663","1":"product","2":"type-product","3":"status-publish","4":"has-post-thumbnail","6":"product_cat-lintukarkotin","7":"product_cat-linnunpelattimet","9":"first","10":"onbackorder","11":"taxable","12":"shipping-taxable","13":"purchasable","14":"product-type-simple"},"_links":{"self":[{"href":"https:\/\/birdbusters.eu\/fi\/wp-json\/wp\/v2\/product\/7663","targetHints":{"allow":["GET"]}}],"collection":[{"href":"https:\/\/birdbusters.eu\/fi\/wp-json\/wp\/v2\/product"}],"about":[{"href":"https:\/\/birdbusters.eu\/fi\/wp-json\/wp\/v2\/types\/product"}],"wp:featuredmedia":[{"embeddable":true,"href":"https:\/\/birdbusters.eu\/fi\/wp-json\/wp\/v2\/media\/9082"}],"wp:attachment":[{"href":"https:\/\/birdbusters.eu\/fi\/wp-json\/wp\/v2\/media?parent=7663"}],"wp:term":[{"taxonomy":"product_brand","embeddable":true,"href":"https:\/\/birdbusters.eu\/fi\/wp-json\/wp\/v2\/product_brand?post=7663"},{"taxonomy":"product_cat","embeddable":true,"href":"https:\/\/birdbusters.eu\/fi\/wp-json\/wp\/v2\/product_cat?post=7663"},{"taxonomy":"product_tag","embeddable":true,"href":"https:\/\/birdbusters.eu\/fi\/wp-json\/wp\/v2\/product_tag?post=7663"}],"curies":[{"name":"wp","href":"https:\/\/api.w.org\/{rel}","templated":true}]}}