{"id":9611,"date":"2023-01-20T16:49:29","date_gmt":"2023-01-20T15:49:29","guid":{"rendered":"https:\/\/birdbusters.eu\/product\/mole-repellent\/"},"modified":"2026-03-18T15:22:56","modified_gmt":"2026-03-18T14:22:56","slug":"ymparistoystavallinen-myyran-karkotetta","status":"publish","type":"product","link":"https:\/\/birdbusters.eu\/fi\/tuote\/ymparistoystavallinen-myyran-karkotetta\/","title":{"rendered":"Myyr\u00e4karkotin \u2013 tehokas ja ymp\u00e4rist\u00f6yst\u00e4v\u00e4llinen ratkaisu puutarhan suojaamiseen"},"content":{"rendered":"<p data-start=\"304\" data-end=\"651\">Jos pihallasi n\u00e4kyy kummallisia maakasoja tai kasvit kuihtuvat yll\u00e4tt\u00e4en, syyllinen on todenn\u00e4k\u00f6isesti myyr\u00e4. N\u00e4m\u00e4 pienet kaivajat voivat tehd\u00e4 suuria vahinkoja nurmikollesi, kukkapenkeillesi ja vihannesmaallesi.<br data-start=\"516\" data-end=\"519\" \/><strong data-start=\"519\" data-end=\"536\">Myyr\u00e4karkotin<\/strong> on luonnollinen ja tehokas tapa pit\u00e4\u00e4 n\u00e4m\u00e4 tuholaiset poissa ilman myrkkyj\u00e4, ansoja tai haitallisia kemikaaleja.<\/p>\n<p data-start=\"653\" data-end=\"947\">T\u00e4m\u00e4 <strong data-start=\"658\" data-end=\"697\">ymp\u00e4rist\u00f6yst\u00e4v\u00e4llinen myyr\u00e4karkotin<\/strong> on suunniteltu erityisesti suomalaisiin pihoihin ja maaper\u00e4olosuhteisiin. Se k\u00e4ytt\u00e4\u00e4 hyv\u00e4kseen <strong data-start=\"793\" data-end=\"825\">\u00e4\u00e4nen ja t\u00e4rin\u00e4n yhdistelm\u00e4\u00e4<\/strong>, joka tekee myyrien elinymp\u00e4rist\u00f6st\u00e4 ep\u00e4miellytt\u00e4v\u00e4n ja saa ne siirtym\u00e4\u00e4n muualle \u2013 vahingoittamatta el\u00e4imi\u00e4 tai kasveja.<\/p>\n<h3 data-start=\"1822\" data-end=\"1848\">\ud83d\udccf <strong data-start=\"1829\" data-end=\"1848\">Tekniset tiedot<\/strong><\/h3>\n<div class=\"TyagGW_tableContainer\">\n<div class=\"group TyagGW_tableWrapper flex w-fit flex-col-reverse\" tabindex=\"-1\">\n<table class=\"w-fit min-w-(--thread-content-width)\" data-start=\"1850\" data-end=\"2162\">\n<thead data-start=\"1850\" data-end=\"1871\">\n<tr data-start=\"1850\" data-end=\"1871\">\n<th data-start=\"1850\" data-end=\"1863\" data-col-size=\"sm\">Ominaisuus<\/th>\n<th data-start=\"1863\" data-end=\"1871\" data-col-size=\"sm\">Arvo<\/th>\n<\/tr>\n<\/thead>\n<tbody data-start=\"1895\" data-end=\"2162\">\n<tr data-start=\"1895\" data-end=\"1946\">\n<td data-start=\"1895\" data-end=\"1911\" data-col-size=\"sm\">Toiminta-alue<\/td>\n<td data-start=\"1911\" data-end=\"1946\" data-col-size=\"sm\">n. 1500 m\u00b2 (riippuu maaper\u00e4st\u00e4)<\/td>\n<\/tr>\n<tr data-start=\"1947\" data-end=\"1980\">\n<td data-start=\"1947\" data-end=\"1958\" data-col-size=\"sm\">Paristot<\/td>\n<td data-start=\"1958\" data-end=\"1980\" data-col-size=\"sm\">4 \u00d7 D (ei sis\u00e4lly)<\/td>\n<\/tr>\n<tr data-start=\"1981\" data-end=\"2005\">\n<td data-start=\"1981\" data-end=\"1988\" data-col-size=\"sm\">Koko<\/td>\n<td data-start=\"1988\" data-end=\"2005\" data-col-size=\"sm\">41,5 \u00d7 6,5 cm<\/td>\n<\/tr>\n<tr data-start=\"2006\" data-end=\"2023\">\n<td data-start=\"2006\" data-end=\"2014\" data-col-size=\"sm\">Paino<\/td>\n<td data-col-size=\"sm\" data-start=\"2014\" data-end=\"2023\">370 g<\/td>\n<\/tr>\n<tr data-start=\"2024\" data-end=\"2075\">\n<td data-start=\"2024\" data-end=\"2038\" data-col-size=\"sm\">Materiaalit<\/td>\n<td data-start=\"2038\" data-end=\"2075\" data-col-size=\"sm\">Alumiinivarsi + kest\u00e4v\u00e4 ABS-muovi<\/td>\n<\/tr>\n<tr data-start=\"2076\" data-end=\"2109\">\n<td data-start=\"2076\" data-end=\"2091\" data-col-size=\"sm\">Toimintatapa<\/td>\n<td data-col-size=\"sm\" data-start=\"2091\" data-end=\"2109\">\u00c4\u00e4ni ja t\u00e4rin\u00e4<\/td>\n<\/tr>\n<tr data-start=\"2110\" data-end=\"2162\">\n<td data-start=\"2110\" data-end=\"2125\" data-col-size=\"sm\">Turvallisuus<\/td>\n<td data-start=\"2125\" data-end=\"2162\" data-col-size=\"sm\">Vaaraton ihmisille ja lemmikeille<\/td>\n<\/tr>\n<\/tbody>\n<\/table>\n<\/div>\n<\/div>\n<h3 data-start=\"2169\" data-end=\"2194\">\ud83c\udfe1 <strong data-start=\"2176\" data-end=\"2194\">Helppo k\u00e4ytt\u00e4\u00e4<\/strong><\/h3>\n<ol data-start=\"2196\" data-end=\"2519\">\n<li data-start=\"2196\" data-end=\"2264\">\n<p data-start=\"2199\" data-end=\"2264\">Aseta <strong data-start=\"2205\" data-end=\"2222\">myyr\u00e4karkotin<\/strong> maahan siten, ett\u00e4 yl\u00e4osa j\u00e4\u00e4 n\u00e4kyviin.<\/p>\n<\/li>\n<li data-start=\"2265\" data-end=\"2346\">\n<p data-start=\"2268\" data-end=\"2346\">Paina maata laitteen ymp\u00e4rill\u00e4 tiiviisti, jotta v\u00e4rin\u00e4 v\u00e4littyy tehokkaasti.<\/p>\n<\/li>\n<li data-start=\"2347\" data-end=\"2437\">\n<p data-start=\"2350\" data-end=\"2437\">Laitteen voi upottaa niin, ett\u00e4 <strong data-start=\"2382\" data-end=\"2401\">nurmikkorobotti<\/strong> voi edelleen leikata normaalisti.<\/p>\n<\/li>\n<li data-start=\"2438\" data-end=\"2519\">\n<p data-start=\"2441\" data-end=\"2519\">Kun paristot on vaihdettava, ved\u00e4 laite yl\u00f6s, vaihda akut ja aseta takaisin.<\/p>\n<\/li>\n<\/ol>\n<h3 data-start=\"2526\" data-end=\"2555\">\ud83c\udf3e <strong data-start=\"2533\" data-end=\"2555\">K\u00e4ytt\u00e4j\u00e4kokemuksia<\/strong><\/h3>\n<blockquote data-start=\"2557\" data-end=\"2729\">\n<p data-start=\"2559\" data-end=\"2729\">\u201cMeill\u00e4 oli valtavasti myyr\u00e4kasoja takapihalla. Kahden viikon kuluttua laitteiden asentamisesta maa oli t\u00e4ysin rauhallinen. T\u00e4ysin toimiva ratkaisu!\u201d<br data-start=\"2708\" data-end=\"2711\" \/>\u2013 <em data-start=\"2715\" data-end=\"2729\">Marja, Turku<\/em><\/p>\n<\/blockquote>\n<blockquote data-start=\"2731\" data-end=\"2906\">\n<p data-start=\"2733\" data-end=\"2906\">\u201cOlen kokeillut monta eri tuotetta, mutta vain t\u00e4m\u00e4 myyr\u00e4karkotin piti myyr\u00e4t poissa koko kes\u00e4n. Ei haittaa nurmikonleikkuuta ja toimii hiljaa.\u201d<br data-start=\"2877\" data-end=\"2880\" \/>\u2013 <em data-start=\"2884\" data-end=\"2904\">Antti, H\u00e4meenlinna<\/em><\/p>\n<\/blockquote>\n<h3 data-start=\"2913\" data-end=\"2964\">\ud83d\udca1 <strong data-start=\"2920\" data-end=\"2964\">Miksi valita Birdbustersin myyr\u00e4karkotin<\/strong><\/h3>\n<ul data-start=\"2966\" data-end=\"3248\">\n<li data-start=\"2966\" data-end=\"3016\">\n<p data-start=\"2968\" data-end=\"3016\">Tehokas ja <strong data-start=\"2979\" data-end=\"3014\">humaani torjunta ilman myrkkyj\u00e4<\/strong><\/p>\n<\/li>\n<li data-start=\"3017\" data-end=\"3094\">\n<p data-start=\"3019\" data-end=\"3094\">Toimii <strong data-start=\"3026\" data-end=\"3055\">kaikenlaisessa maaper\u00e4ss\u00e4<\/strong> \u2013 erityisen tehokas savisessa maassa<\/p>\n<\/li>\n<li data-start=\"3095\" data-end=\"3142\">\n<p data-start=\"3097\" data-end=\"3142\">Pitk\u00e4 k\u00e4ytt\u00f6ik\u00e4 ja alhainen energiankulutus<\/p>\n<\/li>\n<li data-start=\"3143\" data-end=\"3194\">\n<p data-start=\"3145\" data-end=\"3194\">Luotettava <strong data-start=\"3156\" data-end=\"3192\">ymp\u00e4rist\u00f6yst\u00e4v\u00e4llinen vaihtoehto<\/strong><\/p>\n<\/li>\n<li data-start=\"3195\" data-end=\"3248\">\n<p data-start=\"3197\" data-end=\"3248\">Birdbustersin laadun ja asiakastuen takaama tuote<\/p>\n<\/li>\n<\/ul>\n<h2 data-start=\"3255\" data-end=\"3295\">\ud83d\udcac <strong data-start=\"3261\" data-end=\"3295\">Usein kysytyt kysymykset (FAQ)<\/strong><\/h2>\n<h3 data-start=\"3297\" data-end=\"3349\">\u27531. Kuinka suuren alueen myyr\u00e4karkotin suojaa?<\/h3>\n<p data-start=\"3350\" data-end=\"3504\">Yksi laite kattaa noin <strong data-start=\"3373\" data-end=\"3393\">1500 neli\u00f6metrin<\/strong> alueen maaper\u00e4n tyypist\u00e4 riippuen. Kovassa savimaassa vaikutus ulottuu laajemmalle kuin kevyess\u00e4 hiekkamaassa.<\/p>\n<h3 data-start=\"3506\" data-end=\"3547\">\u27532. Kuinka kauan paristot kest\u00e4v\u00e4t?<\/h3>\n<p data-start=\"3548\" data-end=\"3668\">4 \u00d7 D-paristoa riitt\u00e4\u00e4 jopa <strong>3<\/strong> <strong data-start=\"3576\" data-end=\"3594\">kuukaudeksi<\/strong> yht\u00e4jaksoiseen k\u00e4ytt\u00f6\u00f6n. Paristot voi vaihtaa helposti ilman ty\u00f6kaluja.<\/p>\n<h3 data-start=\"3670\" data-end=\"3727\">\u27533. Onko laite turvallinen lapsille ja lemmikeille?<\/h3>\n<p data-start=\"3728\" data-end=\"3851\">Kyll\u00e4, t\u00e4ysin. Laite ei vapauta myrkkyj\u00e4 eik\u00e4 aiheuta s\u00e4hk\u00f6iskun vaaraa. Se toimii vain \u00e4\u00e4ni- ja t\u00e4rin\u00e4signaalien avulla.<\/p>\n<h3 data-start=\"3853\" data-end=\"3903\">\u27534. Voinko k\u00e4ytt\u00e4\u00e4 myyr\u00e4karkotinta talvella?<\/h3>\n<p data-start=\"3904\" data-end=\"4029\">Kyll\u00e4. Laite kest\u00e4\u00e4 kosteutta ja pakkasta, ja sen IPX6-luokitus varmistaa pitk\u00e4aikaisen toiminnan kaikissa s\u00e4\u00e4olosuhteissa.<\/p>\n<h3 data-start=\"4031\" data-end=\"4074\">\u27535. Kuinka nopeasti tulokset n\u00e4kyv\u00e4t?<\/h3>\n<p data-start=\"4075\" data-end=\"4208\">Yleens\u00e4 <strong data-start=\"4083\" data-end=\"4097\">1\u20132 viikon<\/strong> sis\u00e4ll\u00e4 asennuksesta. Myyr\u00e4t poistuvat alueelta v\u00e4hitellen, kun t\u00e4rin\u00e4 h\u00e4iritsee niiden tunneleita ja pesi\u00e4.<\/p>\n","protected":false},"excerpt":{"rendered":"<h3 data-start=\"954\" data-end=\"992\"><strong data-start=\"961\" data-end=\"992\">Kuinka myyr\u00e4karkotin toimii<\/strong><\/h3>\n<p data-start=\"994\" data-end=\"1239\">Myyr\u00e4karkotin tuottaa s\u00e4\u00e4nn\u00f6llisin v\u00e4lein <strong data-start=\"1036\" data-end=\"1072\">v\u00e4rin\u00e4\u00e4 ja matalataajuista \u00e4\u00e4nt\u00e4<\/strong>, joka levi\u00e4\u00e4 laajalle maaper\u00e4n l\u00e4pi.<br data-start=\"1109\" data-end=\"1112\" \/>Myyr\u00e4t ja muut kaivavat jyrsij\u00e4t, kuten kontiaiset ja vesirotat, kokevat n\u00e4m\u00e4 signaalit uhkaavina ja muuttavat pois alueelta.<\/p>\n<p data-start=\"1241\" data-end=\"1415\">T\u00e4m\u00e4 teknologia on <strong data-start=\"1260\" data-end=\"1282\">t\u00e4ysin turvallinen<\/strong> ihmisille, lemmikeille ja kasveille.<br data-start=\"1319\" data-end=\"1322\" \/>Toisin kuin myrkyt tai ansat, se <strong data-start=\"1355\" data-end=\"1366\">ei tapa<\/strong> \u2013 ainoastaan h\u00e4iritsee luonnollisella tavalla.<\/p>\n<h3 data-start=\"1422\" data-end=\"1478\"><strong data-start=\"1429\" data-end=\"1478\">Ymp\u00e4rist\u00f6yst\u00e4v\u00e4llinen ja huoltovapaa ratkaisu<\/strong><\/h3>\n<ul data-start=\"1480\" data-end=\"1815\">\n<li data-start=\"1480\" data-end=\"1511\">\n<p data-start=\"1482\" data-end=\"1511\">Ei myrkkyj\u00e4 tai kemikaaleja<\/p>\n<\/li>\n<li data-start=\"1512\" data-end=\"1561\">\n<p data-start=\"1514\" data-end=\"1561\">Ei tarvetta huoltoon tai jatkuvaan seurantaan<\/p>\n<\/li>\n<li data-start=\"1562\" data-end=\"1604\">\n<p data-start=\"1564\" data-end=\"1604\">K\u00e4ytt\u00e4\u00e4 vain <strong data-start=\"1577\" data-end=\"1602\">4 x D-paristoa (LR20)<\/strong><\/p>\n<\/li>\n<li data-start=\"1605\" data-end=\"1668\">\n<p data-start=\"1607\" data-end=\"1668\">Toiminta-aika jopa 3<strong data-start=\"1626\" data-end=\"1666\">\u00a0kuukautta yhdell\u00e4 paristosarjalla<\/strong><\/p>\n<\/li>\n<li data-start=\"1669\" data-end=\"1740\">\n<p data-start=\"1671\" data-end=\"1740\">T\u00e4ysin <strong data-start=\"1678\" data-end=\"1700\">vedenpit\u00e4v\u00e4 (IPX6)<\/strong> ja s\u00e4\u00e4nkest\u00e4v\u00e4 \u2013 toimii my\u00f6s talvella<\/p>\n<\/li>\n<li data-start=\"1741\" data-end=\"1815\">\n<p data-start=\"1743\" data-end=\"1815\">Sopii alueille, joissa halutaan <strong data-start=\"1775\" data-end=\"1813\">turvallinen ja pitk\u00e4aikainen suoja<\/strong><\/p>\n<\/li>\n<\/ul>\n<p data-start=\"4075\" data-end=\"4208\">\n","protected":false},"featured_media":13839,"template":"","meta":{"_themeisle_gutenberg_block_has_review":false},"product_brand":[],"product_cat":[165],"product_tag":[],"class_list":{"0":"post-9611","1":"product","2":"type-product","3":"status-publish","4":"has-post-thumbnail","6":"product_cat-elainkarkottimet","8":"first","9":"instock","10":"taxable","11":"shipping-taxable","12":"purchasable","13":"product-type-simple"},"_links":{"self":[{"href":"https:\/\/birdbusters.eu\/fi\/wp-json\/wp\/v2\/product\/9611","targetHints":{"allow":["GET"]}}],"collection":[{"href":"https:\/\/birdbusters.eu\/fi\/wp-json\/wp\/v2\/product"}],"about":[{"href":"https:\/\/birdbusters.eu\/fi\/wp-json\/wp\/v2\/types\/product"}],"wp:featuredmedia":[{"embeddable":true,"href":"https:\/\/birdbusters.eu\/fi\/wp-json\/wp\/v2\/media\/13839"}],"wp:attachment":[{"href":"https:\/\/birdbusters.eu\/fi\/wp-json\/wp\/v2\/media?parent=9611"}],"wp:term":[{"taxonomy":"product_brand","embeddable":true,"href":"https:\/\/birdbusters.eu\/fi\/wp-json\/wp\/v2\/product_brand?post=9611"},{"taxonomy":"product_cat","embeddable":true,"href":"https:\/\/birdbusters.eu\/fi\/wp-json\/wp\/v2\/product_cat?post=9611"},{"taxonomy":"product_tag","embeddable":true,"href":"https:\/\/birdbusters.eu\/fi\/wp-json\/wp\/v2\/product_tag?post=9611"}],"curies":[{"name":"wp","href":"https:\/\/api.w.org\/{rel}","templated":true}]}}