{"id":11516,"date":"2023-11-30T14:43:48","date_gmt":"2023-11-30T13:43:48","guid":{"rendered":"https:\/\/birdbusters.eu\/?page_id=11516"},"modified":"2023-11-30T14:51:03","modified_gmt":"2023-11-30T13:51:03","slug":"apie-birdbusters","status":"publish","type":"page","link":"https:\/\/birdbusters.eu\/lt\/apie-birdbusters\/","title":{"rendered":"Apie BirdBusters"},"content":{"rendered":"<h1><span style=\"font-size: 14pt;\">Apie Bird Busters<\/span><\/h1>\n<p><span style=\"font-weight: 400;\">Geriausias b\u016bdas apsaugoti j\u016bs\u0173 nuosavyb\u0119 nuo pauk\u0161\u010di\u0173 pridaromos \u017ealos yra pauk\u0161\u010di\u0173 kontrol\u0117 ir pauk\u0161\u010di\u0173 atbaidymo priemon\u0117s. \u201eBird Busters\u201c si\u016blo plat\u0173 veiksming\u0173 pauk\u0161\u010di\u0173 atbaidymo, atgrasymo ir kontrol\u0117s priemoni\u0173 asortiment\u0105.<\/span><\/p>\n<p><span style=\"font-weight: 400;\">Pauk\u0161\u010di\u0173 kontrol\u0117s priemoni\u0173 yra daug ir \u012fvairi\u0173, kiekviena turi sav\u0173 privalum\u0173 ir tr\u016bkum\u0173. Tod\u0117l kai kuriais atvejais gali prireikti derinti dvi ar daugiau pauk\u0161\u010di\u0173 atgrasymo priemoni\u0173, kad b\u016bt\u0173 u\u017etikrintas geriausias rezultatas.<\/span><\/p>\n<p><span style=\"font-weight: 400;\">Patarim\u0173, kaip atbaidyti \u012fvairias pauk\u0161\u010di\u0173 r\u016b\u0161is, rasite m\u016bs\u0173 pauk\u0161\u010di\u0173 kontrol\u0117s tinklara\u0161tyje. M\u016bs\u0173 pauk\u0161\u010di\u0173 kontrol\u0117s specialistai taip pat ap\u017evelgia, kokie sprendimai yra efektyviausi bet kurioje situacijoje ir kaip efektyviai derinti pauk\u0161\u010di\u0173 kontrol\u0117s metodus.<\/span><\/p>\n<p><span style=\"font-weight: 400;\">Pauk\u0161\u010di\u0173 atgrasymas nerei\u0161kia j\u0173 naikinimo. Visi m\u016bs\u0173 si\u016blomi pauk\u0161\u010di\u0173 baidymo prietaisai ir sprendimai atitinka gyv\u016bn\u0173 gerov\u0117s principus.<\/span><\/p>\n<h3>M\u016bs\u0173 Istorija<\/h3>\n<p><span style=\"font-weight: 400;\">Viskas prasid\u0117jo viename \u016bkyje \u0160iaur\u0117s Estijoje, Europoje, kur ka\u017ekada buvo nustatyta, kad vilkai sistemingai puola avis. I\u0161band\u0117me daugyb\u0119 skirting\u0173 b\u016bd\u0173, kaip atbaidyti \u0161iuos laukinius \u017ev\u0117ris, bet jie vis sugr\u012f\u017edavo.<\/span><\/p>\n<p><span style=\"font-weight: 400;\">Nepad\u0117jo ir tai, kad buvo vasara, tad vilk\u0173 \u0161uniukai u\u017eaugo pakankamai dideli, kad gal\u0117t\u0173 i\u0161eiti med\u017eioti. Deja, m\u016bs\u0173 avi\u0173 banda jiems buvo puiki priemon\u0117 praktikuotis. Nereikia n\u0117 min\u0117ti, kad rytais vaizdas avi\u0173 ganykloje buvo siaubingas. Estijoje tokiems atvejams teikiama tam tikra valstyb\u0117s parama, ta\u010diau ji nepakankama.<\/span><\/p>\n<p><span style=\"font-weight: 400;\">Taigi tur\u0117jome sugalvoti kit\u0105 plan\u0105, kuris tikrai pasiteisint\u0173. Prad\u0117jome ie\u0161koti veiksming\u0173 b\u016bd\u0173 i\u0161g\u0105sdinti vilkus. Vienas i\u0161 m\u016bs\u0173 d\u0117mes\u012f patraukusi\u0173 sprendim\u0173 buvo duj\u0173 patranka. Kai i\u0161siai\u0161kinome, kad Estijoje duj\u0173 patrank\u0173 niekas neparduoda, atsid\u016br\u0117me Lietuvoje, kur ir \u012fsigyjome savo pirm\u0105j\u0105 duj\u0173 patrank\u0105.<\/span><\/p>\n<p><span style=\"font-weight: 400;\">Deja, patrankos trenksmas buvo itin stiprus ir k\u0117l\u0117 avims nuolatin\u012f stres\u0105. Taigi galiausiai duj\u0173 patrank\u0105 teko parduoti. Paradoksalu, ta\u010diau tuo pat metu, kenk\u0117j\u0173 repelent\u0173 paklausa Estijoje taip stipriai i\u0161augo, kad nusprend\u0117me pabandyti ir pasi\u016blyti rinkai duj\u0173 patrankas. Taip ir gim\u0117 Nirgu elektronin\u0117 parduotuv\u0117 (esti\u0161ka Birdbusters.eu versija).<\/span><\/p>\n<p><span style=\"font-weight: 400;\">Laikui b\u0117gant, \u017emon\u0117s, susid\u016br\u0119 su pauk\u0161\u010di\u0173 kontrol\u0117s ir kit\u0173 gyv\u016bn\u0173 atbaidymo klausimais, vis da\u017eniau kreip\u0117si \u012f mus patarim\u0173. Pavyzd\u017eiui, buvo vaikinas, kuris skund\u0117si, kad pauk\u0161\u010diai ter\u0161ia tik jo automobil\u012f. Nesvarbu, kur jis stov\u0117jo, pauk\u0161\u010diai taik\u0117si tik \u012f jo automobil\u012f. V\u0117liau i\u0161siai\u0161kinome, kad taip elgdamiesi gandrai nebando g\u0105sdinti \u017emoni\u0173 per langus ar stiklines duris \u2013 i\u0161 tikr\u0173j\u0173 tokiu b\u016bdu jie atbaido \u201ekit\u0105 gandr\u0105\u201c, kur\u012f mato i\u0161 t\u0173 lang\u0173 atspind\u017eiuose. \u0160iais laikais migruojan\u010di\u0173 pauk\u0161\u010di\u0173 problemos yra \u012fprastos ir visiems pa\u017e\u012fstamos.<\/span><\/p>\n<h2><span style=\"font-size: 14pt;\">Bird Busters Misija<\/span><\/h2>\n<p><span style=\"font-weight: 400;\">M\u016bs\u0173 paslaugomis \u0161iandien d\u017eiaugiasi daugiau nei 1000 patenkint\u0173 klient\u0173.<\/span><\/p>\n<p><span style=\"font-weight: 400;\">M\u016bs\u0173 asortimente yra daugiau nei 50 skirting\u0173 pauk\u0161\u010di\u0173 atbaidymo priemoni\u0173 ir repelent\u0173, kuri\u0173 skai\u010dius nuolat auga. B\u016btent tod\u0117l galime pasi\u016blyti efektyviausius pauk\u0161\u010di\u0173 atbaidymo ir kontrol\u0117s sprendimus.<\/span><\/p>\n<p><span style=\"font-weight: 400;\">Nuolat ie\u0161kome inovatyvi\u0173 ir veiksming\u0173 b\u016bd\u0173 pauk\u0161\u010diams ir kitiems kenk\u0117jams atbaidyti.<\/span><\/p>\n","protected":false},"excerpt":{"rendered":"<p>Apie Bird Busters Geriausias b\u016bdas apsaugoti j\u016bs\u0173 nuosavyb\u0119 nuo pauk\u0161\u010di\u0173 pridaromos \u017ealos yra pauk\u0161\u010di\u0173 kontrol\u0117 ir pauk\u0161\u010di\u0173 atbaidymo priemon\u0117s. \u201eBird Busters\u201c si\u016blo plat\u0173 veiksming\u0173 pauk\u0161\u010di\u0173 atbaidymo, atgrasymo ir kontrol\u0117s priemoni\u0173 asortiment\u0105. Pauk\u0161\u010di\u0173 kontrol\u0117s priemoni\u0173 yra daug ir \u012fvairi\u0173, kiekviena turi sav\u0173 privalum\u0173 ir tr\u016bkum\u0173. Tod\u0117l kai kuriais atvejais gali prireikti derinti dvi ar daugiau pauk\u0161\u010di\u0173 [&hellip;]<\/p>\n","protected":false},"author":1,"featured_media":0,"parent":0,"menu_order":0,"comment_status":"closed","ping_status":"closed","template":"","meta":{"_themeisle_gutenberg_block_has_review":false,"footnotes":""},"class_list":["post-11516","page","type-page","status-publish","hentry"],"_links":{"self":[{"href":"https:\/\/birdbusters.eu\/lt\/wp-json\/wp\/v2\/pages\/11516","targetHints":{"allow":["GET"]}}],"collection":[{"href":"https:\/\/birdbusters.eu\/lt\/wp-json\/wp\/v2\/pages"}],"about":[{"href":"https:\/\/birdbusters.eu\/lt\/wp-json\/wp\/v2\/types\/page"}],"author":[{"embeddable":true,"href":"https:\/\/birdbusters.eu\/lt\/wp-json\/wp\/v2\/users\/1"}],"replies":[{"embeddable":true,"href":"https:\/\/birdbusters.eu\/lt\/wp-json\/wp\/v2\/comments?post=11516"}],"version-history":[{"count":3,"href":"https:\/\/birdbusters.eu\/lt\/wp-json\/wp\/v2\/pages\/11516\/revisions"}],"predecessor-version":[{"id":11519,"href":"https:\/\/birdbusters.eu\/lt\/wp-json\/wp\/v2\/pages\/11516\/revisions\/11519"}],"wp:attachment":[{"href":"https:\/\/birdbusters.eu\/lt\/wp-json\/wp\/v2\/media?parent=11516"}],"curies":[{"name":"wp","href":"https:\/\/api.w.org\/{rel}","templated":true}]}}