{"id":11526,"date":"2023-11-30T15:12:15","date_gmt":"2023-11-30T14:12:15","guid":{"rendered":"https:\/\/birdbusters.eu\/?page_id=11526"},"modified":"2023-12-04T14:49:15","modified_gmt":"2023-12-04T13:49:15","slug":"privatumo-politika","status":"publish","type":"page","link":"https:\/\/birdbusters.eu\/lt\/privatumo-politika\/","title":{"rendered":"Privatumo politika"},"content":{"rendered":"<p>ASMENS DUOMEN\u0172 TVARKYMAS<\/p>\n<p>Internetin\u0117s parduotuv\u0117s birdbusters.eu asmens duomen\u0173 valdytojas yra Salu O\u00dc (registro kodas 12600389), esantis Kunderi 27-10, Talinas, tel. +372 52198 22 ir el. pa\u0161tas info@birdbusters.eu.<\/p>\n<p>&nbsp;<\/p>\n<p><strong>Asmens duomen\u0173 rinkimas ir naudojimas<\/strong><\/p>\n<p>Asmens duomenys \u2013 tai bet kokie su internetin\u0117s parduotuv\u0117s klientu tiesiogiai ar netiesiogiai susij\u0119 duomenys, kuri\u0173 reikia su fiziniu asmeniu pasira\u0161ytai sutar\u010diai \u012fvykdyti arba su juo susisiekti, atlikti \u012fstatym\u0173 nustatytas pareigas.<\/p>\n<p>Asmens duomenys renkami, kai atsiskaitymo metu svetain\u0117je pateikiama kontaktin\u0117 informacija.<\/p>\n<p>Tvarkomi \u0161ie asmens duomenys:<\/p>\n<p>\u2212 vardas, pavard\u0117, telefono numeris ir el. pa\u0161to adresas;<\/p>\n<p>&#8211; pristatymo adresas;<\/p>\n<p>&#8211; banko s\u0105skaitos numeris;<\/p>\n<p>\u2013 preki\u0173 ir paslaug\u0173 savikaina bei mok\u0117jimo informacija (pirkimo istorija);<\/p>\n<p>\u2013 klient\u0173 aptarnavimo duomenys.<\/p>\n<p>Asmens duomenys naudojami kliento u\u017esakymams tvarkyti ir u\u017esakytoms prek\u0117ms pristatyti.<\/p>\n<p>Pirkim\u0173 istorija (pirkimo data, prek\u0117s, kiekis, klient\u0173 duomenys) naudojama perkam\u0173 preki\u0173 ir paslaug\u0173 ap\u017evalgoms rengti bei klient\u0173 pageidavimams analizuoti.<\/p>\n<p>Banko s\u0105skaitos numeris naudojamas gr\u0105\u017einant bet kokius mok\u0117jimus klientui.<\/p>\n<p>Asmens duomenys, tokie kaip el. pa\u0161tas, telefono numeris ir kliento vardas, yra tvarkomi siekiant i\u0161spr\u0119sti i\u0161kilusias problemas, susijusias su preki\u0173 ir paslaug\u0173 teikimu (pagalba klientams).<\/p>\n<p>Internetin\u0117s parduotuv\u0117s naudotojo IP adresas ar kiti internetiniai identifikatoriai yra tvarkomi siekiant teikti internetin\u0119 parduotuv\u0119 kaip informacin\u0117s visuomen\u0117s paslaug\u0105 ir interneto naudojimo statistikai.<\/p>\n<p>&nbsp;<\/p>\n<p><strong>Asmens duomen\u0173 gav\u0117jai<\/strong><\/p>\n<p>Asmens duomenys perduodami internetin\u0117s parduotuv\u0117s klient\u0173 aptarnavimo tarnybai, kad b\u016bt\u0173 galima tvarkyti pirkini\u0173 ir pirkini\u0173 istorij\u0105 bei i\u0161spr\u0119sti bet kokias klient\u0173 problemas.<\/p>\n<p>Vardas, telefono numeris ir el. pa\u0161to adresas perduodami \u012fgaliotam partneriui Pakipoint O\u00dc, kuris perduoda juos kliento pasirinktam transportavimo paslaug\u0173 teik\u0117jui.<\/p>\n<p>Jei prekes pristato kurjeris, be kontaktin\u0117s informacijos perduodamas ir kliento adresas.<\/p>\n<p>Asmens duomenys yra perduodami apskaitos \u012fmonei Probil O\u00dc apskaitos operacijoms atlikti.<\/p>\n<p>Asmens duomenys gali b\u016bti perduodami informacini\u0173 technologij\u0173 paslaug\u0173 teik\u0117jams, jei to reikia internetin\u0117s parduotuv\u0117s veikimui ar duomen\u0173 prieglobai u\u017etikrinti.<\/p>\n<p>U\u017e prekes atsiskaitoma ne internetin\u0117je parduotuv\u0117je saugioje platformoje \u2013 atsiskaitant banko nuoroda, atitinkamo banko saugioje platformoje arba saugioje tvarkytojo Maksekeskus AS platformoje. Pardav\u0117jas neturi prieigos prie kliento banko ir kredito kortel\u0117s informacijos.<\/p>\n<p>&nbsp;<\/p>\n<p><strong>Asmens duomen\u0173 saugumas ir prieiga<\/strong><\/p>\n<p>Asmens duomenys saugomi Netpro O\u00dc serveriuose. Prieiga prie asmens duomen\u0173 suteikiama internetin\u0117s parduotuv\u0117s darbuotojams, kurie gali prieiti prie toki\u0173 duomen\u0173, kad i\u0161spr\u0119st\u0173 bet kokias technines naudojimosi internetine parduotuve problemas ir teikt\u0173 klient\u0173 aptarnavim\u0105. Internetin\u0117 parduotuv\u0117 \u012fgyvendina tinkamas fizines, organizacines ir informacini\u0173 technologij\u0173 priemones, skirtas apsaugoti asmens duomenis nuo atsitiktinio ar neteis\u0117to sunaikinimo, praradimo, pakeitimo ar neteis\u0117tos prieigos ir paskelbimo.<\/p>\n<p>Asmens duomenys internetin\u0117s parduotuv\u0117s tvarkytojams (pvz., transporto paslaug\u0173 teik\u0117jui) perduodami remiantis internetin\u0117s parduotuv\u0117s ir duomen\u0173 tvarkytoj\u0173 pasira\u0161ytomis sutartimis. Tvarkydami asmens duomenis duomen\u0173 tvarkytojai privalo laikytis tinkam\u0173 apsaugos priemoni\u0173. Internetin\u0117s parduotuv\u0117s \u012fgalioti tvarkytojai yra Pakipoint O\u00dc, Probil O\u00dc, Netpro O\u00dc ir Maksekeskus AS.<\/p>\n<p>&nbsp;<\/p>\n<p><strong>Asmens duomen\u0173 saugojimas<\/strong><\/p>\n<p>Jei kliento paskyra internetin\u0117je parduotuv\u0117je u\u017edaroma, asmens duomenys i\u0161trinami, i\u0161skyrus atvejus, kai tokius duomenis reikia saugoti apskaitos tikslais arba vartotoj\u0173 gin\u010dams spr\u0119sti.<\/p>\n<p>Pirkini\u0173 internetin\u0117je parduotuv\u0117je istorija saugoma trejus metus. Kilus gin\u010dams d\u0117l mok\u0117jimo ir vartojimo gin\u010d\u0173, asmens duomenys saugomi iki ie\u0161kinio patenkinimo arba iki ie\u0161kinio senaties termino pabaigos. Apskaitos tikslais reikalingi asmens duomenys saugomi septynerius metus.<\/p>\n<p>&nbsp;<\/p>\n<p><strong>Prieiga prie asmens duomen\u0173, j\u0173 taisymas ir trynimas<\/strong><\/p>\n<p>Asmens duomenis galima pasiekti ir juos i\u0161taisyti per klient\u0173 aptarnavimo tarnyb\u0105. Klientas turi teis\u0119 reikalauti, kad su juo susij\u0119 asmens duomenys b\u016bt\u0173 i\u0161trinti i\u0161 birdbusters.eu duomen\u0173 bazi\u0173, apie tai prane\u0161damas klient\u0173 aptarnavimo tarnybai el.pa\u0161tu. \u012e pra\u0161ym\u0105 i\u0161trinti atsakoma ne v\u0117liau kaip per vien\u0105 m\u0117nes\u012f ir nurodomas laikotarpis, per kur\u012f duomenys turi b\u016bti i\u0161trinti.<\/p>\n<p>&nbsp;<\/p>\n<p><strong>Gin\u010d\u0173 sprendimas<\/strong><\/p>\n<p>Gin\u010dai d\u0117l asmens duomen\u0173 tvarkymo sprend\u017eiami per klient\u0173 aptarnavimo tarnyb\u0105 el. pa\u0161tu info@birdbusters.eu arba telefonu +372 5267 138. Prie\u017ei\u016bros institucija yra Estijos duomen\u0173 apsaugos inspekcija (info@aki.ee).<\/p>\n","protected":false},"excerpt":{"rendered":"<p>ASMENS DUOMEN\u0172 TVARKYMAS Internetin\u0117s parduotuv\u0117s birdbusters.eu asmens duomen\u0173 valdytojas yra Salu O\u00dc (registro kodas 12600389), esantis Kunderi 27-10, Talinas, tel. +372 52198 22 ir el. pa\u0161tas info@birdbusters.eu. &nbsp; Asmens duomen\u0173 rinkimas ir naudojimas Asmens duomenys \u2013 tai bet kokie su internetin\u0117s parduotuv\u0117s klientu tiesiogiai ar netiesiogiai susij\u0119 duomenys, kuri\u0173 reikia su fiziniu asmeniu pasira\u0161ytai sutar\u010diai [&hellip;]<\/p>\n","protected":false},"author":1,"featured_media":0,"parent":0,"menu_order":0,"comment_status":"closed","ping_status":"closed","template":"","meta":{"_themeisle_gutenberg_block_has_review":false,"footnotes":""},"class_list":["post-11526","page","type-page","status-publish","hentry"],"_links":{"self":[{"href":"https:\/\/birdbusters.eu\/lt\/wp-json\/wp\/v2\/pages\/11526","targetHints":{"allow":["GET"]}}],"collection":[{"href":"https:\/\/birdbusters.eu\/lt\/wp-json\/wp\/v2\/pages"}],"about":[{"href":"https:\/\/birdbusters.eu\/lt\/wp-json\/wp\/v2\/types\/page"}],"author":[{"embeddable":true,"href":"https:\/\/birdbusters.eu\/lt\/wp-json\/wp\/v2\/users\/1"}],"replies":[{"embeddable":true,"href":"https:\/\/birdbusters.eu\/lt\/wp-json\/wp\/v2\/comments?post=11526"}],"version-history":[{"count":3,"href":"https:\/\/birdbusters.eu\/lt\/wp-json\/wp\/v2\/pages\/11526\/revisions"}],"predecessor-version":[{"id":11578,"href":"https:\/\/birdbusters.eu\/lt\/wp-json\/wp\/v2\/pages\/11526\/revisions\/11578"}],"wp:attachment":[{"href":"https:\/\/birdbusters.eu\/lt\/wp-json\/wp\/v2\/media?parent=11526"}],"curies":[{"name":"wp","href":"https:\/\/api.w.org\/{rel}","templated":true}]}}