{"id":11532,"date":"2023-11-30T15:21:09","date_gmt":"2023-11-30T14:21:09","guid":{"rendered":"https:\/\/birdbusters.eu\/?page_id=11532"},"modified":"2026-02-23T14:40:27","modified_gmt":"2026-02-23T13:40:27","slug":"pirkimo-taisykles-ir-salygos","status":"publish","type":"page","link":"https:\/\/birdbusters.eu\/lt\/pirkimo-taisykles-ir-salygos\/","title":{"rendered":"Pirkimo Taisykl\u0117s ir S\u0105lygos"},"content":{"rendered":"<p><strong>Naudojimo s\u0105lygos<\/strong><\/p>\n<p>Internetin\u0117s parduotuv\u0117s birdbusters.eu (toliau \u2013 internetin\u0117 parduotuv\u0117) savininkas yra Salu O\u00dc (12600389), \u012fsik\u016brusi Kunderi 27-10, Talinas, Estija.<\/p>\n<p>Pardavimo sutarties galiojimas, informacija apie prek\u0119 ir kain\u0105<\/p>\n<p>Pardavimo s\u0105lygos taikomos perkant prekes i\u0161 internetin\u0117s parduotuv\u0117s.<\/p>\n<p>Internetin\u0117je parduotuv\u0117je parduodam\u0173 preki\u0173 kainos nurodytos prie preki\u0173. Prie kainos pridedamas siuntimo mokestis. Visos kainos nurodytos eurais (EUR), \u0160vedijos kronose (SEK) ir \u0160veicarijos frankuose (CHF).<\/p>\n<p>Siuntimo kaina priklauso nuo pirk\u0117jo vietos ir pristatymo b\u016bdo. Siuntimo kaina rodoma, kai pirk\u0117jas pateikia u\u017esakym\u0105 ir u\u017epildo kontaktines formas.<\/p>\n<p>Prek\u0117s informacija internetin\u0117je parduotuv\u0117je pateikiama i\u0161 karto \u0161alia prek\u0117s.<\/p>\n<p><strong>Pateikiant u\u017esakym\u0105<\/strong><\/p>\n<p>\u012ed\u0117kite norimas prekes \u012f savo pirkini\u0173 krep\u0161el\u012f, kad gal\u0117tum\u0117te jas u\u017esisakyti. U\u017epildykite visus privalomus laukus ir pasirinkite tinkamiausi\u0105 pristatymo b\u016bd\u0105 u\u017esakymui u\u017ebaigti. Tada visa kaina rodoma ekrane. J\u0105 galima sumok\u0117ti banko pavedimu internetu arba kitu mok\u0117jimo b\u016bdu.<\/p>\n<p>&nbsp;<\/p>\n<p>Atsiskaityti internetin\u0117je parduotuv\u0117je galima \u0161iais bankais:<\/p>\n<p>Estija: LHV, SEB ir Swedbank<br \/>\nLatvija: Swedbank, SEB, Citadele ir Luminor<br \/>\nLietuva: Swedbank, SEB ir Luminor<br \/>\nSuomija: Aktia, \u00c5landsbanken, Danske, Handelsbanken, Nordea, Oma S\u00e4\u00e4stopankki, Pohjola, POP Pankki, S-Pankki, S\u00e4\u00e4stopankki<br \/>\nBirdbusters internetin\u0117je parduotuv\u0117je taip pat yra galimyb\u0117 naudotis Paypal, atsiskaityti Visa ir Mastercard.<\/p>\n<p>ATKREIPKITE D\u0116MES\u012e! Sumok\u0117j\u0119 naudodami mok\u0117jimo nuorod\u0105, banko svetain\u0117je b\u016btinai spustel\u0117kite \u201eGr\u012f\u017eti \u012f prekybinink\u0105\u201c.<\/p>\n<p>Pateikus u\u017esakym\u0105, patvirtinimas ir s\u0105skaita bus i\u0161si\u0173sta pirk\u0117jo el. pa\u0161to adresu. Jei per 20-30 minu\u010di\u0173 negaunamas patvirtinimo el. lai\u0161kas, pra\u0161ome kliento nedelsiant susisiekti su mumis el. pa\u0161tu birdbusters.eu arba skambinti +3725267138. Klient\u0173 aptarnavimas teikiamas est\u0173, angl\u0173 ir rus\u0173 kalbomis.<\/p>\n<p>Sutartis \u012fsigalioja, kai mok\u0117tina suma pervedama \u012f internetin\u0117s parduotuv\u0117s banko s\u0105skait\u0105.<\/p>\n<p>Jeigu negalime pristatyti u\u017esakyt\u0173 preki\u0173 d\u0117l pasibaigusi\u0173 preki\u0173 ar d\u0117l kit\u0173 prie\u017eas\u010di\u0173, pirk\u0117jas bus kuo grei\u010diau informuotas ir sumok\u0117ti pinigai (\u012fskaitant siuntimo i\u0161laidas) bus gr\u0105\u017einti nedelsiant, bet ne v\u0117liau kaip per 14 dien\u0173 nuo gav\u0119s prane\u0161im\u0105.<\/p>\n<p>&nbsp;<\/p>\n<p><strong>Siuntimas<\/strong><\/p>\n<p>Prek\u0117s siun\u010diamos visame pasaulyje \u2013 Europoje, Azijoje, Piet\u0173 Amerikoje, \u0160iaur\u0117s Amerikoje, Australijoje.<\/p>\n<p>Prek\u0117s pirk\u0117jui pristatomos \u012f siunt\u0173 terminalus arba per kurjer\u012f. Pristatymo parinktys rodomos atsi\u017evelgiant \u012f pirk\u0117jo viet\u0105.<\/p>\n<p>Pirk\u0117jas padengia siuntimo i\u0161laidas, o atitinkama kainos informacija pateikiama \u0161alia pristatymo b\u016bdo.<\/p>\n<p>Visos siuntos Estijoje paprastai pasiekia pirk\u0117jo nurodyt\u0105 paskirties viet\u0105 per 3-10 darbo dien\u0173 nuo pirkimo-pardavimo sutarties \u012fsigaliojimo dienos. Visos siuntos u\u017e Estijos rib\u0173 garantuojamos per 1-3 savaites.<\/p>\n<p>I\u0161imtiniais atvejais turime teis\u0119 i\u0161si\u0173sti prekes iki 45 kalendorini\u0173 dien\u0173.<\/p>\n<p>Nei internetin\u0117 parduotuv\u0117, nei kurjeri\u0173 \u012fmon\u0117 neatsako u\u017e preki\u0173 pristatymo v\u0117lavimus ir nesusipratimus, jei tokie v\u0117lavimai ar nesusipratimai kilo d\u0117l to, kad Pirk\u0117jas, atlikdamas u\u017esakym\u0105, pateik\u0117 netikslius ar neteisingus duomenis.<\/p>\n<p>&nbsp;<\/p>\n<p><strong>Teis\u0117 atsisakyti sutarties<\/strong><\/p>\n<p>Pirk\u0117jas, gav\u0119s u\u017esakym\u0105, turi teis\u0119 per 14 dien\u0173 atsisakyti su e-parduotuve sudarytos sutarties.<\/p>\n<p>Atsisakymo teis\u0117 netaikoma, jei pirk\u0117jas yra juridinis asmuo.<\/p>\n<p>Nor\u0117dami pasinaudoti 14 dien\u0173 sutarties atsisakymo teise, u\u017esakyt\u0173 preki\u0173 neturite naudoti jokiu kitu b\u016bdu, i\u0161skyrus tai, kas b\u016btina preki\u0173 pob\u016bd\u017eiui, savyb\u0117ms ir veikimui u\u017etikrinti taip, kaip jums b\u016bt\u0173 leista i\u0161bandyti prekes fakti\u0161kai. parduotuv\u0117.<\/p>\n<p>Jeigu prek\u0117 buvo naudota ne pagal paskirt\u012f, kuri yra b\u016btina preki\u0173 pob\u016bd\u017eiui, savyb\u0117ms ir funkcionavimui u\u017etikrinti, arba jei yra naudojimo ar nusid\u0117v\u0117jimo \u017eymi\u0173, internetin\u0117 parduotuv\u0117 turi teis\u0119 suma\u017einti gr\u0105\u017einam\u0105 sum\u0105. atsi\u017evelgiant \u012f preki\u0173 vert\u0117s suma\u017e\u0117jim\u0105.<\/p>\n<p>Norint gr\u0105\u017einti prekes, ne v\u0117liau kaip per 14 dien\u0173 nuo prek\u0117s gavimo elektroninio pa\u0161to adresu info@birdbusters.eu reikia i\u0161si\u0173sti laisvos formos pra\u0161ym\u0105.<\/p>\n<p>Preki\u0173 gr\u0105\u017einimo i\u0161laidas apmoka Pirk\u0117jas, i\u0161skyrus atvejus, kai gr\u0105\u017einimo prie\u017eastis yra ta, kad gr\u0105\u017einama prek\u0117 neatitinka u\u017esakymo (pvz., netinkama ar nekokybi\u0161ka prek\u0117).<\/p>\n<p>Pirk\u0117jas privalo gr\u0105\u017einti prekes per 14 dien\u0173 nuo sutarties atsisakymo deklaracijos pateikimo arba pateikti \u012frodymus, kad per min\u0117t\u0105 laikotarp\u012f perdav\u0117 prekes ve\u017e\u0117jui.<\/p>\n<p>Internetin\u0117 parduotuv\u0117, gavusi gr\u0105\u017einamas prekes, nedelsdama, bet ne v\u0117liau kaip po 14 dien\u0173, gr\u0105\u017eina Pirk\u0117jui visus pagal sutart\u012f i\u0161 Pirk\u0117jo gautus mok\u0117jimus.<\/p>\n<p>Internetin\u0117 parduotuv\u0117 turi teis\u0119 atsisakyti gr\u0105\u017einti pinigus, kol nebus gautos gr\u0105\u017einamos prek\u0117s arba kol pirk\u0117jas nepateiks preki\u0173 gr\u0105\u017einim\u0105 patvirtinan\u010di\u0173 \u012frodym\u0173, atsi\u017evelgiant \u012f tai, kas \u012fvyks anks\u010diau.<\/p>\n<p>Jeigu pirk\u0117jas ai\u0161kiai pasirinko kitoki\u0105 siuntimo form\u0105 nei internetin\u0117s parduotuv\u0117s si\u016bloma pigiausia \u012fprasta siuntimo forma, parduotuv\u0117 neprivalo kompensuoti i\u0161laid\u0173, vir\u0161ijan\u010di\u0173 \u012fprast\u0105 siuntimo kain\u0105.<\/p>\n<p>Internetin\u0117 parduotuv\u0117 turi teis\u0119 atsisakyti pardavimo ir reikalauti, kad pirk\u0117jas gr\u0105\u017eint\u0173 prekes, jeigu pa\u017eym\u0117ta prek\u0117s kaina internetin\u0117je parduotuv\u0117je d\u0117l klaidos yra \u017eenkliai ma\u017eesn\u0117 u\u017e prek\u0117s rinkos kain\u0105.<\/p>\n<p>Internetin\u0117 parduotuv\u0117 turi teis\u0119 viena\u0161ali\u0161kai pakeisti \u0161ias sutarties s\u0105lygas, apie tai ra\u0161tu per el. platform\u0105 neprane\u0161usi pirk\u0117jams. Internetin\u0117 parduotuv\u0117 turi teis\u0119 bet kuriuo metu keisti internetin\u0117je parduotuv\u0117je esan\u010dias kainas. Pirk\u0117jui pateikus u\u017esakym\u0105 iki s\u0105lyg\u0173 pakeitimo, jo pirkimo-pardavimo sutar\u010diai bus taikomos u\u017esakymo pateikimo momentu galiojusios s\u0105lygos.<\/p>\n<p>&nbsp;<\/p>\n<p>Internetin\u0117 parduotuv\u0117 neprisiima atsakomyb\u0117s u\u017e bet kokius galimus pirk\u0117jui padarytus nuostolius, atsiradusius d\u0117l technini\u0173 nesklandum\u0173 (problem\u0173 naudojantis internetine parduotuve), \u012fskaitant pav\u0117luot\u0105 u\u017esakytos prek\u0117s pristatym\u0105. \u010cia technin\u0117s problemos suprantamos kaip nuo pardav\u0117jo nepriklausomos technin\u0117s problemos, tokios kaip interneto ry\u0161io nutr\u016bkimai, serverio gedimai ir pan.<\/p>\n<p><strong>Prek\u0117s su defektais<\/strong><\/p>\n<p>Internetin\u0117 parduotuv\u0117 atsako u\u017e Pirk\u0117jui parduot\u0173 preki\u0173 neatitikim\u0105 sutarties s\u0105lygoms arba u\u017e tr\u016bkumus, kurie jau egzistavo preki\u0173 pristatymo metu ir atsiranda per dvejus metus nuo preki\u0173 pristatymo Pirk\u0117jui. Per pirmuosius \u0161e\u0161is pristatymo m\u0117nesius laikoma, kad defektas buvo pristatymo metu. Internetin\u0117s parduotuv\u0117s pareiga yra \u012frodyti prie\u0161ingai.<\/p>\n<p>Pirk\u0117jas turi teis\u0119 per du m\u0117nesius nuo defekto atsiradimo kreiptis \u012f internetin\u0119 parduotuv\u0119 elektroniniu pa\u0161tu info@birdbusters.eu arba telefonu +372 52671 38.<\/p>\n<p>Internetin\u0117 parduotuv\u0117 neatsako u\u017e tr\u016bkumus, atsiradusius prista\u010dius prekes pirk\u0117jui.<\/p>\n<p>Internetin\u0117 parduotuv\u0117 netenkins pretenzij\u0173, jei defektas atsirado d\u0117l netinkamo prek\u0117s naudojimo arba normalaus prek\u0117s nusid\u0117v\u0117jimo.<\/p>\n<p>Jeigu i\u0161 internetin\u0117s parduotuv\u0117s pirktos prek\u0117s turi tr\u016bkum\u0173, u\u017e kuriuos atsakinga internetin\u0117 parduotuv\u0117, internetin\u0117 parduotuv\u0117 sutaisys arba pakeis nekokybi\u0161kas prekes. Jeigu prek\u0117s pataisyti ar pakeisti negalima, internetin\u0117 parduotuv\u0117 gr\u0105\u017eina pirk\u0117jui visus su pirkimo-pardavimo sutartimi susijusius mok\u0117jimus.<\/p>\n<p>Internetin\u0117 parduotuv\u0117 atsakys \u012f vartotojo skund\u0105 ra\u0161tu arba tokia forma, kuri leid\u017eia atgaminti ra\u0161tu per 15 dien\u0173.<\/p>\n<p><strong>Asmens duomen\u0173 tvarkymas<\/strong><\/p>\n<p>Internetin\u0117 parduotuv\u0117 naudoja tik Pirk\u0117jo \u012fvestus asmens duomenis (\u012fskaitant vard\u0105, pavard\u0119, telefono numer\u012f, adres\u0105, el. pa\u0161t\u0105 ir banko rekvizitus) u\u017esakymui apdoroti ir preki\u0173 siuntimui Pirk\u0117jui.<\/p>\n<p>Asmens duomen\u0173 valdytojas yra internetin\u0117s parduotuv\u0117s savininkas Salu O\u00dc, kuris perduoda asmens duomenis \u012fgaliotam partneriui Pakipoint O\u00dc, kuris savo ruo\u017etu perduoda juos transportavimo paslaug\u0173 teik\u0117jams preki\u0173 pristatymui. Mok\u0117jimui atlikti reikalingus asmens duomenis internetin\u0117 parduotuv\u0117 i\u0161si\u0173s duomen\u0173 tvarkytojui Maksekeskus AS.<\/p>\n<p><strong>Gin\u010d\u0173 sprendimas<\/strong><\/p>\n<p>Visi pirk\u0117jo skundai d\u0117l internetin\u0117s parduotuv\u0117s turi b\u016bti siun\u010diami el. pa\u0161tu info@birdbuster.eu.<\/p>\n<p>Jeigu Pirk\u0117jas ir internetin\u0117 parduotuv\u0117 negali i\u0161spr\u0119sti gin\u010do susitarimu, Pirk\u0117jas gali kreiptis \u012f Vartotoj\u0173 gin\u010d\u0173 komisij\u0105. Susipa\u017einti su proced\u016brin\u0117mis taisykl\u0117mis ir pateikti skund\u0105 galite \u010dia. Vartotoj\u0173 gin\u010d\u0173 komisija yra kompetentinga spr\u0119sti gin\u010dus, kylan\u010dius i\u0161 pirk\u0117jo ir internetin\u0117s parduotuv\u0117s sutarties. Gin\u010d\u0173 sprendimas Vartotoj\u0173 gin\u010d\u0173 komitete pirk\u0117jui yra nemokamas.<\/p>\n<p>Pirk\u0117jas taip pat gali kreiptis \u012f Europos S\u0105jungos gin\u010dus nagrin\u0117jan\u010dias institucijas.<\/p>\n","protected":false},"excerpt":{"rendered":"<p>Naudojimo s\u0105lygos Internetin\u0117s parduotuv\u0117s birdbusters.eu (toliau \u2013 internetin\u0117 parduotuv\u0117) savininkas yra Salu O\u00dc (12600389), \u012fsik\u016brusi Kunderi 27-10, Talinas, Estija. Pardavimo sutarties galiojimas, informacija apie prek\u0119 ir kain\u0105 Pardavimo s\u0105lygos taikomos perkant prekes i\u0161 internetin\u0117s parduotuv\u0117s. Internetin\u0117je parduotuv\u0117je parduodam\u0173 preki\u0173 kainos nurodytos prie preki\u0173. Prie kainos pridedamas siuntimo mokestis. Visos kainos nurodytos eurais (EUR), \u0160vedijos kronose [&hellip;]<\/p>\n","protected":false},"author":1,"featured_media":0,"parent":0,"menu_order":0,"comment_status":"closed","ping_status":"closed","template":"","meta":{"_themeisle_gutenberg_block_has_review":false,"footnotes":""},"class_list":["post-11532","page","type-page","status-publish","hentry"],"_links":{"self":[{"href":"https:\/\/birdbusters.eu\/lt\/wp-json\/wp\/v2\/pages\/11532","targetHints":{"allow":["GET"]}}],"collection":[{"href":"https:\/\/birdbusters.eu\/lt\/wp-json\/wp\/v2\/pages"}],"about":[{"href":"https:\/\/birdbusters.eu\/lt\/wp-json\/wp\/v2\/types\/page"}],"author":[{"embeddable":true,"href":"https:\/\/birdbusters.eu\/lt\/wp-json\/wp\/v2\/users\/1"}],"replies":[{"embeddable":true,"href":"https:\/\/birdbusters.eu\/lt\/wp-json\/wp\/v2\/comments?post=11532"}],"version-history":[{"count":3,"href":"https:\/\/birdbusters.eu\/lt\/wp-json\/wp\/v2\/pages\/11532\/revisions"}],"predecessor-version":[{"id":13761,"href":"https:\/\/birdbusters.eu\/lt\/wp-json\/wp\/v2\/pages\/11532\/revisions\/13761"}],"wp:attachment":[{"href":"https:\/\/birdbusters.eu\/lt\/wp-json\/wp\/v2\/media?parent=11532"}],"curies":[{"name":"wp","href":"https:\/\/api.w.org\/{rel}","templated":true}]}}