{"id":11572,"date":"2023-12-04T14:36:43","date_gmt":"2023-12-04T13:36:43","guid":{"rendered":"https:\/\/birdbusters.eu\/?page_id=11572"},"modified":"2024-10-16T13:21:00","modified_gmt":"2024-10-16T11:21:00","slug":"kaip-pirkti","status":"publish","type":"page","link":"https:\/\/birdbusters.eu\/lt\/kaip-pirkti\/","title":{"rendered":"Kaip pirkti"},"content":{"rendered":"<h3><b><span data-contrast=\"auto\">PRISTATYMAS<\/span><\/b><span data-ccp-props=\"{&quot;335559738&quot;:240,&quot;335559739&quot;:240}\">\u00a0<\/span><\/h3>\n<p><span data-contrast=\"auto\">Prek\u0117s pristatomos visame pasaulyje. Pirkini\u0173 krep\u0161elyje per\u017ei\u016br\u0117kite galimas \u0161alis. Jei j\u016bs\u0173 \u0161alies n\u0117ra s\u0105ra\u0161e, susisiekite su mumis ir, jei \u012fmanoma, prid\u0117sime j\u016bs\u0173 \u0161al\u012f.<\/span><span data-ccp-props=\"{&quot;335559738&quot;:240,&quot;335559739&quot;:240}\">\u00a0<\/span><\/p>\n<p><span data-contrast=\"auto\">Prek\u0117s pristatomos \u012f siunt\u0173 pa\u0161tomatus arba jas pristato kurjeris. Pristatymo parinktys rodomos pasirinkus paskirties \u0161al\u012f ir \u012fvedus adres\u0105 prie\u0161 atsiskaitant.<\/span><span data-ccp-props=\"{&quot;335559738&quot;:240,&quot;335559739&quot;:240}\">\u00a0<\/span><\/p>\n<p><span data-contrast=\"auto\">Pirk\u0117jas sumoka u\u017e pristatym\u0105, o pristatymo kaina yra rodoma \u0161alia pristatymo b\u016bdo.<\/span><span data-ccp-props=\"{&quot;335559738&quot;:240,&quot;335559739&quot;:240}\">\u00a0<\/span><\/p>\n<p><span data-contrast=\"auto\">Pristatymo laikas priklauso nuo \u0161alies ir pristatymo b\u016bdo. U\u017esakymai Estijoje, Suomijoje, Latvijoje ir Lietuvoje paprastai pristatomi per 3\u201310 darbo dien\u0173 nuo pirkimo\u2013pardavimo sutarties \u012fsigaliojimo dienos. U\u017esakymai \u012f visas Europos \u0161alis garantuotai pristatomi per 18 darbo dien\u0173, o \u012f ne Europos S\u0105jungos \u0161alis \u2013 per 5 savaites.<\/span><span data-ccp-props=\"{&quot;335559738&quot;:240,&quot;335559739&quot;:240}\">\u00a0<\/span><\/p>\n<p><span data-contrast=\"auto\">Pristatymo laikas gali b\u016bti ilgesnis \u012ftemptais laikotarpiais, pavyzd\u017eiui, Kal\u0117d\u0173 laikotarpiu ir per \u201eJuodojo penktadienio\u201c i\u0161pardavim\u0105.<\/span><span data-ccp-props=\"{&quot;335559738&quot;:240,&quot;335559739&quot;:240}\">\u00a0<\/span><\/p>\n<p><span data-contrast=\"auto\">Mes neatsakome u\u017e pristatymo v\u0117lavim\u0105 d\u0117l nenumatyt\u0173 prie\u017eas\u010di\u0173.<\/span><span data-ccp-props=\"{&quot;335559738&quot;:240,&quot;335559739&quot;:240}\">\u00a0<\/span><\/p>\n<p><span data-contrast=\"auto\">Produkto prieinamumas m\u016bs\u0173 sand\u0117lyje taip pat gali tur\u0117ti \u012ftakos pristatymo terminui. I\u0161imtiniais atvejais turime teis\u0119 i\u0161si\u0173sti prekes per 45 kalendorines dienas.<\/span><span data-ccp-props=\"{&quot;335559738&quot;:240,&quot;335559739&quot;:240}\">\u00a0<\/span><\/p>\n<p><span data-contrast=\"auto\">Informuosime jus apie kiekvien\u0105 mums \u017einom\u0105 v\u0117lavim\u0105. Jei u\u017esakymas nebuvo pristatytas iki numatytos datos, susisiekite su mumis adresu <\/span><a href=\"mailto:info@birdbusters.eu\"><span data-contrast=\"none\">info@birdbusters.eu<\/span><\/a><span data-contrast=\"auto\">.<\/span><span data-ccp-props=\"{&quot;335559738&quot;:240,&quot;335559739&quot;:240}\">\u00a0<\/span><\/p>\n<p><span data-contrast=\"auto\">Nei internetin\u0117 parduotuv\u0117, nei siunt\u0173 bendrov\u0117 neatsako u\u017e preki\u0173 pristatymo v\u0117lavim\u0105 ir nesusipratimus, jei toks v\u0117lavimas ar nesusipratimas kilo d\u0117l to, kad pirk\u0117jas, u\u017esakydamas prekes, pateik\u0117 netikslius ar neteisingus duomenis.<\/span><span data-ccp-props=\"{&quot;335559738&quot;:240,&quot;335559739&quot;:240}\">\u00a0<\/span><\/p>\n<p><span data-contrast=\"auto\">Visi u\u017esakymai siun\u010diami i\u0161 Europos S\u0105jungos.<\/span><span data-ccp-props=\"{&quot;335559738&quot;:120,&quot;335559739&quot;:240}\">\u00a0<\/span><\/p>\n<h3><b><span data-contrast=\"auto\">GR\u0104\u017dINIMO POLITIKA<\/span><\/b><\/h3>\n<p><b><span data-contrast=\"auto\">Gr\u0105\u017einimas per 14-a dien\u0173. <\/span><\/b><span data-contrast=\"auto\">Galite at\u0161aukti u\u017esakym\u0105 ir gr\u0105\u017einti prekes per 14 dien\u0173 po j\u0173 pristatymo. 14-os dien\u0173 terminas skai\u010diuoti pradedamas nuo tada, kai j\u016bs arba j\u016bs\u0173 pasirinkta tre\u010dioji \u0161alis (ne pristatymo tarnyba) gauna prekes. Nepamir\u0161kite per \u0161\u012f laikotarp\u012f i\u0161si\u0173sti preki\u0173 atgal arba pateikti gr\u0105\u017einim\u0105 patvirtinant\u012f dokument\u0105.<\/span><span data-ccp-props=\"{&quot;335559738&quot;:120,&quot;335559739&quot;:240}\">\u00a0<\/span><\/p>\n<p><b><span data-contrast=\"auto\">Gr\u0105\u017einimo s\u0105lygos<\/span><\/b><span data-ccp-props=\"{&quot;335559738&quot;:240,&quot;335559739&quot;:240}\">\u00a0<\/span><\/p>\n<p><span data-contrast=\"auto\">Prek\u0117s turi b\u016bti gr\u0105\u017einamos originalioje pakuot\u0117je su visomis etiket\u0117mis. Jei kainos etiket\u0117 arba pakuot\u0117 yra pa\u017eeista, taikomos pagr\u012fstos i\u0161imtys. Bet kokiu atveju panaudot\u0173 daikt\u0173 gr\u0105\u017einti negalima.<\/span><span data-ccp-props=\"{&quot;335559738&quot;:240,&quot;335559739&quot;:240}\">\u00a0<\/span><\/p>\n<p><span data-contrast=\"auto\">Jei gavus siuntin\u012f paai\u0161k\u0117ja, kad jis yra pa\u017eeistas, gav\u0117jas, <\/span><i><span data-contrast=\"auto\">prie\u0161 atidarydamas<\/span><\/i><span data-contrast=\"auto\"> siuntin\u012f, turi padaryti ai\u0161kias jo nuotraukas. \u0160iose nuotraukose turi b\u016bti akivaizd\u017eiai matomi pakuot\u0117s i\u0161or\u0117s pa\u017eeidimai. Tada gav\u0117jas nedelsdamas tur\u0117t\u0173 i\u0161si\u0173sti nuotraukas, u\u017esakymo numer\u012f ir trump\u0105 pa\u017eeidimo apra\u0161ym\u0105 m\u016bs\u0173 klient\u0173 aptarnavimo komandai adresu <\/span><a href=\"mailto:info@birdbusters.eu\"><b><span data-contrast=\"none\">info@birdbusters.eu<\/span><\/b><\/a><b><span data-contrast=\"auto\">.<\/span><\/b><span data-contrast=\"auto\"> Jei prie\u0161 atidarant pakuot\u0119 jos b\u016bkl\u0117 nebuvo u\u017efiksuota, tai gali tur\u0117ti \u012ftakos teisei \u012f pinig\u0173 gr\u0105\u017einim\u0105 arba prek\u0117s pakeitim\u0105.<\/span><span data-ccp-props=\"{&quot;335559738&quot;:240,&quot;335559739&quot;:240}\">\u00a0<\/span><\/p>\n<p><span data-contrast=\"auto\">Norint pasinaudoti 14-os dien\u0173 gr\u0105\u017einimo ir (arba) at\u0161aukimo teise, prek\u0117s neturi b\u016bti naudojamos kitaip, nei b\u016btina preki\u0173 pob\u016bd\u017eiui, savyb\u0117ms ir veikimui u\u017etikrinti taip, kaip jums b\u016bt\u0173 leista i\u0161bandyti prekes fizin\u0117je parduotuv\u0117je.<\/span><span data-ccp-props=\"{&quot;335559738&quot;:240,&quot;335559739&quot;:240}\">\u00a0<\/span><\/p>\n<p><span data-contrast=\"auto\">D\u0117l matomo nusid\u0117v\u0117jimo ar netinkamo naudojimo gali b\u016bti atsisakyta priimti gr\u0105\u017einamas prekes arba gali b\u016bti gr\u0105\u017einama ma\u017eesn\u0117 suma, atsi\u017evelgiant \u012f suma\u017e\u0117jusi\u0105 preki\u0173 vert\u0119.<\/span><span data-ccp-props=\"{&quot;335559738&quot;:240,&quot;335559739&quot;:240}\">\u00a0<\/span><\/p>\n<p><span data-contrast=\"auto\">Teis\u0117 gr\u0105\u017einti prekes per 14-a dien\u0173 yra netaikoma \u012fmon\u0117ms ir (arba) juridiniams asmenims.<\/span><span data-ccp-props=\"{&quot;335559738&quot;:240,&quot;335559739&quot;:240}\">\u00a0<\/span><\/p>\n<p><b><span data-contrast=\"auto\">Preki\u0173 gr\u0105\u017einimo tvarka. <\/span><\/b><span data-contrast=\"auto\">B\u016btina pateikti gr\u0105\u017einimo u\u017eklaus\u0105 el. pa\u0161tu <\/span><a href=\"mailto:info@birdbusters.eu\"><span data-contrast=\"none\">info@birdbusters.eu<\/span><\/a><span data-contrast=\"auto\"> ne v\u0117liau kaip per 14 dien\u0173 nuo preki\u0173 gavimo.<\/span><span data-ccp-props=\"{&quot;335559738&quot;:240,&quot;335559739&quot;:240}\">\u00a0<\/span><\/p>\n<p><b><span data-contrast=\"auto\">Gr\u0105\u017einimo i\u0161laidos. <\/span><\/b><span data-contrast=\"auto\">J\u016bs tur\u0117site padengti gr\u0105\u017einimo i\u0161laidas, nebent gr\u0105\u017einimo prie\u017eastis yra u\u017esakymo neatitikimas arba prek\u0117 yra netinkama ar sugedusi.<\/span><span data-ccp-props=\"{&quot;335559738&quot;:240,&quot;335559739&quot;:240}\">\u00a0<\/span><\/p>\n<p><b><span data-contrast=\"auto\">Atsakomyb\u0117. <\/span><\/b><span data-contrast=\"auto\">Esate atsakingi u\u017e prek\u0119, kol ji saugiai pasieks mus. Pasir\u016bpinkite tinkamai supakuoti prek\u0119, kad gabenant ji neb\u016bt\u0173 pa\u017eeista.<\/span><span data-ccp-props=\"{&quot;335559738&quot;:240,&quot;335559739&quot;:240}\">\u00a0<\/span><\/p>\n<p><b><span data-contrast=\"auto\">Pinig\u0173 gr\u0105\u017einimas. <\/span><\/b><span data-contrast=\"auto\">Pinigai gr\u0105\u017einami kuo grei\u010diau, bet ne v\u0117liau kaip per 14 dien\u0173 nuo gr\u0105\u017eint\u0173 preki\u0173 gavimo. Pinigai bus gr\u0105\u017einami \u012f t\u0105 pa\u010di\u0105 s\u0105skait\u0105, i\u0161 kurios buvo atliktas mok\u0117jimas.<\/span><span data-ccp-props=\"{&quot;335559738&quot;:240,&quot;335559739&quot;:240}\">\u00a0<\/span><\/p>\n<p><span data-contrast=\"auto\">Viso u\u017esakymo sumos gr\u0105\u017einimas apima ir pristatymo i\u0161laid\u0173 gr\u0105\u017einim\u0105.<\/span><span data-ccp-props=\"{&quot;335559738&quot;:240,&quot;335559739&quot;:240}\">\u00a0<\/span><\/p>\n<p><span data-contrast=\"auto\">Jei pinigai gr\u0105\u017einami tik u\u017e dal\u012f preki\u0173, tokiu atveju pristatymo i\u0161laidos n\u0117ra gr\u0105\u017einamos.<\/span><span data-ccp-props=\"{&quot;335559738&quot;:240,&quot;335559739&quot;:240}\">\u00a0<\/span><\/p>\n<p><span data-contrast=\"auto\">Internetin\u0117 parduotuv\u0117 turi teis\u0119 atsisakyti gr\u0105\u017einti pinigus, kol bus gautos gr\u0105\u017einamos prek\u0117s arba kol pirk\u0117jas nepateiks \u012frodym\u0173, kad gr\u0105\u017eina prekes, atsi\u017evelgiant \u012f tai, kas \u012fvyks anks\u010diau.<\/span><span data-ccp-props=\"{&quot;335559738&quot;:240,&quot;335559739&quot;:240}\">\u00a0<\/span><\/p>\n<p><span data-contrast=\"auto\">Jei pirk\u0117jas pasirinko kitok\u012f pristatymo b\u016bd\u0105 nei pigiausias \u012fprastas pristatymo b\u016bdas, kur\u012f si\u016blo internetin\u0117 parduotuv\u0117, parduotuv\u0117 neprivalo kompensuoti \u012fprast\u0105 pristatymo kain\u0105 vir\u0161ijan\u010di\u0173 i\u0161laid\u0173.<\/span><span data-ccp-props=\"{&quot;335559738&quot;:240,&quot;335559739&quot;:240}\">\u00a0<\/span><\/p>\n<p><span data-contrast=\"auto\">Internetin\u0117 parduotuv\u0117 turi teis\u0119 atsisakyti parduoti prekes ir pareikalauti, kad pirk\u0117jas jas gr\u0105\u017eint\u0173, jei d\u0117l klaidos internetin\u0117je parduotuv\u0117je nurodyta preki\u0173 kaina yra gerokai ma\u017eesn\u0117 u\u017e j\u0173 rinkos kain\u0105.<\/span><span data-ccp-props=\"{&quot;335559738&quot;:240,&quot;335559739&quot;:240}\">\u00a0<\/span><\/p>\n<p><span data-contrast=\"auto\">Internetin\u0117 parduotuv\u0117 neprisiima atsakomyb\u0117s u\u017e bet koki\u0105 galim\u0105 \u017eal\u0105, padaryt\u0105 pirk\u0117jui d\u0117l technini\u0173 prie\u017eas\u010di\u0173 (problem\u0173 naudojantis internetine parduotuve), \u012fskaitant pav\u0117luot\u0105 u\u017esakyto produkto pristatym\u0105. \u0160iuo atveju technin\u0117s prie\u017eastys suprantamos kaip nuo pardav\u0117jo nepriklausan\u010dios technin\u0117s problemos, pavyzd\u017eiui, interneto ry\u0161io sutrikimas, serverio gedimas ir pan.<\/span><span data-ccp-props=\"{&quot;335559738&quot;:240,&quot;335559739&quot;:240}\">\u00a0<\/span><\/p>\n<h3><b><span data-contrast=\"auto\">TEIS\u0116 PAREIK\u0160TI PRETENZIJ\u0104<\/span><\/b><span data-ccp-props=\"{&quot;335559738&quot;:240,&quot;335559739&quot;:240}\">\u00a0<\/span><\/h3>\n<p><span data-contrast=\"auto\">Internetin\u0117 parduotuv\u0117 yra atsakinga u\u017e parduot\u0173 preki\u0173 neatitikim\u0105 reikalavimams arba u\u017e tr\u016bkumus, kurie buvo pristatymo metu arba atsirado per dvejus metus.<\/span><span data-ccp-props=\"{&quot;335559738&quot;:240,&quot;335559739&quot;:240}\">\u00a0<\/span><\/p>\n<p><span data-contrast=\"auto\">Darome prielaid\u0105, kad tai bet kokie defektai, pasteb\u0117ti per \u0161e\u0161is m\u0117nesius nuo pristatymo dienos, o jei kyla abejoni\u0173 (d\u0117l ty\u010dinio sugadinimo), privalome \u012frodyti prie\u0161ingai.<\/span><span data-ccp-props=\"{&quot;335559738&quot;:240,&quot;335559739&quot;:240}\">\u00a0<\/span><\/p>\n<p><span data-contrast=\"auto\">Pirk\u0117jas privalo prane\u0161ti apie defektus per du m\u0117nesius nuo j\u0173 pasteb\u0117jimo.<\/span><span data-ccp-props=\"{&quot;335559738&quot;:240,&quot;335559739&quot;:240}\">\u00a0<\/span><\/p>\n<p><span data-contrast=\"auto\">Mes neatsakome u\u017e \u017eal\u0105, atsiradusi\u0105 d\u0117l pirk\u0117jo kalt\u0117s ar aplaidumo, netinkamo gaminio naudojimo ar nat\u016bralaus nusid\u0117v\u0117jimo naudojant \u012fprastai.<\/span><span data-ccp-props=\"{&quot;335559738&quot;:240,&quot;335559739&quot;:240}\">\u00a0<\/span><\/p>\n<p><span data-contrast=\"auto\">Jei i\u0161 internetin\u0117s parduotuv\u0117s \u012fsigytos prek\u0117s turi defekt\u0173, u\u017e kuriuos esame atsakingi, suremontuosime arba pakeisime nekokybi\u0161kas prekes. Jei preki\u0173 negalima suremontuoti ar pakeisti, gr\u0105\u017einsime pinigus u\u017e nekokybi\u0161kas prekes.<\/span><span data-ccp-props=\"{&quot;335559738&quot;:240,&quot;335559739&quot;:240}\">\u00a0<\/span><\/p>\n<p><span data-contrast=\"auto\">\u012e j\u016bs\u0173 pretenzij\u0105 atsakysime ra\u0161tu per 15 dien\u0173.<\/span><span data-ccp-props=\"{&quot;335559738&quot;:240,&quot;335559739&quot;:240}\">\u00a0<\/span><\/p>\n<p><span data-contrast=\"auto\">Norint prane\u0161ti apie defekt\u0105, reikia pateikti atitinkam\u0105 pretenzij\u0105 el. pa\u0161tu <\/span><a href=\"mailto:info@birdbusters.eu\"><span data-contrast=\"none\">info@birdbusters.eu<\/span><\/a><span data-contrast=\"auto\">. Pretenzijoje turi b\u016bti nurodyta toliau pateikta informacija.<\/span><span data-ccp-props=\"{&quot;335559738&quot;:240,&quot;335559739&quot;:240}\">\u00a0<\/span><\/p>\n<ul>\n<li data-leveltext=\"\uf0b7\" data-font=\"Symbol\" data-listid=\"1\" data-list-defn-props=\"{&quot;335552541&quot;:1,&quot;335559685&quot;:720,&quot;335559991&quot;:360,&quot;469769226&quot;:&quot;Symbol&quot;,&quot;469769242&quot;:[8226],&quot;469777803&quot;:&quot;left&quot;,&quot;469777804&quot;:&quot;\uf0b7&quot;,&quot;469777815&quot;:&quot;hybridMultilevel&quot;}\" aria-setsize=\"-1\" data-aria-posinset=\"1\" data-aria-level=\"1\"><span data-contrast=\"auto\">Vardas, pavard\u0117 ir kita kontaktin\u0117 informacija<\/span><span data-ccp-props=\"{&quot;335559739&quot;:0}\">\u00a0<\/span><\/li>\n<\/ul>\n<ul>\n<li data-leveltext=\"\uf0b7\" data-font=\"Symbol\" data-listid=\"1\" data-list-defn-props=\"{&quot;335552541&quot;:1,&quot;335559685&quot;:720,&quot;335559991&quot;:360,&quot;469769226&quot;:&quot;Symbol&quot;,&quot;469769242&quot;:[8226],&quot;469777803&quot;:&quot;left&quot;,&quot;469777804&quot;:&quot;\uf0b7&quot;,&quot;469777815&quot;:&quot;hybridMultilevel&quot;}\" aria-setsize=\"-1\" data-aria-posinset=\"2\" data-aria-level=\"1\"><span data-contrast=\"auto\">Pretenzijos data<\/span><span data-ccp-props=\"{&quot;335559739&quot;:0}\">\u00a0<\/span><\/li>\n<\/ul>\n<ul>\n<li data-leveltext=\"\uf0b7\" data-font=\"Symbol\" data-listid=\"1\" data-list-defn-props=\"{&quot;335552541&quot;:1,&quot;335559685&quot;:720,&quot;335559991&quot;:360,&quot;469769226&quot;:&quot;Symbol&quot;,&quot;469769242&quot;:[8226],&quot;469777803&quot;:&quot;left&quot;,&quot;469777804&quot;:&quot;\uf0b7&quot;,&quot;469777815&quot;:&quot;hybridMultilevel&quot;}\" aria-setsize=\"-1\" data-aria-posinset=\"3\" data-aria-level=\"1\"><span data-contrast=\"auto\">Defekto apra\u0161ymas<\/span><span data-ccp-props=\"{&quot;335559739&quot;:0}\">\u00a0<\/span><\/li>\n<\/ul>\n<ul>\n<li data-leveltext=\"\uf0b7\" data-font=\"Symbol\" data-listid=\"1\" data-list-defn-props=\"{&quot;335552541&quot;:1,&quot;335559685&quot;:720,&quot;335559991&quot;:360,&quot;469769226&quot;:&quot;Symbol&quot;,&quot;469769242&quot;:[8226],&quot;469777803&quot;:&quot;left&quot;,&quot;469777804&quot;:&quot;\uf0b7&quot;,&quot;469777815&quot;:&quot;hybridMultilevel&quot;}\" aria-setsize=\"-1\" data-aria-posinset=\"4\" data-aria-level=\"1\"><span data-contrast=\"auto\">U\u017esakymo numeris<\/span><span data-ccp-props=\"{&quot;335559739&quot;:0}\">\u00a0<\/span><\/li>\n<\/ul>\n<ul>\n<li data-leveltext=\"\uf0b7\" data-font=\"Symbol\" data-listid=\"1\" data-list-defn-props=\"{&quot;335552541&quot;:1,&quot;335559685&quot;:720,&quot;335559991&quot;:360,&quot;469769226&quot;:&quot;Symbol&quot;,&quot;469769242&quot;:[8226],&quot;469777803&quot;:&quot;left&quot;,&quot;469777804&quot;:&quot;\uf0b7&quot;,&quot;469777815&quot;:&quot;hybridMultilevel&quot;}\" aria-setsize=\"-1\" data-aria-posinset=\"5\" data-aria-level=\"1\"><span data-contrast=\"auto\">Defekto nuotraukos<\/span><span data-ccp-props=\"{&quot;335559739&quot;:0}\">\u00a0<\/span><\/li>\n<\/ul>\n<p>&nbsp;<\/p>\n<p>&nbsp;<\/p>\n<p>&nbsp;<\/p>\n<p>&nbsp;<\/p>\n<p>&nbsp;<\/p>\n","protected":false},"excerpt":{"rendered":"<p>PRISTATYMAS\u00a0 Prek\u0117s pristatomos visame pasaulyje. Pirkini\u0173 krep\u0161elyje per\u017ei\u016br\u0117kite galimas \u0161alis. Jei j\u016bs\u0173 \u0161alies n\u0117ra s\u0105ra\u0161e, susisiekite su mumis ir, jei \u012fmanoma, prid\u0117sime j\u016bs\u0173 \u0161al\u012f.\u00a0 Prek\u0117s pristatomos \u012f siunt\u0173 pa\u0161tomatus arba jas pristato kurjeris. Pristatymo parinktys rodomos pasirinkus paskirties \u0161al\u012f ir \u012fvedus adres\u0105 prie\u0161 atsiskaitant.\u00a0 Pirk\u0117jas sumoka u\u017e pristatym\u0105, o pristatymo kaina yra rodoma \u0161alia pristatymo [&hellip;]<\/p>\n","protected":false},"author":1,"featured_media":0,"parent":0,"menu_order":0,"comment_status":"closed","ping_status":"closed","template":"","meta":{"_themeisle_gutenberg_block_has_review":false,"footnotes":""},"class_list":["post-11572","page","type-page","status-publish","hentry"],"_links":{"self":[{"href":"https:\/\/birdbusters.eu\/lt\/wp-json\/wp\/v2\/pages\/11572","targetHints":{"allow":["GET"]}}],"collection":[{"href":"https:\/\/birdbusters.eu\/lt\/wp-json\/wp\/v2\/pages"}],"about":[{"href":"https:\/\/birdbusters.eu\/lt\/wp-json\/wp\/v2\/types\/page"}],"author":[{"embeddable":true,"href":"https:\/\/birdbusters.eu\/lt\/wp-json\/wp\/v2\/users\/1"}],"replies":[{"embeddable":true,"href":"https:\/\/birdbusters.eu\/lt\/wp-json\/wp\/v2\/comments?post=11572"}],"version-history":[{"count":4,"href":"https:\/\/birdbusters.eu\/lt\/wp-json\/wp\/v2\/pages\/11572\/revisions"}],"predecessor-version":[{"id":12574,"href":"https:\/\/birdbusters.eu\/lt\/wp-json\/wp\/v2\/pages\/11572\/revisions\/12574"}],"wp:attachment":[{"href":"https:\/\/birdbusters.eu\/lt\/wp-json\/wp\/v2\/media?parent=11572"}],"curies":[{"name":"wp","href":"https:\/\/api.w.org\/{rel}","templated":true}]}}