{"id":8797,"date":"2022-06-29T14:44:00","date_gmt":"2022-06-29T12:44:00","guid":{"rendered":"https:\/\/birdbusters.eu\/cart\/"},"modified":"2026-02-12T09:23:18","modified_gmt":"2026-02-12T08:23:18","slug":"cart","status":"publish","type":"page","link":"https:\/\/birdbusters.eu\/lt\/cart\/","title":{"rendered":"Krep\u0161elis"},"content":{"rendered":"<div class=\"woocommerce\"><\/div>\n<h4>\u012esitikinkite, kad produktas, kur\u012f perkate atitinka pa\u0161tomato d\u0117\u017eut\u0117s i\u0161matavimus. Pasirinkus neteising\u0105 pristatymo metod\u0105, siunta gali b\u016bti nepristatyta.<\/h4>\n","protected":false},"excerpt":{"rendered":"<p>\u012esitikinkite, kad produktas, kur\u012f perkate atitinka pa\u0161tomato d\u0117\u017eut\u0117s i\u0161matavimus. Pasirinkus neteising\u0105 pristatymo metod\u0105, siunta gali b\u016bti nepristatyta.<\/p>\n","protected":false},"author":1,"featured_media":0,"parent":0,"menu_order":0,"comment_status":"closed","ping_status":"open","template":"","meta":{"_themeisle_gutenberg_block_has_review":false,"rank_math_focus_keyword":"","rank_math_title":"","rank_math_description":"","rank_math_canonical_url":"","rank_math_facebook_title":"","rank_math_facebook_description":"","rank_math_facebook_image":"","rank_math_twitter_title":"","rank_math_twitter_description":"","rank_math_twitter_image":"","rank_math_schema_FAQPage":[],"footnotes":""},"class_list":["post-8797","page","type-page","status-publish","hentry"],"_links":{"self":[{"href":"https:\/\/birdbusters.eu\/lt\/wp-json\/wp\/v2\/pages\/8797","targetHints":{"allow":["GET"]}}],"collection":[{"href":"https:\/\/birdbusters.eu\/lt\/wp-json\/wp\/v2\/pages"}],"about":[{"href":"https:\/\/birdbusters.eu\/lt\/wp-json\/wp\/v2\/types\/page"}],"author":[{"embeddable":true,"href":"https:\/\/birdbusters.eu\/lt\/wp-json\/wp\/v2\/users\/1"}],"replies":[{"embeddable":true,"href":"https:\/\/birdbusters.eu\/lt\/wp-json\/wp\/v2\/comments?post=8797"}],"version-history":[{"count":3,"href":"https:\/\/birdbusters.eu\/lt\/wp-json\/wp\/v2\/pages\/8797\/revisions"}],"predecessor-version":[{"id":11542,"href":"https:\/\/birdbusters.eu\/lt\/wp-json\/wp\/v2\/pages\/8797\/revisions\/11542"}],"wp:attachment":[{"href":"https:\/\/birdbusters.eu\/lt\/wp-json\/wp\/v2\/media?parent=8797"}],"curies":[{"name":"wp","href":"https:\/\/api.w.org\/{rel}","templated":true}]}}