{"id":11593,"date":"2023-11-22T17:12:02","date_gmt":"2023-11-22T16:12:02","guid":{"rendered":"https:\/\/birdbusters.eu\/product\/automatinis-pauksciu-atbaidymo-lazeris\/"},"modified":"2025-10-31T11:01:25","modified_gmt":"2025-10-31T10:01:25","slug":"automatinis-pauksciu-atbaidymo-lazeris","status":"publish","type":"product","link":"https:\/\/birdbusters.eu\/lt\/produktas\/automatinis-pauksciu-atbaidymo-lazeris\/","title":{"rendered":"Automatinis pauk\u0161\u010di\u0173 atbaidymo lazeris"},"content":{"rendered":"<p><span style=\"font-weight: 400;\">Visi\u0161kai automatinis pauk\u0161\u010di\u0173 lazeris yra efektyviausias lazerinis prietaisas kovojant su kenk\u0117jais. Lazerio spinduliai juda pirmyn ir atgal ik<strong>i 350 laipsni\u0173 horizontaliai <\/strong>ir iki<strong> 60 laipsni\u0173 vertikaliai<\/strong>. Pauk\u0161\u010diai lazerio spindul\u012f suvokia kaip art\u0117jant\u012f fizin\u012f pavoj\u0173 ir b\u0117ga nuo jo.<\/span><\/p>\n<p>&nbsp;<\/p>\n<p><span style=\"font-weight: 400;\">Prietaisas ypa\u010d naudingas \u017eem\u0117s \u016bkyje ir sodininkyst\u0117je nuo \u017e\u0105s\u0173, an\u010di\u0173 ir varn\u0173. Soduose jis veiksmingas nuo baland\u017ei\u0173, korvid\u0173 ir zyli\u0173. Nuo daugiabu\u010di\u0173 atbaido \u017euv\u0117dras, baland\u017eius ir varnas. Ta\u010diau jei baland\u017eiai jau surezg\u0117 lizdus, lazeris j\u0173 nei\u0161vys.<\/span><\/p>\n<p>&nbsp;<\/p>\n<p><span style=\"font-weight: 400;\">\u0160is konkretus modelis vis\u0173 pirma skirtas naudoti lauke esant prastam ap\u0161vietimui. Jis efektyviausias debesuoto, lietingo ar \u016bkanoto oro s\u0105lygomis bei rytais ir vakarais, kai pauk\u0161\u010diai yra aktyviausi. Atstumas debesuotu dangumi yra iki 2 kilometr\u0173 (1 mylia).<\/span><\/p>\n<p>&nbsp;<\/p>\n<p><span style=\"font-weight: 400;\">Ry\u0161kioje saul\u0117s \u0161viesoje lazerio spindulys n\u0117ra ai\u0161kiai matomas, tod\u0117l prietaisas n\u0117ra toks efektyvus kaip esant silpnam ap\u0161vietimui.<\/span><\/p>\n<p>&nbsp;<\/p>\n<p><span style=\"font-weight: 400;\">Lazeris yra visi\u0161kai tylus, tod\u0117l netrukdys \u0161alia esantiems \u017emon\u0117ms. Jis taip pat yra atsparus oro s\u0105lygoms (IP66) ir veikia nuo -15 iki 30 \u2103 temperat\u016broje.<\/span><\/p>\n<p>&nbsp;<\/p>\n<p><span style=\"font-weight: 400;\">Kadangi skryd\u017eio reakcij\u0105 sukelia pauk\u0161\u010dio i\u0161gyvenimo instinktas, o lazerio spinduli\u0173 jud\u0117jimas yra nenusp\u0117jamas, pripratimo efekto n\u0117ra. Jei lazeris bus naudojamas nuosekliai, pauk\u0161\u010diai prad\u0117s vengti \u0161ios srities.<\/span><\/p>\n<p>&nbsp;<\/p>\n<p><span style=\"font-weight: 400;\">Automatin\u012f pauk\u0161\u010di\u0173 lazer\u012f nustatyti labai paprasta. Naudodami mygtukus galite nustatyti diapazon\u0105 ir prietaisas bus paruo\u0161tas veikti vos per kelias minutes. Veikia su <a href=\"https:\/\/birdbusters.eu\/lt\/produktas\/12-v-baterija\/\">12 V baterija<\/a> arba gali b\u016bti maitinamas saul\u0117s baterijomis (net \u017eiemos m\u0117nesiais). Kiti priedai apima vandeniui atspar\u0173 adapter\u012f lazeriui prijungti prie elektros tinklo.<\/span><\/p>\n<p>&nbsp;<\/p>\n<p><span style=\"font-weight: 400;\">NB! Automatinis pauk\u0161\u010di\u0173 lazeris transportuojamas ir pristatomas ant pad\u0117klo!<\/span><\/p>\n","protected":false},"excerpt":{"rendered":"<p><span style=\"font-weight: 400;\">Galingas ir efektyvus automatinis pauk\u0161\u010di\u0173 atbaidymo lazeris \u2013 tai visi\u0161kai automatinis \u012frenginys, atbaidantis pauk\u0161\u010dius i\u0161 didelio atstumo horizontaliais ir vertikaliais lazerio spinduliais. Ypa\u010d efektyvus tose vietose, kur vien horizontalios sijos neu\u017etenka. Tai labai efektyvu soduose, vynuogynuose, taip pat stog\u0173 apsaugai, kur pastatai yra skirtingo auk\u0161\u010dio.<\/span><\/p>\n<p><strong>I\u0161matavimai: <\/strong>46 x 46 x 70<\/p>\n<p><strong>Svoris: <\/strong>22 kg<\/p>\n","protected":false},"featured_media":11594,"template":"","meta":{"_themeisle_gutenberg_block_has_review":false},"product_brand":[],"product_cat":[131,124],"product_tag":[],"class_list":{"0":"post-11593","1":"product","2":"type-product","3":"status-publish","4":"has-post-thumbnail","6":"product_cat-lazeriniai-pauksciu-repelentai-lt","7":"product_cat-pauksciu-repelentai-lt","9":"first","10":"onbackorder","11":"taxable","12":"shipping-taxable","13":"purchasable","14":"product-type-simple"},"_links":{"self":[{"href":"https:\/\/birdbusters.eu\/lt\/wp-json\/wp\/v2\/product\/11593","targetHints":{"allow":["GET"]}}],"collection":[{"href":"https:\/\/birdbusters.eu\/lt\/wp-json\/wp\/v2\/product"}],"about":[{"href":"https:\/\/birdbusters.eu\/lt\/wp-json\/wp\/v2\/types\/product"}],"wp:featuredmedia":[{"embeddable":true,"href":"https:\/\/birdbusters.eu\/lt\/wp-json\/wp\/v2\/media\/11594"}],"wp:attachment":[{"href":"https:\/\/birdbusters.eu\/lt\/wp-json\/wp\/v2\/media?parent=11593"}],"wp:term":[{"taxonomy":"product_brand","embeddable":true,"href":"https:\/\/birdbusters.eu\/lt\/wp-json\/wp\/v2\/product_brand?post=11593"},{"taxonomy":"product_cat","embeddable":true,"href":"https:\/\/birdbusters.eu\/lt\/wp-json\/wp\/v2\/product_cat?post=11593"},{"taxonomy":"product_tag","embeddable":true,"href":"https:\/\/birdbusters.eu\/lt\/wp-json\/wp\/v2\/product_tag?post=11593"}],"curies":[{"name":"wp","href":"https:\/\/api.w.org\/{rel}","templated":true}]}}