{"id":11673,"date":"2018-02-07T11:00:38","date_gmt":"2018-02-07T10:00:38","guid":{"rendered":"https:\/\/birdbusters.eu\/product\/varnu-baidykle-bird-gard-pro\/"},"modified":"2018-02-07T11:00:38","modified_gmt":"2018-02-07T10:00:38","slug":"varnu-baidykle-bird-gard-pro","status":"publish","type":"product","link":"https:\/\/birdbusters.eu\/lt\/produktas\/varnu-baidykle-bird-gard-pro\/","title":{"rendered":"Varn\u0173 Baidykl\u0117 Bird Gard Pro"},"content":{"rendered":"<p>Varn\u0173 Baidykl\u0117 Bird Gard Pro skirta apsaugoti pastatus ir \u012frenginius. Prietaisas skleid\u017eia juodvarnio pavojaus signal\u0105, kuris g\u0105sdina pauk\u0161\u010dius. Veikimo diapazonas be papildom\u0173 garsiakalbi\u0173 yra iki 0,6 hektaro.<\/p>\n<p>Galimas papildomas garsiakalbio u\u017esakymas.<\/p>\n","protected":false},"excerpt":{"rendered":"<p>https:\/\/youtu.be\/rBnHY4xFQBo<\/p>\n<p><strong>Varn\u0173 Baidykl\u0117 Bird Gard Pro<\/strong> skirta apsaugoti pastatus ir \u012frenginius. Prietaisas skleid\u017eia juodvarnio pavojaus signal\u0105, kuris <strong>g\u0105sdina pauk\u0161\u010dius<\/strong>. Veikimo diapazonas be papildom\u0173 garsiakalbi\u0173 yra <strong>iki 0,6 hektaro<\/strong>.<\/p>\n<p>&nbsp;<\/p>\n","protected":false},"featured_media":8582,"template":"","meta":{"_themeisle_gutenberg_block_has_review":false},"product_brand":[],"product_cat":[119,120],"product_tag":[],"class_list":{"0":"post-11673","1":"product","2":"type-product","3":"status-publish","4":"has-post-thumbnail","6":"product_cat-garsiniai-pauksciu-atgrasymo-prietaisai-lt","7":"product_cat-pauksciu-atgrasymo-prietaisai-lt","9":"first","10":"onbackorder","11":"taxable","12":"shipping-taxable","13":"purchasable","14":"product-type-simple"},"_links":{"self":[{"href":"https:\/\/birdbusters.eu\/lt\/wp-json\/wp\/v2\/product\/11673","targetHints":{"allow":["GET"]}}],"collection":[{"href":"https:\/\/birdbusters.eu\/lt\/wp-json\/wp\/v2\/product"}],"about":[{"href":"https:\/\/birdbusters.eu\/lt\/wp-json\/wp\/v2\/types\/product"}],"wp:featuredmedia":[{"embeddable":true,"href":"https:\/\/birdbusters.eu\/lt\/wp-json\/wp\/v2\/media\/8582"}],"wp:attachment":[{"href":"https:\/\/birdbusters.eu\/lt\/wp-json\/wp\/v2\/media?parent=11673"}],"wp:term":[{"taxonomy":"product_brand","embeddable":true,"href":"https:\/\/birdbusters.eu\/lt\/wp-json\/wp\/v2\/product_brand?post=11673"},{"taxonomy":"product_cat","embeddable":true,"href":"https:\/\/birdbusters.eu\/lt\/wp-json\/wp\/v2\/product_cat?post=11673"},{"taxonomy":"product_tag","embeddable":true,"href":"https:\/\/birdbusters.eu\/lt\/wp-json\/wp\/v2\/product_tag?post=11673"}],"curies":[{"name":"wp","href":"https:\/\/api.w.org\/{rel}","templated":true}]}}