{"id":11684,"date":"2015-09-09T13:39:01","date_gmt":"2015-09-09T11:39:01","guid":{"rendered":"https:\/\/birdbusters.eu\/product\/balandziu-baidykle-birdgard-pro\/"},"modified":"2025-04-14T11:52:36","modified_gmt":"2025-04-14T09:52:36","slug":"balandziu-baidykle-birdgard-pro","status":"publish","type":"product","link":"https:\/\/birdbusters.eu\/lt\/produktas\/balandziu-baidykle-birdgard-pro\/","title":{"rendered":"Baland\u017ei\u0173 Baidykl\u0117 BirdGard Pro"},"content":{"rendered":"<p><strong>Baland\u017ei\u0173 Baidykl\u0117 BirdGard Pro<\/strong><\/p>\n<p>\u0160is pauk\u0161\u010di\u0173 repelentas skirtas apsaugoti pastatus ir \u012frenginius nuo baland\u017ei\u0173. Prietaisas skleid\u017eia konkret\u0173 baland\u017ei\u0173 pavojaus signal\u0105, kuris juos g\u0105sdina. Veikimo diapazonas be papildom\u0173 garsiakalbi\u0173 \u2013 iki 0,6 hektaro.<\/p>\n<p>Galimas <a href=\"https:\/\/birdbusters.eu\/product\/bird-gard-speaker\/\" target=\"_blank\" rel=\"noopener\">papildomo garsiakalbio<\/a> u\u017esakymas.<\/p>\n","protected":false},"excerpt":{"rendered":"<p><strong>Baland\u017ei\u0173 Baidykl\u0117 BirdGard Pro<\/strong> skirta apsaugoti pastatus ir \u012frenginius nuo baland\u017ei\u0173. Prietaisas skleid\u017eia konkret\u0173 baland\u017ei\u0173 pavojaus signal\u0105, kuris juos g\u0105sdina.<\/p>\n","protected":false},"featured_media":10249,"template":"","meta":{"_themeisle_gutenberg_block_has_review":false},"product_brand":[],"product_cat":[119,120],"product_tag":[],"class_list":{"0":"post-11684","1":"product","2":"type-product","3":"status-publish","4":"has-post-thumbnail","6":"product_cat-garsiniai-pauksciu-atgrasymo-prietaisai-lt","7":"product_cat-pauksciu-atgrasymo-prietaisai-lt","9":"first","10":"outofstock","11":"taxable","12":"shipping-taxable","13":"purchasable","14":"product-type-simple"},"_links":{"self":[{"href":"https:\/\/birdbusters.eu\/lt\/wp-json\/wp\/v2\/product\/11684","targetHints":{"allow":["GET"]}}],"collection":[{"href":"https:\/\/birdbusters.eu\/lt\/wp-json\/wp\/v2\/product"}],"about":[{"href":"https:\/\/birdbusters.eu\/lt\/wp-json\/wp\/v2\/types\/product"}],"wp:featuredmedia":[{"embeddable":true,"href":"https:\/\/birdbusters.eu\/lt\/wp-json\/wp\/v2\/media\/10249"}],"wp:attachment":[{"href":"https:\/\/birdbusters.eu\/lt\/wp-json\/wp\/v2\/media?parent=11684"}],"wp:term":[{"taxonomy":"product_brand","embeddable":true,"href":"https:\/\/birdbusters.eu\/lt\/wp-json\/wp\/v2\/product_brand?post=11684"},{"taxonomy":"product_cat","embeddable":true,"href":"https:\/\/birdbusters.eu\/lt\/wp-json\/wp\/v2\/product_cat?post=11684"},{"taxonomy":"product_tag","embeddable":true,"href":"https:\/\/birdbusters.eu\/lt\/wp-json\/wp\/v2\/product_tag?post=11684"}],"curies":[{"name":"wp","href":"https:\/\/api.w.org\/{rel}","templated":true}]}}