{"id":11741,"date":"2023-12-11T11:36:04","date_gmt":"2023-12-11T10:36:04","guid":{"rendered":"https:\/\/birdbusters.eu\/product\/laser-bird-deterrent-for-indoor-and-outdoor-use-with-timer-remote-control\/"},"modified":"2025-11-02T13:51:49","modified_gmt":"2025-11-02T12:51:49","slug":"galingas-lazeris-vidaus-ir-lauko-patalpoms","status":"publish","type":"product","link":"https:\/\/birdbusters.eu\/lt\/produktas\/galingas-lazeris-vidaus-ir-lauko-patalpoms\/","title":{"rendered":"Galingas lazeris vidaus ir lauko patalpoms"},"content":{"rendered":"<p>Lazer\u012f galite \u012fjungti ir i\u0161jungti tiek i\u0161 paties \u012frenginio, tiek naudodami nuotolinio valdymo pult\u0105. Nuotolinio valdymo pultelis atlieka dvi funkcijas:<\/p>\n<ul>\n<li>\u012fjungimas ir i\u0161jungimas<\/li>\n<li>laikmatis (2, 4, 6 arba 8 valandos)<\/li>\n<\/ul>\n<p><strong>Apsaugin\u0117s zonos:<\/strong> pastatai, angarai, sodai, laukai<\/p>\n<div style=\"width: 640px;\" class=\"wp-video\"><video class=\"wp-video-shortcode\" id=\"video-11741-1\" width=\"640\" height=\"360\" preload=\"metadata\" controls=\"controls\"><source type=\"video\/mp4\" src=\"https:\/\/birdbusters.eu\/wp-content\/uploads\/2025\/10\/1-watt-laser-animal-repeller.mp4?_=1\" \/><a href=\"https:\/\/birdbusters.eu\/wp-content\/uploads\/2025\/10\/1-watt-laser-animal-repeller.mp4\">https:\/\/birdbusters.eu\/wp-content\/uploads\/2025\/10\/1-watt-laser-animal-repeller.mp4<\/a><\/video><\/div>\n<h2 class=\"text-xl font-bold text-text-100 mt-1 -mb-0.5\">Pa\u017eangus Lazerinis Pauk\u0161\u010di\u0173 Atgrasytojas \u2013 Technin\u0117s Specifikacijos ir Veikimas<\/h2>\n<p class=\"whitespace-normal break-words\">Pauk\u0161\u010di\u0173 lazeris pirmiausia sukurtas naudoti ma\u017eo ap\u0161vietimo s\u0105lygomis, ta\u010diau j\u012f taip pat galima naudoti dienos \u0161viesoje. Jis tinka visoms vietoms, kurioms reikalinga apsauga nuo pauk\u0161\u010di\u0173 \u012fsibrovimo.<\/p>\n<p class=\"whitespace-normal break-words\">Lazerio \u012frenginio erdvinis padengimas priklauso nuo aplinkos: tamsoje lazerio spindulys yra labiau matomas nei ry\u0161kioje \u0161viesoje; santykinai atvirose vietose jis yra labiau matomas nei vietose, kur daug med\u017ei\u0173 ar kr\u016bm\u0173 blokuoja spindulius.<\/p>\n<p class=\"whitespace-normal break-words\">Pauk\u0161\u010di\u0173 lazeris turi galingus 1000 milivat\u0173 (mW) \u017ealius spindulius. Spinduliai sukuria kelis modelius, kurie atsiranda atsitiktine tvarka. Bird-X Laser yra suprogramuotas veikti 5 minutes, o tada daryti 5 minu\u010di\u0173 pertrauk\u0105.<\/p>\n<p class=\"whitespace-normal break-words\">Kad prailgintum\u0117te \u012frenginio eksploatavimo laik\u0105, leiskite \u012frenginiui atv\u0117sti 30 minu\u010di\u0173 po 6-8 valand\u0173 veikimo.<\/p>\n<p class=\"whitespace-normal break-words\">Lazerio spindulys turi maksimal\u0173 300 metr\u0173 nuotol\u012f, efektyv\u0173 100 metr\u0173 nuotol\u012f ir maksimal\u0173 ma\u017edaug 180-200 m\u00b2 padengim\u0105. Lazeris suteikia vienakrypt\u012f padengim\u0105 su i\u0161sklaidymo kampu iki 30 laipsni\u0173 abiejose pus\u0117se nuo centro (i\u0161 viso 60 laipsni\u0173). Priklausomai nuo i\u0161d\u0117stymo, antrasis \u012frenginys suteikia padidint\u0105 sinergin\u012f padengim\u0105, tod\u0117l rekomenduojama naudoti kelis \u012frenginius.<\/p>\n<p class=\"whitespace-normal break-words\">\u012erenginio veikim\u0105 galima valdyti \u012fvairiais b\u016bdais: tiesiogiai arba nuotoliniu valdymu. Nuotolinio valdymo pultas gali b\u016bti naudojamas j\u012f \u012fjungti ir i\u0161jungti, taip pat veikti tam tikr\u0105 laik\u0105 (2, 4, 6 arba 8 valandas). Efektyvus nuotolinio valdymo pri\u0117mimo atstumas yra ma\u017edaug 20 metr\u0173.<\/p>\n<h2 class=\"text-xl font-bold text-text-100 mt-1 -mb-0.5\">Pagrindiniai Lazerinio Pauk\u0161\u010di\u0173 Kontrol\u0117s Privalumai<\/h2>\n<p class=\"whitespace-normal break-words\">Pagrindinis lazerio privalumas yra tai, kad jis suteikia tyl\u0173 ir efektyv\u0173 sprendim\u0105 pauk\u0161\u010diams baidyti. Be to, lazeris yra visi\u0161kai tylus, tod\u0117l netrukdo netoliese esantiems \u017emon\u0117ms.<\/p>\n<p class=\"whitespace-normal break-words\">Kadangi pab\u0117gimo reakcija yra sukeliama pauk\u0161\u010dio i\u0161gyvenimo instinkto, skirtingai nei daugelis kit\u0173 atgrasymo metod\u0173, n\u0117ra \u012fpratimo efekto. Nuolat naudojant lazer\u012f, pauk\u0161\u010diai galiausiai klasifikuos viet\u0105 kaip per nesaugi\u0105 ir negr\u012f\u0161.<\/p>\n<p class=\"whitespace-normal break-words\">Lazerinis pauk\u0161\u010di\u0173 atgrasytojas yra patikimas prie\u0161 daugel\u012f pauk\u0161\u010di\u0173 r\u016b\u0161i\u0173. Pavyzd\u017eiui, baland\u017eiai, kreg\u017ed\u0117s, \u017evirbiai, varn\u0117nai ir kiti ma\u017ei pauk\u0161\u010diai yra laikomi toliau naudojant lazerio technologij\u0105.<\/p>\n<h2 class=\"text-xl font-bold text-text-100 mt-1 -mb-0.5\">Da\u017eniausiai U\u017eduodami Klausimai<\/h2>\n<h3 class=\"text-lg font-bold text-text-100 mt-1 -mb-1.5\">Kokias pauk\u0161\u010di\u0173 r\u016b\u0161is gali atbaidyti pauk\u0161\u010di\u0173 lazeris?<\/h3>\n<p class=\"whitespace-normal break-words\">Lazerinis pauk\u0161\u010di\u0173 atgrasytojas yra patikimas prie\u0161 daugel\u012f pauk\u0161\u010di\u0173 r\u016b\u0161i\u0173. Pavyzd\u017eiui, baland\u017eiai, kreg\u017ed\u0117s, \u017evirbiai, varn\u0117nai ir kiti ma\u017ei pauk\u0161\u010diai yra laikomi toliau naudojant lazerio technologij\u0105.<\/p>\n<h3 class=\"text-lg font-bold text-text-100 mt-1 -mb-1.5\">Kaip veikia pauk\u0161\u010di\u0173 lazeris?<\/h3>\n<p class=\"whitespace-normal break-words\">\u012erenginys suteikia visi\u0161kai automatin\u012f atgrasym\u0105 ir atbaido pauk\u0161\u010dius judan\u010diu lazerio spinduliu. Pauk\u0161\u010diai lazerio spindul\u012f supranta kaip art\u0117jan\u010di\u0105 fizin\u0119 gr\u0117sm\u0119 ir b\u0117ga nuo suvokiamo pavojaus.<\/p>\n<h3 class=\"text-lg font-bold text-text-100 mt-1 -mb-1.5\">Ar \u0161is pauk\u0161\u010di\u0173 lazeris yra veiksmingas prie\u0161 pauk\u0161\u010dius?<\/h3>\n<p class=\"whitespace-normal break-words\">Taip, be jokios abejon\u0117s! Negin\u010dijama, kad pauk\u0161\u010di\u0173 lazeris efektyviai neleid\u017eia daugeliui pauk\u0161\u010di\u0173 r\u016b\u0161i\u0173 lankytis tam tikrose vietose. Pauk\u0161\u010diai art\u0117jant\u012f lazerio spindul\u012f supranta kaip fizin\u0119 gr\u0117sm\u0119. Tai sukelia norim\u0105 pab\u0117gimo refleks\u0105.<\/p>\n<p class=\"whitespace-normal break-words\">Nuolat naudojant lazer\u012f, pauk\u0161\u010diai galiausiai klasifikuos viet\u0105 kaip nesaugi\u0105 ir negr\u012f\u0161.<\/p>\n<h3 class=\"text-lg font-bold text-text-100 mt-1 -mb-1.5\">Ar pauk\u0161\u010diai gali priprasti prie lazerio \u012frenginio?<\/h3>\n<p class=\"whitespace-normal break-words\">Kadangi pauk\u0161\u010diai negali i\u0161 anksto numatyti lazerio spindulio kelio, skirtingai nei dauguma kit\u0173 atgrasymo metod\u0173, n\u0117ra \u012fpratimo efekto. Tod\u0117l veiksmingumas i\u0161lieka nuoseklus laikui b\u0117gant.<\/p>\n<h3 class=\"text-lg font-bold text-text-100 mt-1 -mb-1.5\">Kiek veiksmingas \u0161is lazerinis pauk\u0161\u010di\u0173 atgrasytojas, palyginti su kitomis atgrasymo priemon\u0117mis?<\/h3>\n<p class=\"whitespace-normal break-words\">Kaip optinis pauk\u0161\u010di\u0173 kontrol\u0117s metodas, lazerinis pauk\u0161\u010di\u0173 atgrasytojas \u012frod\u0117 esantis labai veiksmingas prie\u0161 pauk\u0161\u010dius.<\/p>\n<p class=\"whitespace-normal break-words\">Palyginti su kitomis atgrasymo priemon\u0117mis, lazerio naudojimas jokiu b\u016bdu neveikia aplinkos. \u012erenginys atbaido pauk\u0161\u010dius i\u0161 dideli\u0173 plot\u0173 ir yra visi\u0161kai tylus.<\/p>\n<p class=\"whitespace-normal break-words\">Be to, \u012frenginys yra nekenksmingas pauk\u0161\u010diams.<\/p>\n<h3 class=\"text-lg font-bold text-text-100 mt-1 -mb-1.5\">Kod\u0117l lazerio spindulys yra \u017ealias?<\/h3>\n<p class=\"whitespace-normal break-words\">\u017dalia yra spalva, kuri geriausiai veikia pauk\u0161\u010di\u0173 atgrasymui. Ji gerai i\u0161siskiria ant dauguma pavir\u0161i\u0173 ir yra ai\u0161kiai matoma pauk\u0161\u010diams.<\/p>\n<h3 class=\"text-lg font-bold text-text-100 mt-1 -mb-1.5\">Kaip u\u017esisakyti?<\/h3>\n<p class=\"whitespace-normal break-words\">Prid\u0117kite prek\u0119 \u012f krep\u0161el\u012f. Jei norite pakeisti kiek\u012f arba i\u0161trinti prek\u0119, galite tai padaryti dabar. Jei krep\u0161elio turinys teisingas, tiksliai \u012fveskite vis\u0105 reikiam\u0105 informacij\u0105 ir pasirinkite mok\u0117jimo b\u016bd\u0105. Kai u\u017esakymas bus s\u0117kmingas, gausite patvirtinim\u0105 el. pa\u0161tu i\u0161 m\u016bs\u0173.<\/p>\n<h2 class=\"text-xl font-bold text-text-100 mt-1 -mb-0.5\">Apie Bird Busters<\/h2>\n<p class=\"whitespace-normal break-words\">Jei turite problem\u0173 su nepageidaujamais pauk\u0161\u010diais, susisiekite su Bird Busters ekspertais. Si\u016blome aplinkai draugi\u0161k\u0173 produkt\u0173 asortiment\u0105, kuris i\u0161sprend\u017eia j\u016bs\u0173 kenk\u0117j\u0173 problemas ir patenkina visus.<\/p>\n<p class=\"whitespace-normal break-words\">M\u016bs\u0173 misija \u2013 pad\u0117ti \u017emon\u0117ms apsaugoti savo sodus, balkonus, vaismed\u017eius ir augalus nuo pauk\u0161\u010di\u0173. Patogiai \u012fsitaisykite ir rinkite naujas id\u0117jas!<\/p>\n","protected":false},"excerpt":{"rendered":"<p>Lazeris skirtas naudoti tiek viduje, tiek lauke atbaidyti baland\u017eius, \u017evirblius, kreg\u017edes ir kt.<\/p>\n<p>Kad maisto sand\u0117liuose, parduotuv\u0117se, angaruose ir pramoniniuose pastatuose neapsigyvendint\u0173 pauk\u0161\u010diai, reik\u0117t\u0173 \u012frengti ka\u017ek\u0105, kas juos erzint\u0173.<\/p>\n","protected":false},"featured_media":11742,"template":"","meta":{"_themeisle_gutenberg_block_has_review":false},"product_brand":[],"product_cat":[131,124],"product_tag":[],"class_list":{"0":"post-11741","1":"product","2":"type-product","3":"status-publish","4":"has-post-thumbnail","6":"product_cat-lazeriniai-pauksciu-repelentai-lt","7":"product_cat-pauksciu-repelentai-lt","9":"first","10":"onbackorder","11":"taxable","12":"shipping-taxable","13":"purchasable","14":"product-type-simple"},"_links":{"self":[{"href":"https:\/\/birdbusters.eu\/lt\/wp-json\/wp\/v2\/product\/11741","targetHints":{"allow":["GET"]}}],"collection":[{"href":"https:\/\/birdbusters.eu\/lt\/wp-json\/wp\/v2\/product"}],"about":[{"href":"https:\/\/birdbusters.eu\/lt\/wp-json\/wp\/v2\/types\/product"}],"wp:featuredmedia":[{"embeddable":true,"href":"https:\/\/birdbusters.eu\/lt\/wp-json\/wp\/v2\/media\/11742"}],"wp:attachment":[{"href":"https:\/\/birdbusters.eu\/lt\/wp-json\/wp\/v2\/media?parent=11741"}],"wp:term":[{"taxonomy":"product_brand","embeddable":true,"href":"https:\/\/birdbusters.eu\/lt\/wp-json\/wp\/v2\/product_brand?post=11741"},{"taxonomy":"product_cat","embeddable":true,"href":"https:\/\/birdbusters.eu\/lt\/wp-json\/wp\/v2\/product_cat?post=11741"},{"taxonomy":"product_tag","embeddable":true,"href":"https:\/\/birdbusters.eu\/lt\/wp-json\/wp\/v2\/product_tag?post=11741"}],"curies":[{"name":"wp","href":"https:\/\/api.w.org\/{rel}","templated":true}]}}