{"id":11957,"date":"2023-12-11T11:57:17","date_gmt":"2023-12-11T10:57:17","guid":{"rendered":"https:\/\/birdbusters.eu\/?post_type=product&#038;p=11957"},"modified":"2025-10-31T11:01:09","modified_gmt":"2025-10-31T10:01:09","slug":"besisukantis-pauksciu-baidymo-lazeris-skirtas-naudoti-viduje-ir-lauke","status":"publish","type":"product","link":"https:\/\/birdbusters.eu\/lt\/produktas\/besisukantis-pauksciu-baidymo-lazeris-skirtas-naudoti-viduje-ir-lauke\/","title":{"rendered":"Besisukantis pauk\u0161\u010di\u0173 baidymo lazeris, skirtas naudoti viduje ir lauke"},"content":{"rendered":"<p>Lazer\u012f galima \u012fjungti ir i\u0161jungti tiesiogiai arba nuotolinio valdymo pulteliu. Nuotolinio valdymo pultas turi dvi funkcijas:<\/p>\n<p>\u012fjungti ir i\u0161jungti<br \/>\nlaikmatis (2, 4, 6 arba 8 valandos)<br \/>\nApsaugos sritys: pastatai, angarai, sodai, laukai<br \/>\n<div style=\"width: 640px;\" class=\"wp-video\"><video class=\"wp-video-shortcode\" id=\"video-11957-1\" width=\"640\" height=\"360\" preload=\"metadata\" controls=\"controls\"><source type=\"video\/mp4\" src=\"https:\/\/birdbusters.eu\/wp-content\/uploads\/2023\/12\/2023-Bird-laser-control.mp4?_=1\" \/><a href=\"https:\/\/birdbusters.eu\/wp-content\/uploads\/2023\/12\/2023-Bird-laser-control.mp4\">https:\/\/birdbusters.eu\/wp-content\/uploads\/2023\/12\/2023-Bird-laser-control.mp4<\/a><\/video><\/div><\/p>\n<p>Lazeris turi stiprius 1000 milimetr\u0173 (mW) \u017ealios spalvos spindulius. Spinduliai sukuria \u012fvairius ra\u0161tus, kurie atsiranda atsitiktine tvarka. \u201eBird-X Laser\u201c yra i\u0161 anksto u\u017eprogramuotas, kad kenk\u0117jai nepritapt\u0173 prie nuolatinio trikdymo. J\u012f sudaro \u012fjungimo \/ i\u0161jungimo ciklas, 5 minu\u010di\u0173 lazerio spinduliuot\u0117s rodymo ciklas, po kurio eina 5 minu\u010di\u0173 pauz\u0117. \u0160is ciklas palaikomas, kol Bird-X Laser veikia.<\/p>\n<p>Nor\u0117dami pailginti prietaiso tarnavimo laik\u0105, leiskite prietaisui atv\u0117sti 30 minu\u010di\u0173 po 6-8 valand\u0173 veikimo.<\/p>\n<p>Efektyvus lazerio diapazonas priklauso nuo aplinkos: jis labiau matomas tamsoje nei \u0161viesoje, geriau matomas palyginti atviroje vietoje nei ten, kur daug kr\u016bm\u0173 ar med\u017ei\u0173, u\u017estojan\u010di\u0173 spindulius, ir pan. Maksimalus \u0161io lazerio spindulio diapazonas tamsoje yra 300 metr\u0173, efektyvus atstumas 100 m, maksimalus apr\u0117ptis apie 400 m2. Dengimas yra pyrago riekel\u0117s formos, maksimalus 30 laipsni\u0173 sklaida nuo centro \u012f kiekvien\u0105 pus\u0119 (i\u0161 viso 60 laipsni\u0173). Sukamasis prietaiso judesys leid\u017eia apr\u0117pti 120 laipsni\u0173 lazerio spinduliuot\u0119. Priklausomai nuo vietos, antrasis \u012frenginys u\u017etikrint\u0173 didesn\u0119 sinergetin\u0119 apr\u0117pt\u012f; tod\u0117l primygtinai rekomenduojama naudoti kelis lazerius, ypa\u010d ten, kur pauk\u0161\u010diai lankosi ilgesn\u012f laik\u0105 arba kai teritorija yra i\u0161skirtinai patraukli (maisto sand\u0117liai). Prietaisas yra atsparus dr\u0117gmei ir tinkamas naudoti dulk\u0117toje aplinkoje.<\/p>\n","protected":false},"excerpt":{"rendered":"<p>Kad pauk\u0161\u010diai b\u016bt\u0173 atokiau nuo pas\u0117li\u0173 ar maisto sand\u0117li\u0173, juos atbaidyti reikia naudoti tai, ko jie negali pak\u0119sti. \u0160is pauk\u0161\u010di\u0173 baidymo lazeris skirtas baland\u017eiams, \u017evirbliams, kreg\u017ed\u0117ms ir kitiems pauk\u0161\u010diams atbaidyti.<\/p>\n","protected":false},"featured_media":11958,"template":"","meta":{"_themeisle_gutenberg_block_has_review":false},"product_brand":[],"product_cat":[131,124],"product_tag":[],"class_list":{"0":"post-11957","1":"product","2":"type-product","3":"status-publish","4":"has-post-thumbnail","6":"product_cat-lazeriniai-pauksciu-repelentai-lt","7":"product_cat-pauksciu-repelentai-lt","9":"first","10":"instock","11":"taxable","12":"shipping-taxable","13":"purchasable","14":"product-type-simple"},"_links":{"self":[{"href":"https:\/\/birdbusters.eu\/lt\/wp-json\/wp\/v2\/product\/11957","targetHints":{"allow":["GET"]}}],"collection":[{"href":"https:\/\/birdbusters.eu\/lt\/wp-json\/wp\/v2\/product"}],"about":[{"href":"https:\/\/birdbusters.eu\/lt\/wp-json\/wp\/v2\/types\/product"}],"wp:featuredmedia":[{"embeddable":true,"href":"https:\/\/birdbusters.eu\/lt\/wp-json\/wp\/v2\/media\/11958"}],"wp:attachment":[{"href":"https:\/\/birdbusters.eu\/lt\/wp-json\/wp\/v2\/media?parent=11957"}],"wp:term":[{"taxonomy":"product_brand","embeddable":true,"href":"https:\/\/birdbusters.eu\/lt\/wp-json\/wp\/v2\/product_brand?post=11957"},{"taxonomy":"product_cat","embeddable":true,"href":"https:\/\/birdbusters.eu\/lt\/wp-json\/wp\/v2\/product_cat?post=11957"},{"taxonomy":"product_tag","embeddable":true,"href":"https:\/\/birdbusters.eu\/lt\/wp-json\/wp\/v2\/product_tag?post=11957"}],"curies":[{"name":"wp","href":"https:\/\/api.w.org\/{rel}","templated":true}]}}