{"id":12082,"date":"2024-05-07T15:00:43","date_gmt":"2024-05-07T13:00:43","guid":{"rendered":"https:\/\/birdbusters.eu\/?post_type=product&#038;p=12082"},"modified":"2025-12-11T15:41:34","modified_gmt":"2025-12-11T14:41:34","slug":"pauksciu-baidykle-super-plus-copy","status":"publish","type":"product","link":"https:\/\/birdbusters.eu\/lt\/produktas\/pauksciu-baidykle-super-plus-copy\/","title":{"rendered":"Pauk\u0161\u010di\u0173 baidykl\u0117 Super Plus"},"content":{"rendered":"<p>Pauk\u0161\u010di\u0173 atbaidymo prietaisas <strong>Super Plus<\/strong>\u00a0su dviem efektyviais atbaidymo b\u016bdais naudoja skaitmeniniu b\u016bdu patobulintus pauk\u0161\u010di\u0173 \u0161auksm\u0173 ir pl\u0117\u0161ri\u0173j\u0173 pauk\u0161\u010di\u0173 \u012fra\u0161us. \u012erenginyje yra \u012fmontuotos patvarios LED blykst\u0117s, kurios sukuria vizualin\u012f efekt\u0105, \u012ftakoja kenk\u0117jus ir kitus pauk\u0161\u010dius, kurie bijo \u0161viesos, ir apsaugo nuo j\u0173 saugom\u0105 teritorij\u0105!<\/p>\n<p>PIR re\u017eimas, reaguojantis \u012f judes\u012f, leid\u017eia atbaidyti pauk\u0161\u010dius ir gyv\u016bnus, kai jie i\u0161 ties\u0173 artinasi. Taigi zona jiems ilgiau i\u0161lieka bauginanti. Nor\u0117dami apsaugoti didesn\u012f plot\u0105 (apie 4500 m2), galite pasirinkti interval\u0105 nuo 5 iki 30 minu\u010di\u0173, per kur\u012f \u012frenginys perduos garsus ir automati\u0161kai mirks\u0117s \u0161viesomis.<\/p>\n<p><strong>Apsaugin\u0117s zonos:<br \/>\n<\/strong><br \/>\n\u016akiai, vejos, sodai, kiemai, baseinai, vaisi\u0173 sodai, vynuogynai, tvartai, \u017euv\u0173 tvenkiniai, jachtos, stovyklaviet\u0117s, gamyklos, sand\u0117liai ir kita nuosavyb\u0117.<\/p>\n<p><strong>Prietaiso veikiami pauk\u0161\u010diai ir laukiniai gyv\u016bnai:<\/strong><\/p>\n<ul style=\"list-style-type: circle;\">\n<li>Geniai, \u017evirbliai, baland\u017eiai, strazdai, varn\u0117nai, starkiai, kitos pauk\u0161\u010di\u0173 r\u016b\u0161ys;<\/li>\n<li>Kenk\u0117ji\u0161ki gyv\u016bnai, tokie kaip ki\u0161kiai, vover\u0117s, stirnos, \u0161ernai, lokiai, be\u017ed\u017eion\u0117s ir kt.<\/li>\n<\/ul>\n<p><strong>FUNKCIJOS<\/strong> &#8211; efektyviai atbaido pauk\u0161\u010dius, gyv\u016bnus ir kitus kenk\u0117jus bioakustiniais garsais ir itin galingais LED blyksniais, kai judesio jutiklis atpa\u017e\u012fsta j\u0173 jud\u0117jim\u0105 PIR re\u017eimu arba automatinio \u012frenginio re\u017eimu i\u0161 anksto nustatytam laikui nuo 5 iki 30 minu\u010di\u0173.<\/p>\n<p><strong>VIETOS APRIBOJIM\u0172 N\u0116RA<\/strong>\u00a0&#8211; 6 D tipo baterijos (LR20) leid\u017eia \u012frengin\u012f pastatyti bet kurioje pasirinktoje vietoje, taip pat nesunkiai galite pakeisti \u012frenginio viet\u0105.<\/p>\n<p><strong>HUMANI\u0160KAS<\/strong> \u2013 pauk\u0161\u010di\u0173 baidykl\u0117 Super Plus veikia kaip nematoma kli\u016btis, derinanti pl\u0117\u0161ri\u0173j\u0173 pauk\u0161\u010di\u0173 bioakustik\u0105 ir itin ry\u0161kius \u0161viesos blyksnius, sukuriant nepatraukli\u0105 zon\u0105 pauk\u0161\u010diams ir laukinei gamtai. Daugiau joki\u0173 problem\u0173 su pauk\u0161\u010diais ar gyv\u016bnais!<\/p>\n<p><strong>GALIMA RINKTIS I\u0160 DVIEJ\u0172 MAITINIMO PARINK\u010cI\u0172<\/strong> &#8211; pauk\u0161\u010di\u0173 baidykl\u0117 Super Plus veikia su 6 D tipo baterijomis arba i\u0161 elektros tinklo, naudojant adapter\u012f, kurio komplekte n\u0117ra. \u0160e\u0161ios D tipo baterijos gali paleisti \u012frengin\u012f t\u016bkstan\u010dius kart\u0173 PIR re\u017eimu. Integruota 9 V nuolatin\u0117s srov\u0117s \u012fvestis leid\u017eia prijungti prietais\u0105 prie elektros lizdo. Adapter\u012f reikia \u012fsigyti atskirai.<\/p>\n<p><strong>LENGVAS NUSTATYMAS<\/strong>\u00a0&#8211; integruotas valdymo skydelis su reguliavimo mygtukais \u012fvairiems nustatymams.<\/p>\n<p><strong>Parametrai<\/strong>:<\/p>\n<ul style=\"list-style-type: circle;\">\n<li>Matmenys: 145x145x340 mm<\/li>\n<li>Svoris: 860 g (be baterij\u0173)<\/li>\n<li>Maitinimo \u0161altinis: 6 D tipo \u0161armin\u0117s baterijos (LR20). <strong>Baterijos \u012f komplekt\u0105 ne\u012feina.<\/strong><\/li>\n<li>Maitinimas: kintamosios srov\u0117s adapteris (\u012f komplekt\u0105 ne\u012feina)100-240 V VAC, 50\/60 Hz. I\u0161vestis: 9 V VDC (<em>female plug<\/em>)<\/li>\n<li>Garsas: bioakustiniai pauk\u0161\u010di\u0173, pl\u0117\u0161ri\u0173j\u0173 pauk\u0161\u010di\u0173 garsai ir i\u0161sigandusi\u0173 pauk\u0161\u010di\u0173 \u0161auksmai.<\/li>\n<li>Mirksin\u010dios \u0161viesos: 3 itin stiprios LED lemput\u0117s<\/li>\n<li>Veikimo diapazonas AUTO MODE: iki 4500 m2 (kai garsumas sureguliuotas iki pilnos galios)<\/li>\n<li>PIR re\u017eimas: 130 laipsni\u0173 v\u0117duokl\u0117s formos plotas 12 metr\u0173 atstumu.<\/li>\n<\/ul>\n<p>Pagaminta Taivane<\/p>\n","protected":false},"excerpt":{"rendered":"<p><strong>Super Plus pauk\u0161\u010di\u0173 baidykl\u0117 <\/strong>su bioakustiniais garsais ir mirksin\u010diomis lemput\u0117mis yra patikimas ir aplinkai nekenksmingas b\u016bdas i\u0161laikyti daugum\u0105 pauk\u0161\u010di\u0173 ir laukin\u0117s gamtos atstov\u0173 atokiau nuo j\u016bs\u0173 saugomos teritorijos.<\/p>\n[video width=\"700\" height=\"394\" mp4=\"https:\/\/birdbusters.eu\/wp-content\/uploads\/2021\/12\/Best-bird-deterrent-1-4.mp4\"][\/video]\n","protected":false},"featured_media":8690,"template":"","meta":{"_themeisle_gutenberg_block_has_review":false},"product_brand":[],"product_cat":[119],"product_tag":[],"class_list":{"0":"post-12082","1":"product","2":"type-product","3":"status-publish","4":"has-post-thumbnail","6":"product_cat-garsiniai-pauksciu-atgrasymo-prietaisai-lt","8":"first","9":"instock","10":"taxable","11":"shipping-taxable","12":"purchasable","13":"product-type-simple"},"_links":{"self":[{"href":"https:\/\/birdbusters.eu\/lt\/wp-json\/wp\/v2\/product\/12082","targetHints":{"allow":["GET"]}}],"collection":[{"href":"https:\/\/birdbusters.eu\/lt\/wp-json\/wp\/v2\/product"}],"about":[{"href":"https:\/\/birdbusters.eu\/lt\/wp-json\/wp\/v2\/types\/product"}],"wp:featuredmedia":[{"embeddable":true,"href":"https:\/\/birdbusters.eu\/lt\/wp-json\/wp\/v2\/media\/8690"}],"wp:attachment":[{"href":"https:\/\/birdbusters.eu\/lt\/wp-json\/wp\/v2\/media?parent=12082"}],"wp:term":[{"taxonomy":"product_brand","embeddable":true,"href":"https:\/\/birdbusters.eu\/lt\/wp-json\/wp\/v2\/product_brand?post=12082"},{"taxonomy":"product_cat","embeddable":true,"href":"https:\/\/birdbusters.eu\/lt\/wp-json\/wp\/v2\/product_cat?post=12082"},{"taxonomy":"product_tag","embeddable":true,"href":"https:\/\/birdbusters.eu\/lt\/wp-json\/wp\/v2\/product_tag?post=12082"}],"curies":[{"name":"wp","href":"https:\/\/api.w.org\/{rel}","templated":true}]}}