{"id":12945,"date":"2025-06-16T11:02:32","date_gmt":"2025-06-16T09:02:32","guid":{"rendered":"https:\/\/birdbusters.eu\/?post_type=product&#038;p=12945"},"modified":"2025-09-03T08:35:24","modified_gmt":"2025-09-03T06:35:24","slug":"voras-pauksciams-baidyti-ilgos-kojos-12-m","status":"publish","type":"product","link":"https:\/\/birdbusters.eu\/lt\/produktas\/voras-pauksciams-baidyti-ilgos-kojos-12-m\/","title":{"rendered":"Voras Pauk\u0161\u010diams Baidyti (Ilgos Kojos 1,2 m)"},"content":{"rendered":"<p>Nors <a href=\"https:\/\/birdbusters.eu\/lt\/product\/uv-atsparus-apsaugantis-nuo-puolimo-uztvaras-su-nerudijancio-plieno-smaigaliais\/\"><strong>UV atsparus, apsaugantis nuo puolimo u\u017etvaras<\/strong><\/a> su ner\u016bdijan\u010dio plieno spygliais yra veiksmingas ma\u017eose vietose, tokiose kaip balkono kra\u0161tai ar stogo kraigas, didelius plok\u0161\u010dius plotus galima apsaugoti pauk\u0161\u010di\u0173 atgrasymo priemone &#8211; voru. Besisukan\u010dio pauk\u0161\u010dius baidan\u010dio voro skersmuo yra 1,20 m, ant dideli\u0173 pavir\u0161i\u0173 galima d\u0117ti kelis vorus. Tinka kirams, baland\u017eiams ir kitiems stambiems pauk\u0161\u010diams baidyti. Idealus pagalbininkas jacht\u0173 ir plaukiojan\u010di\u0173 \u0161vartavimosi viet\u0173 apsaugai.<\/p>\n<p><strong>Kaip veikia: <\/strong>vielini\u0173 dali\u0173 jud\u0117jimas dirgina pauk\u0161\u010dius ir neleid\u017eia jiems nut\u016bpti.<\/p>\n<p><strong>Surinkimas: <\/strong>galima tvirtinti 3 var\u017etais arba silikoniniais klijais. U\u017esisakykite laikikl\u012f laikinam montavimui ant jachtos stiebo, sm\u0117lio pagalv\u0117l\u0117s ar kito objekto.<\/p>\n<p><strong>Papildoma informacija: <\/strong>skersmuo 1,20 m<\/p>\n<p><iframe loading=\"lazy\" title=\"Birds Off Boats - Bird Spider Bird Deterrent\" width=\"500\" height=\"281\" src=\"https:\/\/www.youtube.com\/embed\/321UhUBkOEs?feature=oembed\" frameborder=\"0\" allow=\"accelerometer; autoplay; clipboard-write; encrypted-media; gyroscope; picture-in-picture; web-share\" referrerpolicy=\"strict-origin-when-cross-origin\" allowfullscreen><\/iframe><\/p>\n","protected":false},"excerpt":{"rendered":"<p>Besisukantis pauk\u0161\u010dius baidantis voras neleid\u017eia kirams nut\u016bpti. Ypa\u010d tinka jacht\u0173 ir val\u010di\u0173 apsaugai uoste.<\/p>\n<p>Pauk\u0161\u010diai m\u0117gsta poilsiui pasirinkti auk\u0161tas vietas, i\u0161 kuri\u0173 gali saugiai steb\u0117ti apylinkes ir u\u017esiimti savo reikalais. Ta\u010diau \u017emon\u0117ms tai ne visada priimtina \u2013 nuolatin\u012f pauk\u0161\u010di\u0173 triuk\u0161m\u0105 lydi tar\u0161a i\u0161matomis.<\/p>\n<p>&nbsp;<\/p>\n","protected":false},"featured_media":13062,"template":"","meta":{"_themeisle_gutenberg_block_has_review":false},"product_brand":[],"product_cat":[124,134],"product_tag":[],"class_list":{"0":"post-12945","1":"product","2":"type-product","3":"status-publish","4":"has-post-thumbnail","6":"product_cat-pauksciu-repelentai-lt","7":"product_cat-spygliai-nuo-pauksciu-lt","9":"first","10":"instock","11":"taxable","12":"shipping-taxable","13":"purchasable","14":"product-type-simple"},"_links":{"self":[{"href":"https:\/\/birdbusters.eu\/lt\/wp-json\/wp\/v2\/product\/12945","targetHints":{"allow":["GET"]}}],"collection":[{"href":"https:\/\/birdbusters.eu\/lt\/wp-json\/wp\/v2\/product"}],"about":[{"href":"https:\/\/birdbusters.eu\/lt\/wp-json\/wp\/v2\/types\/product"}],"wp:featuredmedia":[{"embeddable":true,"href":"https:\/\/birdbusters.eu\/lt\/wp-json\/wp\/v2\/media\/13062"}],"wp:attachment":[{"href":"https:\/\/birdbusters.eu\/lt\/wp-json\/wp\/v2\/media?parent=12945"}],"wp:term":[{"taxonomy":"product_brand","embeddable":true,"href":"https:\/\/birdbusters.eu\/lt\/wp-json\/wp\/v2\/product_brand?post=12945"},{"taxonomy":"product_cat","embeddable":true,"href":"https:\/\/birdbusters.eu\/lt\/wp-json\/wp\/v2\/product_cat?post=12945"},{"taxonomy":"product_tag","embeddable":true,"href":"https:\/\/birdbusters.eu\/lt\/wp-json\/wp\/v2\/product_tag?post=12945"}],"curies":[{"name":"wp","href":"https:\/\/api.w.org\/{rel}","templated":true}]}}