{"id":14538,"date":"2026-04-21T08:43:35","date_gmt":"2026-04-21T06:43:35","guid":{"rendered":"https:\/\/birdbusters.eu\/?post_type=product&#038;p=14538"},"modified":"2026-04-21T11:33:37","modified_gmt":"2026-04-21T09:33:37","slug":"pauksciu-baidykle-erelis-be-garso","status":"publish","type":"product","link":"https:\/\/birdbusters.eu\/lt\/produktas\/pauksciu-baidykle-erelis-be-garso\/","title":{"rendered":"Pauk\u0161\u010di\u0173 Baidykl\u0117 &#8211; Erelis be garso"},"content":{"rendered":"<p>Pauk\u0161\u010di\u0173 baidykl\u0117 &#8211; erelis yra su pasukamu guoliu, kuris leid\u017eia fig\u016brai lengvai suktis v\u0117jyje.<\/p>\n<p><strong>Apsaugin\u0117s zonos:<\/strong> balkonai, sodai, terasos, dar\u017eai, pastatai, valtys, laukai.<\/p>\n<p><strong>Surinkimas: <\/strong>Sparnai turi b\u016bti pritvirtinti komplekte esan\u010diais var\u017etais ir \u012f tam skirt\u0105 \u012fdub\u0105. Pritvirtinkite erel\u012f prie sienos ar stulpo su laikikliu. \u012esitikinkite, kad fig\u016brai u\u017etenka vietos pasisukti.<\/p>\n<p><strong>Poveikis<\/strong>: atbaido nepageidaujamus pauk\u0161\u010dius garso ir vaizdo efektu.<\/p>\n<p><strong>Matmenys<\/strong>: 43 x 35 x 19 cm<\/p>\n<p><strong>Pakuot\u0117s matmenys:<\/strong> 51 x 19 x 19 cm<\/p>\n","protected":false},"excerpt":{"rendered":"<p>Pauk\u0161\u010di\u0173 baidykl\u0117 &#8211; erelis be garso, tinka nepageidaujamiems pauk\u0161\u010diams baidyti i\u0161 teras\u0173, sod\u0173, lauk\u0173 ar pastat\u0173.<\/p>\n","protected":false},"featured_media":8450,"template":"","meta":{"_themeisle_gutenberg_block_has_review":false},"product_brand":[],"product_cat":[267,93,242,90,269,89],"product_tag":[],"class_list":{"0":"post-14538","1":"product","2":"type-product","3":"status-publish","4":"has-post-thumbnail","6":"product_cat-taubenabwehr","7":"product_cat-akustische-vogelabwehr","8":"product_cat-vogelabwehr-im-garten","9":"product_cat-vogelabwehrmittel","10":"product_cat-starenabwehr","11":"product_cat-visuelle-vogelabschreckungen","13":"first","14":"onbackorder","15":"taxable","16":"shipping-taxable","17":"purchasable","18":"product-type-simple"},"_links":{"self":[{"href":"https:\/\/birdbusters.eu\/lt\/wp-json\/wp\/v2\/product\/14538","targetHints":{"allow":["GET"]}}],"collection":[{"href":"https:\/\/birdbusters.eu\/lt\/wp-json\/wp\/v2\/product"}],"about":[{"href":"https:\/\/birdbusters.eu\/lt\/wp-json\/wp\/v2\/types\/product"}],"wp:featuredmedia":[{"embeddable":true,"href":"https:\/\/birdbusters.eu\/lt\/wp-json\/wp\/v2\/media\/8450"}],"wp:attachment":[{"href":"https:\/\/birdbusters.eu\/lt\/wp-json\/wp\/v2\/media?parent=14538"}],"wp:term":[{"taxonomy":"product_brand","embeddable":true,"href":"https:\/\/birdbusters.eu\/lt\/wp-json\/wp\/v2\/product_brand?post=14538"},{"taxonomy":"product_cat","embeddable":true,"href":"https:\/\/birdbusters.eu\/lt\/wp-json\/wp\/v2\/product_cat?post=14538"},{"taxonomy":"product_tag","embeddable":true,"href":"https:\/\/birdbusters.eu\/lt\/wp-json\/wp\/v2\/product_tag?post=14538"}],"curies":[{"name":"wp","href":"https:\/\/api.w.org\/{rel}","templated":true}]}}