{"id":14677,"date":"2025-09-19T12:02:57","date_gmt":"2025-09-19T10:02:57","guid":{"rendered":"https:\/\/birdbusters.eu\/product\/atspindinti-peleda-paukscriu-atbaidytuvas\/"},"modified":"2026-04-29T17:50:11","modified_gmt":"2026-04-29T15:50:11","slug":"atspindinti-peleda-paukscriu-atbaidytuvas","status":"publish","type":"product","link":"https:\/\/birdbusters.eu\/lt\/produktas\/atspindinti-peleda-paukscriu-atbaidytuvas\/","title":{"rendered":"Atspindinti pel\u0117da &#8211; holografinis pauk\u0161\u010di\u0173 atbaidytuvas"},"content":{"rendered":"<p>\u0160is pel\u0117dos formos pauk\u0161\u010di\u0173 atbaidytuvas yra efektyvus ir esteti\u0161kas sprendimas, kaip i\u0161laikyti sod\u0105 ir namus be pauk\u0161\u010di\u0173. Dviej\u0173 spalv\u0173 atspindintis dizainas (raudonas ir sidabrinis) atspindi saul\u0117s \u0161vies\u0105, sukurdamas \u0161viesos blykstel\u0117jimus, kurie glumina pauk\u0161\u010dius. Du varpeliai apa\u010dioje prideda akustin\u0119 atbaidym\u0105, veikian\u010di\u0105 tiek su v\u0117ju, tiek su jud\u0117jimu.<\/p>\n<p>Lengvas kabantis dizainas leid\u017eia pel\u0117d\u0105 patalpinti verandoje, terasoje, sode, med\u017ei\u0173 \u0161akose, sodo sienoje arba prie lang\u0173, kad pauk\u0161\u010diai ne\u012fskrist\u0173 vidun ir nesugadint\u0173 sodo produkt\u0173. Rinkinyje yra kabelis kabinimui ir du metaliniai varpeliai.<\/p>\n<p>Geriausiems rezultatams naudokite kelias pel\u0117das vienu metu ir leiskite joms laisvai jud\u0117ti v\u0117jyje. Tai apsaugos j\u016bs\u0173 sod\u0105 nuo vaisi\u0173 ir dar\u017eovi\u0173 kenk\u0117j\u0173, laikys pauk\u0161\u010dius saugiame atstume ir pad\u0117s i\u0161vengti, kad jie l\u0117kt\u0173 \u012f langus.<\/p>\n<h3>Naudojimo vietos: (dar\u017eovi\u0173) sodai, jacht\u0173 prieplaukos, \u017eem\u0117s \u016bkio plotai, balkonai, pramonin\u0117s zonos, laivai, stogai, terasos, tvenkiniai<\/h3>\n<h3>Paveiktos r\u016b\u0161ys: baland\u017eiai, varnos, kuosos, \u0161arkos, starkai, antys, geniai<\/h3>\n","protected":false},"excerpt":{"rendered":"<p>Atspindinti pel\u0117da yra pel\u0117dos formos pauk\u0161\u010di\u0173 atbaidytuvas su holografiniu efektu, apjungiantis vizualinius ir akustinius poveikius.<\/p>\n<p>Pavir\u0161ius mirg\u0117ja saul\u0117je ir varpeli\u0173 garsas laiko pauk\u0161\u010dius atokiai, saugodamas j\u016bs\u0173 sod\u0105, teras\u0105 ir langus.<\/p>\n","protected":false},"featured_media":14109,"template":"","meta":{"_themeisle_gutenberg_block_has_review":false,"rank_math_focus_keyword":"atspindinti pel\u0117da pauk\u0161\u010di\u0173 atbaidytuvas","rank_math_title":"Atspindinti Pel\u0117da - Holografinis Pauk\u0161\u010di\u0173 Atbaidytuvas | Bird Busters","rank_math_description":"Atspindinti pel\u0117da su holografiniu efektu - apjungia vizualinius ir akustinius poveikius. Saugo sod\u0105, teras\u0105 ir langus nuo pauk\u0161\u010di\u0173.","rank_math_canonical_url":"","rank_math_facebook_title":"","rank_math_facebook_description":"","rank_math_facebook_image":"","rank_math_twitter_title":"","rank_math_twitter_description":"","rank_math_twitter_image":"","rank_math_schema_FAQPage":[]},"product_brand":[],"product_cat":[287,299,120,244,124,293,280],"product_tag":[],"class_list":{"0":"post-14677","1":"product","2":"type-product","3":"status-publish","4":"has-post-thumbnail","6":"product_cat-balandziu-atbaidymas","7":"product_cat-geniniu-atbaidymo-priemones","8":"product_cat-pauksciu-atgrasymo-prietaisai-lt","9":"product_cat-pauksciu-kontrole-sode","10":"product_cat-pauksciu-repelentai-lt","11":"product_cat-varnenu-atbaidymas","12":"product_cat-varnu-ir-krankliu-atbaidymas","14":"first","15":"instock","16":"taxable","17":"shipping-taxable","18":"purchasable","19":"product-type-simple"},"_links":{"self":[{"href":"https:\/\/birdbusters.eu\/lt\/wp-json\/wp\/v2\/product\/14677","targetHints":{"allow":["GET"]}}],"collection":[{"href":"https:\/\/birdbusters.eu\/lt\/wp-json\/wp\/v2\/product"}],"about":[{"href":"https:\/\/birdbusters.eu\/lt\/wp-json\/wp\/v2\/types\/product"}],"wp:featuredmedia":[{"embeddable":true,"href":"https:\/\/birdbusters.eu\/lt\/wp-json\/wp\/v2\/media\/14109"}],"wp:attachment":[{"href":"https:\/\/birdbusters.eu\/lt\/wp-json\/wp\/v2\/media?parent=14677"}],"wp:term":[{"taxonomy":"product_brand","embeddable":true,"href":"https:\/\/birdbusters.eu\/lt\/wp-json\/wp\/v2\/product_brand?post=14677"},{"taxonomy":"product_cat","embeddable":true,"href":"https:\/\/birdbusters.eu\/lt\/wp-json\/wp\/v2\/product_cat?post=14677"},{"taxonomy":"product_tag","embeddable":true,"href":"https:\/\/birdbusters.eu\/lt\/wp-json\/wp\/v2\/product_tag?post=14677"}],"curies":[{"name":"wp","href":"https:\/\/api.w.org\/{rel}","templated":true}]}}