{"id":14681,"date":"2025-08-11T10:17:38","date_gmt":"2025-08-11T08:17:38","guid":{"rendered":"https:\/\/birdbusters.eu\/product\/smelio-maisas-daddi-long-legs\/"},"modified":"2026-04-29T16:15:03","modified_gmt":"2026-04-29T14:15:03","slug":"smelio-maisas-daddi-long-legs","status":"publish","type":"product","link":"https:\/\/birdbusters.eu\/lt\/produktas\/smelio-maisas-daddi-long-legs\/","title":{"rendered":"Sm\u0117lio mai\u0161as kir\u0173 atbaidytuvui &#8220;Daddi Long Legs&#8221;"},"content":{"rendered":"<p>Sm\u0117lio mai\u0161as suteikia nuolatin\u012f pagrind\u0105 pauk\u0161\u010di\u0173 baidytuvui be klijavimo ar gr\u0119\u017eimo. Jis pagamintas i\u0161 atspaus orui poliesterio, tinkamo lauko naudojimui. Gale yra poliesterio juostel\u0117 su guma, neleid\u017eianti subrai\u017eyti laivo. Lengva u\u017epildyti sm\u0117liu, kart\u0105 u\u017epild\u017eius sm\u0117liu, jis i\u0161lieka stabilus daugelyje v\u0117juot\u0173 s\u0105lyg\u0173.<\/p>\n<p>Du plastikiniai rankeneriai ir komplekte esantys ner\u016bdijan\u010dio plieno M4 x 12 mm var\u017etai u\u017etikrina greit\u0105 surinkim\u0105. \u0160oniniai rankeneriai leid\u017eia papildomas tvirtinimo galimybes naudojant virvutes ar guminius dir\u017eelius.<\/p>\n","protected":false},"excerpt":{"rendered":"<p>Sm\u0117lio mai\u0161as leid\u017eia naudoti pauk\u0161\u010di\u0173 atbaidytuv\u0105 &#8220;Daddi Long Legs&#8221; visur, kur kyla problem\u0173 su pauk\u0161\u010diais ir kur svarbus mobilumas: jachtos ir kateriai, laiv\u0173 prieplaukos ir dokai, kaminai ir ventiliacijos angos ant stog\u0173.<\/p>\n<p>Atsparus orui sm\u0117lio mai\u0161as i\u0161 tvirto poliesterio, u\u017etikrinantis pauk\u0161\u010di\u0173 baidytuvo stabilum\u0105 net v\u0117juotomis s\u0105lygomis.<\/p>\n","protected":false},"featured_media":14084,"template":"","meta":{"_themeisle_gutenberg_block_has_review":false,"rank_math_focus_keyword":"Daddi Long Legs sm\u0117lio mai\u0161as","rank_math_title":"Sm\u0117lio Mai\u0161as Daddi Long Legs Kir\u0173 Atbaidytuvui | Bird Busters","rank_math_description":"Atsparus orui sm\u0117lio mai\u0161as Daddi Long Legs pauk\u0161\u010di\u0173 atbaidytuvui. Tinka laivams, prieplaukoms, stogams ir kaminams.","rank_math_canonical_url":"","rank_math_facebook_title":"","rank_math_facebook_description":"","rank_math_facebook_image":"","rank_math_twitter_title":"","rank_math_twitter_description":"","rank_math_twitter_image":"","rank_math_schema_FAQPage":[]},"product_brand":[],"product_cat":[134,290,239,229],"product_tag":[],"class_list":{"0":"post-14681","1":"product","2":"type-product","3":"status-publish","4":"has-post-thumbnail","6":"product_cat-spygliai-nuo-pauksciu-lt","7":"product_cat-kiru-atbaidymas","8":"product_cat-pauksciu-kontrole-pastatuose-ir-ant-stogu","9":"product_cat-pauksciu-kontrole-uostuose-prieplaukose-ir-laivuose","11":"first","12":"instock","13":"taxable","14":"shipping-taxable","15":"purchasable","16":"product-type-simple"},"_links":{"self":[{"href":"https:\/\/birdbusters.eu\/lt\/wp-json\/wp\/v2\/product\/14681","targetHints":{"allow":["GET"]}}],"collection":[{"href":"https:\/\/birdbusters.eu\/lt\/wp-json\/wp\/v2\/product"}],"about":[{"href":"https:\/\/birdbusters.eu\/lt\/wp-json\/wp\/v2\/types\/product"}],"wp:featuredmedia":[{"embeddable":true,"href":"https:\/\/birdbusters.eu\/lt\/wp-json\/wp\/v2\/media\/14084"}],"wp:attachment":[{"href":"https:\/\/birdbusters.eu\/lt\/wp-json\/wp\/v2\/media?parent=14681"}],"wp:term":[{"taxonomy":"product_brand","embeddable":true,"href":"https:\/\/birdbusters.eu\/lt\/wp-json\/wp\/v2\/product_brand?post=14681"},{"taxonomy":"product_cat","embeddable":true,"href":"https:\/\/birdbusters.eu\/lt\/wp-json\/wp\/v2\/product_cat?post=14681"},{"taxonomy":"product_tag","embeddable":true,"href":"https:\/\/birdbusters.eu\/lt\/wp-json\/wp\/v2\/product_tag?post=14681"}],"curies":[{"name":"wp","href":"https:\/\/api.w.org\/{rel}","templated":true}]}}