{"id":14755,"date":"2026-05-01T23:03:02","date_gmt":"2026-05-01T21:03:02","guid":{"rendered":"https:\/\/birdbusters.eu\/product\/saules-energija-maitinamas-pauksciu-baidytuvas-su-360-besisukanciu-veidrodziu-ir-garso-signalu\/"},"modified":"2026-05-01T23:03:02","modified_gmt":"2026-05-01T21:03:02","slug":"saules-energija-maitinamas-pauksciu-baidytuvas-su-360-besisukanciu-veidrodziu-ir-garso-signalu","status":"publish","type":"product","link":"https:\/\/birdbusters.eu\/lt\/produktas\/saules-energija-maitinamas-pauksciu-baidytuvas-su-360-besisukanciu-veidrodziu-ir-garso-signalu\/","title":{"rendered":"Saul\u0117s energija maitinamas pauk\u0161\u010di\u0173 baidytuvas su 360\u00b0 besisukan\u010diu veidrod\u017eiu ir garso signalu"},"content":{"rendered":"<p>Laikykite pauk\u0161\u010dius atokiai nuo savo terasos, stogo ar sodo naudodami \u0161\u012f i\u0161man\u0173 ir aplinkai draugi\u0161k\u0105 sprendim\u0105.<\/p>\n<h2>Kaip tai veikia<\/h2>\n<p>Prietaisas veikia visi\u0161kai automati\u0161kai v\u0117jo j\u0117ga. Saul\u0117s baterija aktyvuoja sistem\u0105 dien\u0105. V\u0117jas sukasi veidrod\u017eius ir veidrod\u017eio pavir\u0161iai i\u0161sklaido saul\u0117s \u0161vies\u0105 visomis kryptimis. Rezultatas yra nuolatinis jud\u0117jimas ir \u0161viesos blykstel\u0117jimai.<\/p>\n<h2>Savyb\u0117s<\/h2>\n<ul>\n<li>Nereikia baterij\u0173 ar elektros jungties<\/li>\n<li>Atsparus orui visus metus<\/li>\n<li>Lengvas montavimas ant stog\u0173, teras\u0173 ir balkon\u0173<\/li>\n<li>360 laipsni\u0173 sukimasis<\/li>\n<li>Aplinkai draugi\u0161kas ir nekenkia pauk\u0161\u010diams<\/li>\n<\/ul>\n","protected":false},"excerpt":{"rendered":"<p>Prietaisas veikia visi\u0161kai automati\u0161kai v\u0117jo j\u0117ga. Saul\u0117s baterija aktyvuoja sistem\u0105 dien\u0105. V\u0117jas sukasi veidrod\u017eius ir veidrod\u017eio pavir\u0161iai i\u0161sklaido saul\u0117s \u0161vies\u0105 \u012fvairiomis kryptimis. Nuolatinis jud\u0117jimas ir \u0161viesos blykstel\u0117jimai trukdo pauk\u0161\u010diams. Papildomam efektui prietaise yra garso signalas.<\/p>\n","protected":false},"featured_media":14702,"template":"","meta":{"_themeisle_gutenberg_block_has_review":false,"rank_math_focus_keyword":"saul\u0117s energija pauk\u0161\u010di\u0173 baidytuvas besisukantis veidrodis","rank_math_title":"Saul\u0117s Pauk\u0161\u010di\u0173 Baidytuvas su 360\u00b0 Besisukan\u010diu Veidrod\u017eiu ir Garsu | Bird Busters","rank_math_description":"Saul\u0117s energija maitinamas pauk\u0161\u010di\u0173 baidytuvas su 360\u00b0 besisukan\u010diu veidrod\u017eiu ir garso signalu. Be baterij\u0173. Idealus terasoms, stogams ir sodams.","rank_math_canonical_url":"","rank_math_facebook_title":"","rank_math_facebook_description":"","rank_math_facebook_image":"","rank_math_twitter_title":"","rank_math_twitter_description":"","rank_math_twitter_image":"","rank_math_schema_FAQPage":[]},"product_brand":[],"product_cat":[6,25],"product_tag":[],"class_list":{"0":"post-14755","1":"product","2":"type-product","3":"status-publish","4":"has-post-thumbnail","6":"product_cat-bird-deterrents","7":"product_cat-visual-bird-deterrents","9":"first","10":"instock","11":"taxable","12":"shipping-taxable","13":"purchasable","14":"product-type-simple"},"_links":{"self":[{"href":"https:\/\/birdbusters.eu\/lt\/wp-json\/wp\/v2\/product\/14755","targetHints":{"allow":["GET"]}}],"collection":[{"href":"https:\/\/birdbusters.eu\/lt\/wp-json\/wp\/v2\/product"}],"about":[{"href":"https:\/\/birdbusters.eu\/lt\/wp-json\/wp\/v2\/types\/product"}],"wp:featuredmedia":[{"embeddable":true,"href":"https:\/\/birdbusters.eu\/lt\/wp-json\/wp\/v2\/media\/14702"}],"wp:attachment":[{"href":"https:\/\/birdbusters.eu\/lt\/wp-json\/wp\/v2\/media?parent=14755"}],"wp:term":[{"taxonomy":"product_brand","embeddable":true,"href":"https:\/\/birdbusters.eu\/lt\/wp-json\/wp\/v2\/product_brand?post=14755"},{"taxonomy":"product_cat","embeddable":true,"href":"https:\/\/birdbusters.eu\/lt\/wp-json\/wp\/v2\/product_cat?post=14755"},{"taxonomy":"product_tag","embeddable":true,"href":"https:\/\/birdbusters.eu\/lt\/wp-json\/wp\/v2\/product_tag?post=14755"}],"curies":[{"name":"wp","href":"https:\/\/api.w.org\/{rel}","templated":true}]}}