{"id":8241,"date":"2021-02-19T14:36:55","date_gmt":"2021-02-19T13:36:55","guid":{"rendered":"https:\/\/birdbusters.eu\/product\/ultrasonic-repellent-with-motion-sensor\/"},"modified":"2025-10-31T13:30:15","modified_gmt":"2025-10-31T12:30:15","slug":"ultragarsinis-pauksciu-atbaidymo-prietaisas-su-judesio-jutikliu","status":"publish","type":"product","link":"https:\/\/birdbusters.eu\/lt\/produktas\/ultragarsinis-pauksciu-atbaidymo-prietaisas-su-judesio-jutikliu\/","title":{"rendered":"Ultragarsinis pauk\u0161\u010di\u0173 atbaidymo prietaisas su judesio jutikliu"},"content":{"rendered":"<p>Sode ar terasoje trikdo svetimos kat\u0117s, pel\u0117s, \u017eiurk\u0117s, \u0161e\u0161kai ar net \u0161ernai? Ultragarsinis pauk\u0161\u010di\u0173 atbaidymo prietaisas su judesio jutikliu gali efektyviai atbaidyti garnius, genius, varn\u0117nus ar kitus pauk\u0161\u010dius. Integruotas judesio detektorius aptinka judes\u012f iki de\u0161imties metr\u0173 spinduliu ir atbaido nepageidaujamus sve\u010dius pagal j\u016bs\u0173 pasirinkt\u0105 program\u0105 mirksin\u010dia \u0161viesa ir (arba) garsu. Nustatymus lengva pakeisti, nes mygtukas yra i\u0161orin\u0117je prietaiso pus\u0117je.<\/p>\n<p><strong>Nustatymai:<\/strong><\/p>\n<p>1) ultragarsas<br \/>\n2) ultragarsas ir mirksinti \u0161viesa<br \/>\n3) garsinis signalas, ultragarsas ir mirksinti \u0161viesa.<\/p>\n<p>Garsumas iki 100dB. Ultragarso signalo da\u017enis: 15 &#8211; 27 kHz.<\/p>\n<p>Saul\u0117s baterija palaiko pakankamai auk\u0161t\u0105 trij\u0173 AA baterij\u0173 \u012fkrovimo lyg\u012f. Baterijas taip pat galima \u012fkrauti naudojant \u012fkrovikl\u012f (\u012f komplekt\u0105 ne\u012feina).<\/p>\n<p>Atsparus vandeniui ir oro s\u0105lygoms.<\/p>\n<p>Matmenys: 14,5 x 12,5 x 10 cm<\/p>\n<p>Svoris: 380 gram\u0173<\/p>\n","protected":false},"excerpt":{"rendered":"<p>Ultragarsinis pauk\u0161\u010di\u0173 atbaidymo prietaisas su judesio jutikliu Garden Guard 580 efektyviai apsaugo j\u016bs\u0173 nam\u0173 sod\u0105 ir kiem\u0105 nuo nepageidaujam\u0173 pauk\u0161\u010di\u0173 ir gyv\u016bn\u0173.<\/p>\n","protected":false},"featured_media":8242,"template":"","meta":{"_themeisle_gutenberg_block_has_review":false},"product_brand":[],"product_cat":[119,167,120],"product_tag":[],"class_list":{"0":"post-8241","1":"product","2":"type-product","3":"status-publish","4":"has-post-thumbnail","6":"product_cat-garsiniai-pauksciu-atgrasymo-prietaisai-lt","7":"product_cat-kurmiu-baidykle-ir-gyvunu-atbaidytuvas","8":"product_cat-pauksciu-atgrasymo-prietaisai-lt","10":"first","11":"instock","12":"taxable","13":"shipping-taxable","14":"purchasable","15":"product-type-simple"},"_links":{"self":[{"href":"https:\/\/birdbusters.eu\/lt\/wp-json\/wp\/v2\/product\/8241","targetHints":{"allow":["GET"]}}],"collection":[{"href":"https:\/\/birdbusters.eu\/lt\/wp-json\/wp\/v2\/product"}],"about":[{"href":"https:\/\/birdbusters.eu\/lt\/wp-json\/wp\/v2\/types\/product"}],"wp:featuredmedia":[{"embeddable":true,"href":"https:\/\/birdbusters.eu\/lt\/wp-json\/wp\/v2\/media\/8242"}],"wp:attachment":[{"href":"https:\/\/birdbusters.eu\/lt\/wp-json\/wp\/v2\/media?parent=8241"}],"wp:term":[{"taxonomy":"product_brand","embeddable":true,"href":"https:\/\/birdbusters.eu\/lt\/wp-json\/wp\/v2\/product_brand?post=8241"},{"taxonomy":"product_cat","embeddable":true,"href":"https:\/\/birdbusters.eu\/lt\/wp-json\/wp\/v2\/product_cat?post=8241"},{"taxonomy":"product_tag","embeddable":true,"href":"https:\/\/birdbusters.eu\/lt\/wp-json\/wp\/v2\/product_tag?post=8241"}],"curies":[{"name":"wp","href":"https:\/\/api.w.org\/{rel}","templated":true}]}}