{"id":8245,"date":"2020-11-09T10:43:30","date_gmt":"2020-11-09T09:43:30","guid":{"rendered":"https:\/\/birdbusters.eu\/product\/agro-bird-repellent-3ha\/"},"modified":"2023-12-07T08:18:36","modified_gmt":"2023-12-07T07:18:36","slug":"pauksciu-baidymo-prietaisas-agro-pro-3ga","status":"publish","type":"product","link":"https:\/\/birdbusters.eu\/lt\/produktas\/pauksciu-baidymo-prietaisas-agro-pro-3ga\/","title":{"rendered":"Pauk\u0161\u010di\u0173 Baidymo Prietaisas Agro Pro 3Ha"},"content":{"rendered":"<p><strong>Pauk\u0161\u010di\u0173 baidymo prietaisas Agro Pro 3Ha gali b\u016bti naudojamas daugelyje viet\u0173<\/strong>: laukuose, tvartuose ir arklid\u0117se, taip pat pramonin\u0117ms teritorijoms apsaugoti. Pauk\u0161\u010di\u0173 baidymo prietaisas idealiai tinka pauk\u0161\u010diams baidyti tiek patalpose, tiek lauke.<\/p>\n<p>Efektyviai apsaugo plot\u0105 iki 3 hektar\u0173. Baterijos talpa veikia iki 3 savai\u010di\u0173. Pilnai programuojamas.<\/p>\n<p>Tarp kiekvieno akustinio intervalo yra 20 minu\u010di\u0173 pauz\u0117. Prietaisas turi daugiau nei 150 skirting\u0173 g\u0105sdinimo signal\u0173 ir gars\u0173 \u012fra\u0161\u0173, kurie suskirstyti \u012f 7 grupes. Komplekte yra pakrov\u0117jas ir baterija.<\/p>\n<h2><strong>Privalumai:<\/strong><\/h2>\n<ul>\n<li>Lengva naudoti ir montuoti<\/li>\n<li>Vandeniui atsparus korpusas ir sulankstomas pagrindas<\/li>\n<li>Naudojamas bet kokiomis oro s\u0105lygomis<\/li>\n<\/ul>\n<p><strong>Pagrindin\u0117s savyb\u0117s:<\/strong><\/p>\n<ul>\n<li>Efektyviai apsaugo plot\u0105 iki 3 Ha<\/li>\n<li>Baterijos talpa: 3 savait\u0117s*<\/li>\n<li>Pilnai programuojamas:\n<ul>\n<li style=\"text-align: left;\">skleid\u017eia j\u016bs\u0173 pasirinktus signalus<\/li>\n<li style=\"text-align: left;\">perdavimo intervalo pasirinkimas<\/li>\n<li style=\"text-align: left;\">programos prad\u017eios ir pabaigos laikas<\/li>\n<li style=\"text-align: left;\">reguliuojamas akustinio signalo stiprumas<\/li>\n<\/ul>\n<\/li>\n<\/ul>\n<p>* Su 20 minu\u010di\u0173 pertrauka tarp kiekvieno akustinio signalo<\/p>\n<p><strong>Pauk\u0161\u010di\u0173 baidymo prietaiso rinkin\u012f sudaro:<\/strong><\/p>\n<ul>\n<li>Garsiakalbis, skleid\u017eiantis atstumian\u010dius garsus<\/li>\n<li>Nuimamas metalinis sulankstomas pagrindas<\/li>\n<li>IP55 elektroninis prietaisas kartu su:<\/li>\n<li>\u012ekraunama baterija 12 V 7,2 Ah<\/li>\n<li>Elektroniniu moduliu su ekranu bei sukamoji ranken\u0117l\u0117<\/li>\n<li>Atminties kortel\u0117 su garso signalais<\/li>\n<li>Montavimo ir eksploatacijos instrukcija<\/li>\n<\/ul>\n<p>* Standarti\u0161kai Agro Pro 3Ga komplektuojamas su \u012fkrovikliu (100-240 V, 50\/60 Hz).<\/p>\n<p>** Atkreipkite d\u0117mes\u012f, kad pats \u012fkroviklis n\u0117ra atsparus vandeniui.<\/p>\n<div class=\"page\" title=\"Page 1\">\n<div class=\"section\">\n<div class=\"layoutArea\">\n<div class=\"column\">\n<p><a href=\"https:\/\/birdbusters.eu\/wp-content\/uploads\/2022\/06\/NoticeUtilisationAVT_B_EN.pdf\">Manual<\/a><\/p>\n<p><iframe loading=\"lazy\" title=\"Efficacit\u00e9 de l&#039;effaroucheur AviTrac\u00ae AVT18M sur un dortoir de corbeaux\" width=\"500\" height=\"281\" src=\"https:\/\/www.youtube.com\/embed\/1igkzc2yDdc?feature=oembed\" frameborder=\"0\" allow=\"accelerometer; autoplay; clipboard-write; encrypted-media; gyroscope; picture-in-picture; web-share\" referrerpolicy=\"strict-origin-when-cross-origin\" allowfullscreen><\/iframe><\/p>\n<p>&nbsp;<\/p>\n<\/div>\n<\/div>\n<\/div>\n<\/div>\n","protected":false},"excerpt":{"rendered":"<p>Agro Pro imituoja pauk\u0161\u010di\u0173 \u0161auksmus ir pl\u0117\u0161ri\u0173j\u0173 pauk\u0161\u010di\u0173 balsus, sukurdamas kenk\u0117jui nemaloni\u0105 aplink\u0105. Jis veiksmingai atbaido daugel\u012f pauk\u0161\u010di\u0173 r\u016b\u0161i\u0173, toki\u0173 kaip <strong>varnos, baland\u017eiai, starkiai, kirai<\/strong> ir kt.<\/p>\n<p>Pauk\u0161\u010di\u0173 baidymo prietaisas, sukurtas \u017eem\u0117s \u016bkio reikm\u0117ms, skirtas naudoti daugiausia lauke. Veikia tiek su baterija (3 sav.), tiek prijungtas prie 220 V tinklo.<\/p>\n<p>https:\/\/youtu.be\/XaM6VkvFlgo<\/p>\n<p>&nbsp;<\/p>\n","protected":false},"featured_media":9083,"template":"","meta":{"_themeisle_gutenberg_block_has_review":false},"product_brand":[],"product_cat":[119,120],"product_tag":[],"class_list":{"0":"post-8245","1":"product","2":"type-product","3":"status-publish","4":"has-post-thumbnail","6":"product_cat-garsiniai-pauksciu-atgrasymo-prietaisai-lt","7":"product_cat-pauksciu-atgrasymo-prietaisai-lt","9":"first","10":"onbackorder","11":"taxable","12":"shipping-taxable","13":"purchasable","14":"product-type-simple"},"_links":{"self":[{"href":"https:\/\/birdbusters.eu\/lt\/wp-json\/wp\/v2\/product\/8245","targetHints":{"allow":["GET"]}}],"collection":[{"href":"https:\/\/birdbusters.eu\/lt\/wp-json\/wp\/v2\/product"}],"about":[{"href":"https:\/\/birdbusters.eu\/lt\/wp-json\/wp\/v2\/types\/product"}],"wp:featuredmedia":[{"embeddable":true,"href":"https:\/\/birdbusters.eu\/lt\/wp-json\/wp\/v2\/media\/9083"}],"wp:attachment":[{"href":"https:\/\/birdbusters.eu\/lt\/wp-json\/wp\/v2\/media?parent=8245"}],"wp:term":[{"taxonomy":"product_brand","embeddable":true,"href":"https:\/\/birdbusters.eu\/lt\/wp-json\/wp\/v2\/product_brand?post=8245"},{"taxonomy":"product_cat","embeddable":true,"href":"https:\/\/birdbusters.eu\/lt\/wp-json\/wp\/v2\/product_cat?post=8245"},{"taxonomy":"product_tag","embeddable":true,"href":"https:\/\/birdbusters.eu\/lt\/wp-json\/wp\/v2\/product_tag?post=8245"}],"curies":[{"name":"wp","href":"https:\/\/api.w.org\/{rel}","templated":true}]}}