{"id":8251,"date":"2020-08-15T09:17:58","date_gmt":"2020-08-15T07:17:58","guid":{"rendered":"https:\/\/birdbusters.eu\/product\/white-bird-scare-ball\/"},"modified":"2025-07-22T23:39:06","modified_gmt":"2025-07-22T21:39:06","slug":"baltas-paukscius-baidantis-balionas","status":"publish","type":"product","link":"https:\/\/birdbusters.eu\/lt\/produktas\/baltas-paukscius-baidantis-balionas\/","title":{"rendered":"Baltas Pauk\u0161\u010dius Baidantis Balionas"},"content":{"rendered":"<h3>Baltas Pauk\u0161\u010dius Baidantis Balionas<\/h3>\n<p>\u0160is pauk\u0161\u010dius baidantis balionas yra pigiausias pauk\u0161\u010di\u0173 atgrasymo b\u016bdas. Pripu\u010diamas PVC balionas daugeliui pauk\u0161\u010di\u0173 sukelia nat\u016bral\u0173 pab\u0117gimo instinkt\u0105 d\u0117l blizgan\u010di\u0173 sidabrini\u0173 lipduk\u0173, imituojan\u010di\u0173 pl\u0117\u0161ri\u0173j\u0173 pauk\u0161\u010di\u0173 akis, ir \u0161vies\u0105 atspindin\u010di\u0173 plazdan\u010di\u0173 juosteli\u0173.<\/p>\n<p><span style=\"font-weight: 400;\">Pauk\u0161\u010dius baidantis balionas turi b\u016bti pakabintas vir\u0161 saugomos vietos taip, kad b\u016bt\u0173 matomas net i\u0161 didelio atstumo. Pakabinamas balionas ir kabantys kaspinai yra judinami v\u0117jo ir d\u0117l nuolatinio jud\u0117jimo ore pauk\u0161\u010diai jau\u010diasi trikdomi ir i\u0161sigand\u0119. <\/span><\/p>\n<p>\u0160i pauk\u0161\u010di\u0173 baidykl\u0117 atbaido \u017evirblius, baland\u017eius, varnas, \u017euv\u0117dras ir daugel\u012f kit\u0173 pauk\u0161\u010di\u0173.<\/p>\n<p><a href=\"https:\/\/birdbusters.eu\/de\/Category\/visuelle-vogelabschreckungen\/\" target=\"_blank\" rel=\"noopener\">Pauk\u0161\u010dius baidantis balionas<\/a> naudojamas vizualiai atgrasyti pauk\u0161\u010dius ma\u017eose teritorijose. Pauk\u0161\u010diai tai suvokia, nes reg\u0117jimas yra svarbiausias j\u0173 jutimo organas. Ta\u010diau taikant \u0161iuos metodus visada yra rizika, kad pauk\u0161\u010diai pripras prie baidykl\u0117s. Norint i\u0161vengti pripratimo efekto, baliono pad\u0117tis tur\u0117t\u0173 b\u016bti karts nuo karto kei\u010diama.<\/p>\n<p>Balionas pakabinamas ant stulpo vir\u0161 saugomos vietos. Prieplaukose jis gali b\u016bti kabinamas ant stiebo arba ant stulpo, kur neleid\u017eia pauk\u0161\u010diams nut\u016bpti.<\/p>\n<p>Balionas tinka \u012fvairioms naudojimo sritims ir naudojamas dar\u017euose, arklid\u0117se, prieplaukose, taip pat nam\u0173 sode ir kieme. Norint apsaugoti didesnius plotus, vienu metu galima pakabinti kelis balionus. Baltas pauk\u0161\u010dius baidantis balionas taip pat gali b\u016bti naudojamas kartu su geltonais ir juodais <a href=\"https:\/\/birdbusters.eu\/de\/produkt\/gelbe-kugelfoermige-vogelscheuche\/\" target=\"_blank\" rel=\"noopener\">pauk\u0161\u010dius baidan\u010diais balionais<\/a>.<\/p>\n<p>Kiekvieno baliono efektyvusis spindulys yra iki 20 m.<\/p>\n<p>50 cm balionas pripildytas \u012fprasto oro. Prie\u0161ingai nei balionai, u\u017epildyti heliu, \u0161is balionas nesudaro joki\u0173 v\u0117lesni\u0173 pildymo i\u0161laid\u0173.<\/p>\n<h3>Da\u017eniausiai U\u017eduodami Klausimai<\/h3>\n<p><b><i>Ar pauk\u0161\u010dius baidantis balionas atbaido visus pauk\u0161\u010dius?<\/i><\/b><\/p>\n<p>Balionas puikiai atbaido baland\u017eius, varnas, \u017euv\u0117dras, \u017evirblius ir daugel\u012f kit\u0173 pauk\u0161\u010di\u0173 r\u016b\u0161i\u0173. D\u0117l baliono dyd\u017eio, atspindin\u010di\u0173 savybi\u0173 ir nuolatinio jud\u0117jimo ore dauguma naudotoj\u0173 yra patenkinti \u0161ios baidykl\u0117s efektyvumu.<\/p>\n<p><b><i>Ar balionas efektyvus jei n\u0117ra v\u0117jo?<\/i><\/b><\/p>\n<p>Kai n\u0117ra v\u0117jo, gr\u0117smingos pl\u0117\u0161r\u0173j\u012f pauk\u0161t\u012f imituojan\u010dios akys ir atspindin\u010dios baliono savyb\u0117s sukuria atgrasant\u012f efekt\u0105. Norint sukurti atspindint\u012f efekt\u0105 i\u0161 sidabrini\u0173 lipduk\u0173 ir juosteli\u0173, balion\u0105 reikia kabinti dienos \u0161viesoje, o ne po tankiais med\u017eiais.<\/p>\n<p><b><i>Ar pauk\u0161\u010diai pripranta prie pauk\u0161\u010dius baidan\u010dio baliono?<\/i><\/b><\/p>\n<p><span style=\"font-weight: 400;\">Nors balionas efektyvus, reik\u0117t\u0173 reguliariai keisti \u0161iis pauk\u0161\u010di\u0173 baidykl\u0117s viet\u0105, kad pauk\u0161\u010diai nepriprast\u0173. <\/span><\/p>\n<p><b><i>Kiek balion\u0173 man reikia?<\/i><\/b><\/p>\n<p><span style=\"font-weight: 400;\">Reikalingas balion\u0173 skai\u010dius priklauso nuo teritorijos dyd\u017eio. Atviroje vietoje baliono efektyvusis spindulys gali siekti iki 20 m. Ta\u010diau naudojant sode ar gyvenamosiose patalpose, poveikio plotas suma\u017e\u0117ja.<\/span><\/p>\n<p>Montuodami pauk\u0161\u010dius atbaidan\u010dius balionus visada tur\u0117tum\u0117te \u012fsitikinti, kad jie u\u017etikrina \u201evisi\u0161k\u0105\u201c apsaug\u0105. Pavyzd\u017eiui, jei ant med\u017eio \u0161ono pakabintas tik vienas balionas, pauk\u0161\u010diai skris prie med\u017eio i\u0161 tos pus\u0117s, kur baliono nesimato. Balionai netur\u0117t\u0173 b\u016bti montuojami per auk\u0161tai, kitaip pauk\u0161\u010diai skris prie med\u017eio i\u0161 apa\u010dios.<\/p>\n<p><b><i>Kiek efekyv\u016bs pauk\u0161\u010dius baidantys balionai palyginus su kitomis priemon\u0117mis?<\/i><\/b><\/p>\n<p>Baliono funkcija yra atbaidyti pauk\u0161\u010dius savo bauginan\u010dia i\u0161vaizda ir nuolatiniu jud\u0117jimu. Balionas yra labai veiksmingas vizualinis pauk\u0161\u010di\u0173 atgrasymo b\u016bdas.<\/p>\n<p>Palyginti su kitomis pauk\u0161\u010di\u0173 atbaidymo priemon\u0117mis, baliono naudojimas niekaip nekenkia aplinkai. Jis nereikalauja energijos, nekelia triuk\u0161mo ir gali b\u016bti naudojamas bet kur. Be to, balionas yra visi\u0161kai nekenksmingas pauk\u0161\u010diams.<\/p>\n","protected":false},"excerpt":{"rendered":"<p>Pauk\u0161\u010dius baidantis balionas itin efektyviai atbaido nepageidaujamus pauk\u0161\u010dius nuo balkon\u0173, teras\u0173, sod\u0173, vaismed\u017ei\u0173 ar jacht\u0173. Sidabriniai \u0161vies\u0105 atspindintys lipdukai ant baliono, imituojantys blizgan\u010dias pl\u0117\u0161ri\u0173j\u0173 pauk\u0161\u010di\u0173 akis, bei plazdantys kaspin\u0117liai u\u017etikrina efektyv\u0173 pauk\u0161\u010di\u0173 atgrasym\u0105.<\/p>\n<p><b>Skersmuo: <\/b><span style=\"font-weight: 400;\">50 cm<\/span><\/p>\n<p><strong>Svoris: <\/strong>130 g<\/p>\n","protected":false},"featured_media":8252,"template":"","meta":{"_themeisle_gutenberg_block_has_review":false},"product_brand":[],"product_cat":[120,121],"product_tag":[],"class_list":{"0":"post-8251","1":"product","2":"type-product","3":"status-publish","4":"has-post-thumbnail","6":"product_cat-pauksciu-atgrasymo-prietaisai-lt","7":"product_cat-vizualiniai-pauksciu-atgrasymo-prietaisai-lt","9":"first","10":"instock","11":"taxable","12":"shipping-taxable","13":"purchasable","14":"product-type-simple"},"_links":{"self":[{"href":"https:\/\/birdbusters.eu\/lt\/wp-json\/wp\/v2\/product\/8251","targetHints":{"allow":["GET"]}}],"collection":[{"href":"https:\/\/birdbusters.eu\/lt\/wp-json\/wp\/v2\/product"}],"about":[{"href":"https:\/\/birdbusters.eu\/lt\/wp-json\/wp\/v2\/types\/product"}],"wp:featuredmedia":[{"embeddable":true,"href":"https:\/\/birdbusters.eu\/lt\/wp-json\/wp\/v2\/media\/8252"}],"wp:attachment":[{"href":"https:\/\/birdbusters.eu\/lt\/wp-json\/wp\/v2\/media?parent=8251"}],"wp:term":[{"taxonomy":"product_brand","embeddable":true,"href":"https:\/\/birdbusters.eu\/lt\/wp-json\/wp\/v2\/product_brand?post=8251"},{"taxonomy":"product_cat","embeddable":true,"href":"https:\/\/birdbusters.eu\/lt\/wp-json\/wp\/v2\/product_cat?post=8251"},{"taxonomy":"product_tag","embeddable":true,"href":"https:\/\/birdbusters.eu\/lt\/wp-json\/wp\/v2\/product_tag?post=8251"}],"curies":[{"name":"wp","href":"https:\/\/api.w.org\/{rel}","templated":true}]}}