{"id":8268,"date":"2020-08-15T09:05:27","date_gmt":"2020-08-15T07:05:27","guid":{"rendered":"https:\/\/birdbusters.eu\/product\/yellow-bird-scare-ball\/"},"modified":"2026-03-28T09:19:40","modified_gmt":"2026-03-28T08:19:40","slug":"geltonas-paukscius-baidantis-balionas","status":"publish","type":"product","link":"https:\/\/birdbusters.eu\/lt\/produktas\/geltonas-paukscius-baidantis-balionas\/","title":{"rendered":"Geltonas Pauk\u0161\u010dius Baidantis Balionas"},"content":{"rendered":"<p>Geltonas atbaidymo balionas pakabinamas ant stulpo prie saugomo objekto gerai matomoje vietoje, kur j\u012f gali pajudinti v\u0117jas. Galima pakabinti ir ant \u0161akos, tik reikia saugoti, kad \u0161aka nepa\u017eeist\u0173 baliono. Gerai matomoje vietoje pauk\u0161\u010dius baidan\u010dio baliono veikimo spindulys yra apie 20 metr\u0173. Kuo auk\u0161\u010diau pakabinamas balionas, tuo didesnis jo veikimo diapazonas. Did\u017eiausias veiksmingumas pasiekiamas pakaitomis kabinant skirting\u0173 spalv\u0173 balionus. Ilgiausias tos pa\u010dios spalvos baliono veikimo laikas yra trys savait\u0117s. Parduodami balti, geltoni ir juodi balionai pauk\u0161\u010diams atbaidyti.<\/p>\n<p><strong>Apsaugin\u0117s zonos: <\/strong>sodai, \u017eeldiniai, laukai, terasos, sand\u0117liai, tvartai, krovos aik\u0161tel\u0117s, val\u010di\u0173 prieplaukos, auk\u0161t\u0173 pastat\u0173 stogai ir kt.<\/p>\n<p><strong>Atbaido <\/strong>strazdus, \u200b\u200bbaland\u017eius, \u017evirblius, kirus, varnas ir kitus pauk\u0161\u010dius.<\/p>\n<p><strong>Kaip naudoti. <\/strong>Prip\u016bskite balion\u0105, bet ne per daug, nenaudokite tam pompos. Juod\u0173 apskritim\u0173 centre priklijuokite blizgan\u010dias \u201eakis\u201c. Prie baliono pagrindo pritvirtinkite blizgan\u010dias juosteles. Pakabinkite balion\u0105 gerai matomoje vietoje.<\/p>\n<p>\u017diemai \u0161iek tiek i\u0161leiskite balion\u0105 ir pad\u0117kite \u012f r\u016bs\u012f arba v\u0117sesn\u0119 patalp\u0105 naujam sezonui.<\/p>\n<p>Baliono skersmuo 50 cm, svoris 130 g<\/p>\n","protected":false},"excerpt":{"rendered":"<p>Pagamintas i\u0161 patvaraus PVC, pauk\u0161\u010dius baidantis balionas yra ekonomi\u0161kas, pripu\u010diamas ir atsparus oro s\u0105lygoms. Priemon\u0117 skirta apsaugoti nuo pauk\u0161\u010di\u0173 teritorijas, kuriose jie kelia r\u016bpes\u010di\u0173. Lengvai montuojamas ir tinkamas naudoti \u012fvairiose vietose, sprend\u017eiant \u012fvairias pauk\u0161\u010di\u0173 sukeliamas problemas.<\/p>\n<p>Balionas turi \u0161e\u0161ias \u201epl\u0117\u0161ri\u0173j\u0173 pauk\u0161\u010di\u0173 akis\u201c, kurios atbaido \u017evirblius, baland\u017eius, varnas, kirus ir kitus pauk\u0161\u010dius \u2013 nat\u016bral\u0173 vanag\u0173 grob\u012f.<\/p>\n<p>[yasr_multiset setid=0]<\/p>\n","protected":false},"featured_media":8269,"template":"","meta":{"_themeisle_gutenberg_block_has_review":false},"product_brand":[],"product_cat":[120,121],"product_tag":[],"class_list":{"0":"post-8268","1":"product","2":"type-product","3":"status-publish","4":"has-post-thumbnail","6":"product_cat-pauksciu-atgrasymo-prietaisai-lt","7":"product_cat-vizualiniai-pauksciu-atgrasymo-prietaisai-lt","9":"first","10":"instock","11":"taxable","12":"shipping-taxable","13":"purchasable","14":"product-type-simple"},"_links":{"self":[{"href":"https:\/\/birdbusters.eu\/lt\/wp-json\/wp\/v2\/product\/8268","targetHints":{"allow":["GET"]}}],"collection":[{"href":"https:\/\/birdbusters.eu\/lt\/wp-json\/wp\/v2\/product"}],"about":[{"href":"https:\/\/birdbusters.eu\/lt\/wp-json\/wp\/v2\/types\/product"}],"wp:featuredmedia":[{"embeddable":true,"href":"https:\/\/birdbusters.eu\/lt\/wp-json\/wp\/v2\/media\/8269"}],"wp:attachment":[{"href":"https:\/\/birdbusters.eu\/lt\/wp-json\/wp\/v2\/media?parent=8268"}],"wp:term":[{"taxonomy":"product_brand","embeddable":true,"href":"https:\/\/birdbusters.eu\/lt\/wp-json\/wp\/v2\/product_brand?post=8268"},{"taxonomy":"product_cat","embeddable":true,"href":"https:\/\/birdbusters.eu\/lt\/wp-json\/wp\/v2\/product_cat?post=8268"},{"taxonomy":"product_tag","embeddable":true,"href":"https:\/\/birdbusters.eu\/lt\/wp-json\/wp\/v2\/product_tag?post=8268"}],"curies":[{"name":"wp","href":"https:\/\/api.w.org\/{rel}","templated":true}]}}