{"id":8323,"date":"2019-09-21T10:29:37","date_gmt":"2019-09-21T08:29:37","guid":{"rendered":"https:\/\/birdbusters.eu\/product\/erglis-putnu-biedeklis\/"},"modified":"2024-05-10T16:18:26","modified_gmt":"2024-05-10T14:18:26","slug":"pauksciu-baidykle-erelis-tik-aitvaras","status":"publish","type":"product","link":"https:\/\/birdbusters.eu\/lt\/produktas\/pauksciu-baidykle-erelis-tik-aitvaras\/","title":{"rendered":"Pauk\u0161\u010di\u0173 Baidykl\u0117 &#8211; Erelis (tik aitvaras)"},"content":{"rendered":"<p>Pauk\u0161\u010di\u0173 Baidykl\u0117 &#8211; Erelis turi b\u016bti kabinama ant ilgo stiebo (\u012f komplekt\u0105 ne\u012feina), kad v\u0117jas gal\u0117t\u0173 lengvai j\u012f judinti. Net esant silpnam v\u0117jui, pauk\u0161\u010di\u0173 baidykl\u0117 &#8211; erelis pradeda jud\u0117ti, imituodamas erelio sukim\u0105si vir\u0161 grobio.<\/p>\n<p>Instrukcija angl\u0173 kalba: <a href=\"https:\/\/birdbusters.eu\/wp-content\/uploads\/2019\/03\/BB-Manual-DEMO.pdf\">Bird kite manual<\/a><\/p>\n<p>Veikia prie\u0161 visus pauk\u0161\u010dius ir gyv\u016bnus, kurie bijo ereli\u0173, taip pat nubaido baland\u017eius ir kirus.<\/p>\n<p>Pauk\u0161\u010di\u0173 Baidykl\u0117 &#8211; Erelis pagaminta i\u0161 tankios med\u017eiagos, o visi jo kra\u0161tai u\u017eapvalinti, kad atlaikyt\u0173 stipr\u0173 v\u0117j\u0105.<\/p>\n<p>&nbsp;<\/p>\n","protected":false},"excerpt":{"rendered":"<p>Tai efektyvi pauk\u0161\u010di\u0173 baidykl\u0117, kuri specialiai sukurta atlaikyti stipr\u0173 v\u0117j\u0105, tod\u0117l puikiai tinka miesto stog\u0173 apsaugai.<\/p>\n<p><span style=\"color: #ff0000;\"><strong>NB! \u0160is gaminys netelpa \u012f pa\u0161tomatas. Kaip pristatymo b\u016bd\u0105 pasirinkite kurjer\u012f (Courier Standard).<\/strong><\/span><\/p>\n<p>https:\/\/youtu.be\/p6I04j4kwmo<\/p>\n<p>&nbsp;<\/p>\n","protected":false},"featured_media":8330,"template":"","meta":{"_themeisle_gutenberg_block_has_review":false,"rank_math_focus_keyword":"Pauk\u0161\u010di\u0173 Baidykl\u0117 - Erelis","rank_math_title":"Pauk\u0161\u010di\u0173 Baidykl\u0117 - Erelis (tik aitvaras) | BIRD BUSTERS","rank_math_description":"Pauk\u0161\u010di\u0173 Baidykl\u0117 - Erelis yra labai efektyvi norint atbaidyti pauk\u0161\u010dius toliau nuo j\u016bs\u0173 nam\u0173, sodo ar komercin\u0117s nuosavyb\u0117s. Su\u017einokite daugiau!","rank_math_canonical_url":"","rank_math_facebook_title":"","rank_math_facebook_description":"","rank_math_facebook_image":"","rank_math_twitter_title":"","rank_math_twitter_description":"","rank_math_twitter_image":"","rank_math_schema_FAQPage":[]},"product_brand":[],"product_cat":[290,249,120,123,264,239,234,244,229,293],"product_tag":[],"class_list":{"0":"post-8323","1":"product","2":"type-product","3":"status-publish","4":"has-post-thumbnail","6":"product_cat-kiru-atbaidymas","7":"product_cat-paseliu-ir-sodu-apsauga-nuo-pauksciu","8":"product_cat-pauksciu-atgrasymo-prietaisai-lt","9":"product_cat-pauksciu-baidykles-lt","10":"product_cat-pauksciu-kontrole-oro-uostuose","11":"product_cat-pauksciu-kontrole-pastatuose-ir-ant-stogu","12":"product_cat-pauksciu-kontrole-pramones-objektuose-ir-sandeliuose","13":"product_cat-pauksciu-kontrole-sode","14":"product_cat-pauksciu-kontrole-uostuose-prieplaukose-ir-laivuose","15":"product_cat-starku-atbaidymas","16":"product_shipping_class-pristatymo-vieta-lt","18":"first","19":"instock","20":"taxable","21":"shipping-taxable","22":"purchasable","23":"product-type-simple"},"_links":{"self":[{"href":"https:\/\/birdbusters.eu\/lt\/wp-json\/wp\/v2\/product\/8323","targetHints":{"allow":["GET"]}}],"collection":[{"href":"https:\/\/birdbusters.eu\/lt\/wp-json\/wp\/v2\/product"}],"about":[{"href":"https:\/\/birdbusters.eu\/lt\/wp-json\/wp\/v2\/types\/product"}],"wp:featuredmedia":[{"embeddable":true,"href":"https:\/\/birdbusters.eu\/lt\/wp-json\/wp\/v2\/media\/8330"}],"wp:attachment":[{"href":"https:\/\/birdbusters.eu\/lt\/wp-json\/wp\/v2\/media?parent=8323"}],"wp:term":[{"taxonomy":"product_brand","embeddable":true,"href":"https:\/\/birdbusters.eu\/lt\/wp-json\/wp\/v2\/product_brand?post=8323"},{"taxonomy":"product_cat","embeddable":true,"href":"https:\/\/birdbusters.eu\/lt\/wp-json\/wp\/v2\/product_cat?post=8323"},{"taxonomy":"product_tag","embeddable":true,"href":"https:\/\/birdbusters.eu\/lt\/wp-json\/wp\/v2\/product_tag?post=8323"}],"curies":[{"name":"wp","href":"https:\/\/api.w.org\/{rel}","templated":true}]}}