{"id":8331,"date":"2021-12-05T17:02:48","date_gmt":"2021-12-05T16:02:48","guid":{"rendered":"https:\/\/birdbusters.eu\/product\/audio-bird-repellent-with-motion-sensor\/"},"modified":"2026-03-18T21:23:07","modified_gmt":"2026-03-18T20:23:07","slug":"garsinis-pauksciu-atbaidymo-prietaisas-su-judesio-jutikliu","status":"publish","type":"product","link":"https:\/\/birdbusters.eu\/lt\/produktas\/garsinis-pauksciu-atbaidymo-prietaisas-su-judesio-jutikliu\/","title":{"rendered":"Garsinis pauk\u0161\u010di\u0173 repelentas su judesio jutikliu"},"content":{"rendered":"<p><strong>Garsinis pauk\u0161\u010di\u0173 atbaidymo prietaisas su judesio jutikliu<\/strong> atbaido nepageidaujamus pauk\u0161\u010dius pl\u0117\u0161ri\u0173j\u0173 pauk\u0161\u010di\u0173 balsais. AUTO re\u017eimas leid\u017eia apsaugoti plot\u0105 iki 4000 m2. Nor\u0117dami reagavimo \u012f judes\u012f, perjunkite \u012frengin\u012f \u012f PIR re\u017eim\u0105. Prietaiso PIR jutiklis aptinka jud\u0117jim\u0105 9 metr\u0173 atstumu 130 laipsni\u0173 kampu ir \u012fjungia galing\u0105 \u012fmontuot\u0105 garsiakalb\u012f, skleid\u017eiant\u012f vanago, sakalo, erelio ir pel\u0117dos balsus. Nor\u0117dami apsaugoti iki 4000 m2 plot\u0105 automatiniu re\u017eimu, galite nustatyti laikotarp\u012f nuo 5 iki 30 minu\u010di\u0173, kai pauk\u0161\u010di\u0173 atbaidiklis automati\u0161kai skleid\u017eia pl\u0117\u0161ri\u0173j\u0173 pauk\u0161\u010di\u0173 balsus.<\/p>\n<p>Nakt\u012f, kai pauk\u0161\u010diai neaktyv\u016bs, \u012ftaisytas fotosensorius sustabdo \u012frengin\u012f.<\/p>\n<h3><strong>Pauk\u0161\u010diai, kuriuos veikia prietaisas: <\/strong><\/h3>\n<p>geniai, \u017evirbliai, strazdai, baland\u017eiai, varn\u0117nai, starkiai ir kiti kenk\u0117jai<\/p>\n<h3><strong>Apsaugin\u0117s zonos:<\/strong><\/h3>\n<p>\u016bkiai, kiemai, sodai, vaismed\u017ei\u0173 sodai, terasos ir kiti objektai.<\/p>\n<p><strong>Funkcijos:<\/strong><\/p>\n<ul>\n<li>Lengva montuoti ir pri\u017ei\u016br\u0117ti<\/li>\n<li>Judesio jutiklio PIR re\u017eimas leid\u017eia apsaugoti ir ma\u017eesn\u012f plot\u0105.<\/li>\n<li>AUTO re\u017eimas 5-30 minu\u010di\u0173 intervalais, siekiant apsaugoti didesn\u012f plot\u0105<\/li>\n<li>Integruotas foto jutiklis leid\u017eia naudoti \u012frengin\u012f tik dienos metu<\/li>\n<li>Pl\u0117\u0161r\u016bs vanag\u0173, ereli\u0173, sakal\u0173 ir pel\u0117d\u0173 balsai taip pat gali atbaidyti \u017eiurkes ir peles.<\/li>\n<li>Integruotas garso reguliavimo mygtukas<\/li>\n<li>Patobulintas skaitmeninis nat\u016brali\u0173 pl\u0117\u0161ri\u0173j\u0173 pauk\u0161\u010di\u0173 bals\u0173 \u012fra\u0161as<\/li>\n<\/ul>\n<p><strong>Parametrai:<\/strong><\/p>\n<ul>\n<li>Maitinimas: VAC i\u0161vesties adapteris 12 VDC, 400 mA<\/li>\n<li>Garso \u0161altiniai: vanago, erelio, sakalo ir pel\u0117dos bals\u0173 skaitmeninis \u012fra\u0161as<\/li>\n<li>Apsaugin\u0117 zona: AUTO MODE re\u017eimas (kai garsumas sureguliuotas iki pilnos galios): iki 4000m2<\/li>\n<li>PIR re\u017eimas: 130 laipsni\u0173 lanko kampas 9 metr\u0173 atstumu<\/li>\n<\/ul>\n<p>Pagaminta Taivane<\/p>\n","protected":false},"excerpt":{"rendered":"<p><strong>Garsinis pauk\u0161\u010di\u0173 repelentas su judesio jutikliu<\/strong> <strong>LS-2001<\/strong> atbaido genius, \u017evirblius, strazdus, \u200b\u200bbaland\u017eius, varnas ir starkius i\u0161 j\u016bs\u0173 \u016bki\u0173, sod\u0173, kiem\u0173 ir teras\u0173.<\/p>\n","protected":false},"featured_media":8332,"template":"","meta":{"_themeisle_gutenberg_block_has_review":false,"rank_math_focus_keyword":"Garsinis pauk\u0161\u010di\u0173 repelentas su judesio jutikliu","rank_math_title":"","rank_math_description":"Garsinis pauk\u0161\u010di\u0173 repelentas su judesio jutikliu LS-2001 atbaido genius, \u017evirblius, strazdus, baland\u017eius, varnas ir starkius i\u0161 j\u016bs\u0173 \u016bki\u0173, sod\u0173, kiem\u0173 ir teras\u0173.","rank_math_canonical_url":"","rank_math_facebook_title":"","rank_math_facebook_description":"","rank_math_facebook_image":"","rank_math_twitter_title":"","rank_math_twitter_description":"","rank_math_twitter_image":"","rank_math_schema_FAQPage":[]},"product_brand":[],"product_cat":[119,244,293],"product_tag":[],"class_list":{"0":"post-8331","1":"product","2":"type-product","3":"status-publish","4":"has-post-thumbnail","6":"product_cat-garsiniai-pauksciu-atgrasymo-prietaisai-lt","7":"product_cat-pauksciu-kontrole-sode","8":"product_cat-starku-atbaidymas","10":"first","11":"instock","12":"taxable","13":"shipping-taxable","14":"purchasable","15":"product-type-simple"},"_links":{"self":[{"href":"https:\/\/birdbusters.eu\/lt\/wp-json\/wp\/v2\/product\/8331","targetHints":{"allow":["GET"]}}],"collection":[{"href":"https:\/\/birdbusters.eu\/lt\/wp-json\/wp\/v2\/product"}],"about":[{"href":"https:\/\/birdbusters.eu\/lt\/wp-json\/wp\/v2\/types\/product"}],"wp:featuredmedia":[{"embeddable":true,"href":"https:\/\/birdbusters.eu\/lt\/wp-json\/wp\/v2\/media\/8332"}],"wp:attachment":[{"href":"https:\/\/birdbusters.eu\/lt\/wp-json\/wp\/v2\/media?parent=8331"}],"wp:term":[{"taxonomy":"product_brand","embeddable":true,"href":"https:\/\/birdbusters.eu\/lt\/wp-json\/wp\/v2\/product_brand?post=8331"},{"taxonomy":"product_cat","embeddable":true,"href":"https:\/\/birdbusters.eu\/lt\/wp-json\/wp\/v2\/product_cat?post=8331"},{"taxonomy":"product_tag","embeddable":true,"href":"https:\/\/birdbusters.eu\/lt\/wp-json\/wp\/v2\/product_tag?post=8331"}],"curies":[{"name":"wp","href":"https:\/\/api.w.org\/{rel}","templated":true}]}}