{"id":8372,"date":"2018-02-07T13:04:37","date_gmt":"2018-02-07T11:04:37","guid":{"rendered":"https:\/\/birdbusters.eu\/product\/solar-scarecrow-motion-activated-water-animal-repellent-deterrent-sprinkler\/"},"modified":"2023-12-08T09:02:25","modified_gmt":"2023-12-08T08:02:25","slug":"paukscius-atbaidantis-purkstuvas","status":"publish","type":"product","link":"https:\/\/birdbusters.eu\/lt\/produktas\/paukscius-atbaidantis-purkstuvas\/","title":{"rendered":"Pauk\u0161\u010dius Atbaidantis Purk\u0161tuvas"},"content":{"rendered":"<p>Pauk\u0161\u010dius Atbaidantis Purk\u0161tuvas \u2013 efektyvi pauk\u0161\u010di\u0173 kontrol\u0117ds priemon\u0117, atbaidanti <strong>visus pauk\u0161\u010dius (taip pat ir juodvarnius), \u0161unis, kates ir \u0161ernus<\/strong> sode, prie tvenkinio ir kitur.<\/p>\n<p><strong>Apsaugin\u0117s zonos:<\/strong> sodai, tvenkiniai, vejos, uogakr\u016bmiai, vaismed\u017eiai, dar\u017eovi\u0173 plantacijos.<\/p>\n<p><strong>Kaip veikia:<\/strong> Pauk\u0161\u010dius Atbaidantis Purk\u0161tuvas \u012fsijungia judesio jutikli\u0173 pagalba. Kai aptinkamas judesys, prietaisas veikia 4 sekundes.<\/p>\n<p>Pauk\u0161\u010dius Atbaidan\u010dio Purk\u0161tuvo triuk\u0161mas ir staigus vandens srautas u\u017etikrina, kad visi gyv\u016bnai ir pauk\u0161\u010diai nesiartins prie teritorijos.<\/p>\n<p>Judesio jutiklis veikia 90 laipsni\u0173 spinduliu, reguliuojamas jautrumas, atstumas siekia iki 10 metr\u0173. Pats purk\u0161tuvas reguliuojamas bet kokiu kampu, tod\u0117l visada pur\u0161kia reikiama kryptimi.<\/p>\n<p>Norint, kad vandens purk\u0161tuvas veikt\u0173, reikia \u0161iek tiek saul\u0117s ir <strong>vandens sl\u0117gio.<\/strong> Jei sodas ar tvenkinys yra didesnis nei 10 metr\u0173, reikia prijungti kelis purk\u0161tuvus.<\/p>\n<p><strong>Surinkimas:<\/strong> viskas, ko jums reikia, yra sodo \u017earna ir dienos \u0161viesa baterijai \u012fkrauti. Baterija jau yra \u012frenginio viduje, tereikia j\u0105 prijungti.<\/p>\n","protected":false},"excerpt":{"rendered":"<p>Pauk\u0161\u010dius Atbaidantis Purk\u0161tuvas \u2013 naudinga priemon\u0117, atbaidanti <strong>visus pauk\u0161\u010dius (taip pat ir juodvarnius), \u0161unis, kates ir \u0161ernus<\/strong> sode, prie tvenkinio ir kitur. Atbaidymo prietaisas veikia 4 sekundes, kai aptinkamas judesys.<\/p>\n<p>&nbsp;<\/p>\n<p>&nbsp;<\/p>\n","protected":false},"featured_media":8373,"template":"","meta":{"_themeisle_gutenberg_block_has_review":false},"product_brand":[],"product_cat":[124,121],"product_tag":[],"class_list":{"0":"post-8372","1":"product","2":"type-product","3":"status-publish","4":"has-post-thumbnail","6":"product_cat-pauksciu-repelentai-lt","7":"product_cat-vizualiniai-pauksciu-atgrasymo-prietaisai-lt","9":"first","10":"instock","11":"taxable","12":"shipping-taxable","13":"purchasable","14":"product-type-simple"},"_links":{"self":[{"href":"https:\/\/birdbusters.eu\/lt\/wp-json\/wp\/v2\/product\/8372","targetHints":{"allow":["GET"]}}],"collection":[{"href":"https:\/\/birdbusters.eu\/lt\/wp-json\/wp\/v2\/product"}],"about":[{"href":"https:\/\/birdbusters.eu\/lt\/wp-json\/wp\/v2\/types\/product"}],"wp:featuredmedia":[{"embeddable":true,"href":"https:\/\/birdbusters.eu\/lt\/wp-json\/wp\/v2\/media\/8373"}],"wp:attachment":[{"href":"https:\/\/birdbusters.eu\/lt\/wp-json\/wp\/v2\/media?parent=8372"}],"wp:term":[{"taxonomy":"product_brand","embeddable":true,"href":"https:\/\/birdbusters.eu\/lt\/wp-json\/wp\/v2\/product_brand?post=8372"},{"taxonomy":"product_cat","embeddable":true,"href":"https:\/\/birdbusters.eu\/lt\/wp-json\/wp\/v2\/product_cat?post=8372"},{"taxonomy":"product_tag","embeddable":true,"href":"https:\/\/birdbusters.eu\/lt\/wp-json\/wp\/v2\/product_tag?post=8372"}],"curies":[{"name":"wp","href":"https:\/\/api.w.org\/{rel}","templated":true}]}}