{"id":8388,"date":"2021-05-13T12:09:36","date_gmt":"2021-05-13T10:09:36","guid":{"rendered":"https:\/\/birdbusters.eu\/product\/scare-man\/"},"modified":"2025-10-31T13:25:45","modified_gmt":"2025-10-31T12:25:45","slug":"pauksciu-baidykle-scare-man","status":"publish","type":"product","link":"https:\/\/birdbusters.eu\/lt\/produktas\/pauksciu-baidykle-scare-man\/","title":{"rendered":"Pauk\u0161\u010di\u0173 baidykl\u0117 Scare Man"},"content":{"rendered":"<p><iframe loading=\"lazy\" title=\"Birdbusters Scaryman\" width=\"640\" height=\"480\" src=\"https:\/\/www.youtube.com\/embed\/_nNeq3NaCdg?feature=oembed\" frameborder=\"0\" allow=\"accelerometer; autoplay; clipboard-write; encrypted-media; gyroscope; picture-in-picture; web-share\" referrerpolicy=\"strict-origin-when-cross-origin\" allowfullscreen><\/iframe><\/p>\n<ul>\n<li>Staigus judesys, kai pauk\u0161\u010di\u0173 baidykl\u0117 prisipu\u010dia oro, kartu su a\u0161triu pyps\u0117jimu ir pauk\u0161\u010dius g\u0105sdinan\u010dia spalva u\u017etikrina, kad pauk\u0161\u010diai ir gyv\u016bnai nedr\u012fs artintis.<\/li>\n<li>Visi\u0161kai prisipu\u010dia per 25 sekundes; Vartotojas gali nustatyti baidykl\u0117s darbo cikl\u0105, konkret\u0173 interval\u0105 arba atsitiktin\u012f baidykl\u0117s pasirodym\u0105.<\/li>\n<li>Skleid\u017eia didel\u012f gars\u0105<\/li>\n<li>Oran\u017ein\u0117 spalva veiksmingai atbaido<\/li>\n<li>Korpusas yra patvarus; nedidel\u0119 skylut\u0119 galima u\u017eklijuoti \u012fprasta juosta<\/li>\n<li>Pauk\u0161\u010di\u0173 baidykl\u0117s auk\u0161tis 169 cm<\/li>\n<li>Senkan\u010dios baterijos indikatorius<\/li>\n<li>Maitinamas 12 V baterija<\/li>\n<li>Baterija \u012f komplekt\u0105 ne\u012feina<\/li>\n<\/ul>\n<h1><strong>Taikymas<\/strong>:<\/h1>\n<ul>\n<li>\n<h4>dar\u017eovi\u0173 ir uog\u0173 lysv\u0117s atvirame lauke<\/h4>\n<\/li>\n<li>\n<h4>vaisi\u0173 ir uog\u0173 sodinuk\u0173 plotai<\/h4>\n<\/li>\n<li>\n<h4>pas\u0117liai<\/h4>\n<\/li>\n<li>\n<h4>vaisi\u0173 sodinukai<\/h4>\n<\/li>\n<li>\n<h4>\u017euv\u0173 tvenkiniai<\/h4>\n<\/li>\n<li>\n<h4>oro uostai<\/h4>\n<\/li>\n<\/ul>\n<h4>Veiksminga nuo:<\/h4>\n<h3><strong>baland\u017ei\u0173, \u017e\u0105s\u0173, varn\u0173, kir\u0173, starki\u0173, ki\u0161ki\u0173 ir stirn\u0173<\/strong><\/h3>\n<h2><\/h2>\n<h2><strong>Patarimai naudotojams:<\/strong><\/h2>\n<p>Pauk\u0161\u010di\u0173 baidykl\u0117 &#8211; Scare Man visada turi b\u016bti auk\u0161\u010diau pas\u0117li\u0173 lygio.<\/p>\n<p>Reguliariai keiskite baidykl\u0117s pad\u0117t\u012f ir pasirodymo intervalus.<\/p>\n<p>Siekiant geriausi\u0173 rezultat\u0173, ji gali b\u016bti naudojama kartu su kitais atbaidymo prietaisais.<\/p>\n<h2><strong>Techniniai duomenys:<\/strong><\/h2>\n<p>Veikimo diapazonas: nuo 1 iki 2 ha<br \/>\nSurinkimo laikas: 3 minut\u0117s<br \/>\nG\u0105sdinimas judesiu ir sirena<br \/>\nMatmenys: 169 x 37 x 32,5 cm<br \/>\nSvoris: 5,5 kg<br \/>\nMed\u017eiaga: plastikas ir elektronika<br \/>\nPakuot\u0117s matmenys: 44 x 39 x 34 cm<\/p>\n","protected":false},"excerpt":{"rendered":"<h4>Pauk\u0161\u010di\u0173 baidykl\u0117 Scare Man &#8211; Unikalus pauk\u0161\u010di\u0173 atbaidiklis su elektroniniu valdymu!<\/h4>\n<h4 class=\"p1\">Tai modernus \u017emogaus dyd\u017eio pripu\u010diamas atvaizdas pauk\u0161\u010diams, kuris neleis pauk\u0161\u010diams ir laukiniams gyv\u016bnams staigiai prisiartinti prie j\u016bs\u0173 teritorijos.<\/h4>\n","protected":false},"featured_media":8389,"template":"","meta":{"_themeisle_gutenberg_block_has_review":false,"rank_math_focus_keyword":"Pauk\u0161\u010di\u0173 baidykl\u0117 - Scare Man","rank_math_title":"Pauk\u0161\u010di\u0173 Baidykl\u0117 - Scare Man | BIRD BUSTERS","rank_math_description":"Pauk\u0161\u010di\u0173 baidykl\u0117 - Scare Man yra \u017emogaus dyd\u017eio pripu\u010diama pauk\u0161\u010di\u0173 atgrasymo priemon\u0117, apsauganti j\u016bs\u0173 nuosavyb\u0119 nuo pauk\u0161\u010di\u0173. Su\u017einokite daugiau!","rank_math_canonical_url":"","rank_math_facebook_title":"","rank_math_facebook_description":"","rank_math_facebook_image":"","rank_math_twitter_title":"","rank_math_twitter_description":"","rank_math_twitter_image":"","rank_math_schema_FAQPage":[]},"product_brand":[],"product_cat":[287,284,290,296,259,249,264,239,234,244,229,124,293,280],"product_tag":[],"class_list":{"0":"post-8388","1":"product","2":"type-product","3":"status-publish","4":"has-post-thumbnail","6":"product_cat-balandziu-atbaidymas","7":"product_cat-garniu-atbaidymas","8":"product_cat-kiru-atbaidymas","9":"product_cat-laukiniu-gyvunu-ir-benamiu-sunu-bei-kaciu-kontrole","10":"product_cat-migruojanciu-pauksciu-atbaidymas","11":"product_cat-paseliu-ir-sodu-apsauga-nuo-pauksciu","12":"product_cat-pauksciu-kontrole-oro-uostuose","13":"product_cat-pauksciu-kontrole-pastatuose-ir-ant-stogu","14":"product_cat-pauksciu-kontrole-pramones-objektuose-ir-sandeliuose","15":"product_cat-pauksciu-kontrole-sode","16":"product_cat-pauksciu-kontrole-uostuose-prieplaukose-ir-laivuose","17":"product_cat-pauksciu-repelentai-lt","18":"product_cat-starku-atbaidymas","19":"product_cat-varnu-ir-krankliu-atbaidymas","21":"first","22":"onbackorder","23":"taxable","24":"shipping-taxable","25":"purchasable","26":"product-type-simple"},"_links":{"self":[{"href":"https:\/\/birdbusters.eu\/lt\/wp-json\/wp\/v2\/product\/8388","targetHints":{"allow":["GET"]}}],"collection":[{"href":"https:\/\/birdbusters.eu\/lt\/wp-json\/wp\/v2\/product"}],"about":[{"href":"https:\/\/birdbusters.eu\/lt\/wp-json\/wp\/v2\/types\/product"}],"wp:featuredmedia":[{"embeddable":true,"href":"https:\/\/birdbusters.eu\/lt\/wp-json\/wp\/v2\/media\/8389"}],"wp:attachment":[{"href":"https:\/\/birdbusters.eu\/lt\/wp-json\/wp\/v2\/media?parent=8388"}],"wp:term":[{"taxonomy":"product_brand","embeddable":true,"href":"https:\/\/birdbusters.eu\/lt\/wp-json\/wp\/v2\/product_brand?post=8388"},{"taxonomy":"product_cat","embeddable":true,"href":"https:\/\/birdbusters.eu\/lt\/wp-json\/wp\/v2\/product_cat?post=8388"},{"taxonomy":"product_tag","embeddable":true,"href":"https:\/\/birdbusters.eu\/lt\/wp-json\/wp\/v2\/product_tag?post=8388"}],"curies":[{"name":"wp","href":"https:\/\/api.w.org\/{rel}","templated":true}]}}