{"id":8401,"date":"2019-10-26T10:21:20","date_gmt":"2019-10-26T08:21:20","guid":{"rendered":"https:\/\/birdbusters.eu\/product\/bird-scarer-cannon-with-remote-control\/"},"modified":"2023-12-07T10:49:24","modified_gmt":"2023-12-07T09:49:24","slug":"elektrine-pauksciu-baidymo-patranka-su-nuotolinio-valdymo-pulteliu","status":"publish","type":"product","link":"https:\/\/birdbusters.eu\/lt\/produktas\/elektrine-pauksciu-baidymo-patranka-su-nuotolinio-valdymo-pulteliu\/","title":{"rendered":"Elektrin\u0117 pauk\u0161\u010di\u0173 baidymo patranka su nuotolinio valdymo pulteliu"},"content":{"rendered":"<p>Nuotoliniu b\u016bdu valdoma elektrin\u0117 duj\u0173 patranka Zon EL08 yra veiksmingiausia elektroniniu b\u016bdu valdoma patranka, skirta atbaidyti <strong>migruojan\u010dius pauk\u0161\u010dius, kirus, baland\u017eius, \u0161ernus ir vilkus.<\/strong> Tai oro s\u0105lygoms atspari elektrin\u0117 patranka, kurios garsin\u0117 galia prilygsta med\u017eioklinio \u0161autuvo garsui.<\/p>\n<p>Skaitmeniniu b\u016bdu reguliuojama dujin\u0117 patranka Zon EL08 leid\u017eia i\u0161\u0161auti iki keturi\u0173 \u0161\u016bvi\u0173 i\u0161 eil\u0117s. Be to, galite rinktis i\u0161 skirting\u0173 interval\u0173 ir 4 skirting\u0173 veikimo period\u0173 per 24 valandas. Pavyzd\u017eiui, galite nustatyti patrank\u0105 taip, kad ryte ji prad\u0117t\u0173 veikti 6.05 val. ir baigt\u0173 9.00 val. Po to patranka veikia kelias valandas piet\u0173 metu, o v\u0117liau pagal poreik\u012f vakare. Kadangi patranka gali i\u0161\u0161auti iki 4 \u0161\u016bvi\u0173 i\u0161 eil\u0117s, ji yra efektyviausia kaip pauk\u0161\u010di\u0173 atbaidymo priemon\u0117.<\/p>\n<p>Nuotolinio valdymo d\u0117ka patrankos veikimas yra efektyvesnis. Patranka gali b\u016bti lengvai \u012fjungiama nuotoliniu b\u016bdu, kai staiga prireikia i\u0161g\u0105sdinti nepageidaujamus pauk\u0161\u010dius ar gyv\u016bnus. Nuotolinio valdymo pultelio veikimo nuotolis yra iki 2 km. Vienas nuotolinio valdymo pultas veikia vienu metu su 4 skirtingomis patrankomis (prie kiekvienos patrankos reikia pritvirtinti savo imtuv\u0105).<\/p>\n<p><strong>Apsaugin\u0117s zonos:<\/strong> jav\u0173 laukai, dar\u017eovi\u0173, uog\u0173 ir vaisi\u0173 sodinukai.<\/p>\n<p><strong>Kaip veikia:<\/strong> dujinei patrankai reikalinga <a href=\"https:\/\/nirgu.ee\/toode\/12-v-aku\/\" target=\"_blank\" rel=\"noopener\">12 V baterija<\/a> ir propano arba butano dujos, kurios \u012f komplekt\u0105 ne\u012feina. Galite naudoti \u012fprast\u0105 automobilio akumuliatori\u0173 ir buitin\u012f duj\u0173 balion\u0105.<\/p>\n<p>Efektyvumui padidinti rekomenduojame \u012fsigyti special\u0173 <strong>trikoj\u012f<\/strong>, kurio auk\u0161tis ir 360 laipsni\u0173 sukimosi mechanizmas padidina ginklo veikimo spindul\u012f, nes su kiekvienu \u0161\u016bviu patranka kei\u010dia krypt\u012f.<\/p>\n<p><a href=\"https:\/\/birdbusters.eu\/wp-content\/uploads\/2019\/04\/EL08-manual.pdf\">Instrukcija angl\u0173 kalba<\/a><\/p>\n<p><a href=\"https:\/\/birdbusters.eu\/wp-content\/uploads\/2023\/11\/6491c6563176a208QS-RADIO-TRAP-1-1.pdf\">N<\/a><span style=\"font-size: 12pt;\"><a href=\"https:\/\/birdbusters.eu\/wp-content\/uploads\/2023\/11\/6491c6563176a208QS-RADIO-TRAP-1-1.pdf\">uotolinio valdymo vadovas<\/a><\/span><\/p>\n<p><span style=\"font-size: 12pt;\"><a href=\"https:\/\/birdbusters.eu\/wp-content\/uploads\/2023\/11\/65367c78131fb917DS-TRAP-12.pdf\">Nuotoliniai duomenys<\/a><\/span><\/p>\n","protected":false},"excerpt":{"rendered":"<p><strong>Elektronin\u0117 pauk\u0161\u010di\u0173 baidymo patranka su nuotolinio valdymo pulteliu<\/strong> skirta migruojantiems pauk\u0161\u010diams atbaidyti, pavyzd\u017eiui, kirus, baland\u017eius. Migruojantys pauk\u0161\u010diai, kaip ir laukiniai gyv\u016bnai, gali padaryti labai didel\u0117s \u017ealos \u016bkininkams. Orui atsparios elektrin\u0117s duj\u0173 patrankos \u0161\u016bvi\u0173 serija, kurios gars\u0105 galima palyginti su med\u017eioklinio \u0161autuvo \u0161\u016bviu, atbaido net dr\u0105siausius pauk\u0161\u010dius ir gyv\u016bnus. Perkamiausia patranka-atbaidymo prietaisas Europoje.<\/p>\n<p>https:\/\/youtu.be\/XMxz8kDgTco<\/p>\n<p>&nbsp;<\/p>\n","protected":false},"featured_media":8402,"template":"","meta":{"_themeisle_gutenberg_block_has_review":false},"product_brand":[],"product_cat":[125,167,124],"product_tag":[],"class_list":{"0":"post-8401","1":"product","2":"type-product","3":"status-publish","4":"has-post-thumbnail","6":"product_cat-garsiniai-pauksciu-baidymo-prietaisai-lt","7":"product_cat-kurmiu-baidykle-ir-gyvunu-atbaidytuvas","8":"product_cat-pauksciu-repelentai-lt","9":"product_shipping_class-pristatymo-vieta-lt","11":"first","12":"onbackorder","13":"taxable","14":"shipping-taxable","15":"purchasable","16":"product-type-simple"},"_links":{"self":[{"href":"https:\/\/birdbusters.eu\/lt\/wp-json\/wp\/v2\/product\/8401","targetHints":{"allow":["GET"]}}],"collection":[{"href":"https:\/\/birdbusters.eu\/lt\/wp-json\/wp\/v2\/product"}],"about":[{"href":"https:\/\/birdbusters.eu\/lt\/wp-json\/wp\/v2\/types\/product"}],"wp:featuredmedia":[{"embeddable":true,"href":"https:\/\/birdbusters.eu\/lt\/wp-json\/wp\/v2\/media\/8402"}],"wp:attachment":[{"href":"https:\/\/birdbusters.eu\/lt\/wp-json\/wp\/v2\/media?parent=8401"}],"wp:term":[{"taxonomy":"product_brand","embeddable":true,"href":"https:\/\/birdbusters.eu\/lt\/wp-json\/wp\/v2\/product_brand?post=8401"},{"taxonomy":"product_cat","embeddable":true,"href":"https:\/\/birdbusters.eu\/lt\/wp-json\/wp\/v2\/product_cat?post=8401"},{"taxonomy":"product_tag","embeddable":true,"href":"https:\/\/birdbusters.eu\/lt\/wp-json\/wp\/v2\/product_tag?post=8401"}],"curies":[{"name":"wp","href":"https:\/\/api.w.org\/{rel}","templated":true}]}}