{"id":8406,"date":"2019-09-21T17:50:39","date_gmt":"2019-09-21T15:50:39","guid":{"rendered":"https:\/\/birdbusters.eu\/product\/pauksciu-atbaidymo-priemone-agro-pro-mini\/"},"modified":"2023-12-07T10:52:06","modified_gmt":"2023-12-07T09:52:06","slug":"pauksciu-atbaidymo-priemone-agro-pro-mini","status":"publish","type":"product","link":"https:\/\/birdbusters.eu\/lt\/produktas\/pauksciu-atbaidymo-priemone-agro-pro-mini\/","title":{"rendered":"Pauk\u0161\u010di\u0173 atbaidymo priemon\u0117 Agro Pro mini"},"content":{"rendered":"<div class=\"page\" title=\"Page 1\">\n<div class=\"section\">\n<div class=\"layoutArea\">\n<div class=\"column\">\n<h1><strong>Taikymas:<\/strong><\/h1>\n<p>laukuose, tvartuose ir arklid\u0117se, miest\u0173 centruose ar pramonin\u0117se zonose<\/p>\n<h2>Veiksminga nuo:<\/h2>\n<p>varnos, baland\u017eiai, starkiai, kirai ir kt<\/p>\n<p>Maitinama 220 V baterija. Pilnai programuojama. Tarp akustini\u0173 interval\u0173 yra 20 minu\u010di\u0173 pauz\u0117. \u012era\u0161yta daugiau nei 50 skirting\u0173 signal\u0173.<\/p>\n<p><a href=\"https:\/\/birdbusters.eu\/wp-content\/uploads\/2022\/06\/NoticeUtilisationBT9M_002_EN.pdf\">Instrukcija <\/a><\/p>\n<\/div>\n<\/div>\n<\/div>\n<\/div>\n","protected":false},"excerpt":{"rendered":"<p>Pauk\u0161\u010di\u0173 atbaidymo priemon\u0117 Agro Pro mini\u00a0 &#8211; pauk\u0161\u010di\u0173 atbaidymo prietaisas sukurtas \u017eem\u0117s \u016bkio reikm\u0117ms.<\/p>\n<p>Agro Pro atkuria pauk\u0161\u010di\u0173 \u0161auksmus ir pl\u0117\u0161ri\u0173j\u0173 pauk\u0161\u010di\u0173 balsus, sukurdama kenk\u0117jui nemaloni\u0105 aplink\u0105. Ji veiksmingai atbaido daugel\u012f pauk\u0161\u010di\u0173 r\u016b\u0161i\u0173, toki\u0173 kaip varnos, baland\u017eiai, starkiai, kirai ir kt.<\/p>\n<p>Pauk\u0161\u010di\u0173 atbaidymo prietaisas Agro Pro gali b\u016bti naudojamas daugelyje sri\u010di\u0173: laukuose, tvartuose ir arklid\u0117se, miest\u0173 centruose ar pramonin\u0117se zonose. Prietaisas idealiai tinka pauk\u0161\u010diams baidyti tiek patalpose, tiek lauke. Apsaugo iki 5000 m2 plot\u0105.<\/p>\n<p>https:\/\/youtu.be\/xxkk2m9rcUE<\/p>\n<p>&nbsp;<\/p>\n","protected":false},"featured_media":8749,"template":"","meta":{"_themeisle_gutenberg_block_has_review":false},"product_brand":[],"product_cat":[119,120],"product_tag":[],"class_list":{"0":"post-8406","1":"product","2":"type-product","3":"status-publish","4":"has-post-thumbnail","6":"product_cat-garsiniai-pauksciu-atgrasymo-prietaisai-lt","7":"product_cat-pauksciu-atgrasymo-prietaisai-lt","9":"first","10":"onbackorder","11":"taxable","12":"shipping-taxable","13":"purchasable","14":"product-type-simple"},"_links":{"self":[{"href":"https:\/\/birdbusters.eu\/lt\/wp-json\/wp\/v2\/product\/8406","targetHints":{"allow":["GET"]}}],"collection":[{"href":"https:\/\/birdbusters.eu\/lt\/wp-json\/wp\/v2\/product"}],"about":[{"href":"https:\/\/birdbusters.eu\/lt\/wp-json\/wp\/v2\/types\/product"}],"wp:featuredmedia":[{"embeddable":true,"href":"https:\/\/birdbusters.eu\/lt\/wp-json\/wp\/v2\/media\/8749"}],"wp:attachment":[{"href":"https:\/\/birdbusters.eu\/lt\/wp-json\/wp\/v2\/media?parent=8406"}],"wp:term":[{"taxonomy":"product_brand","embeddable":true,"href":"https:\/\/birdbusters.eu\/lt\/wp-json\/wp\/v2\/product_brand?post=8406"},{"taxonomy":"product_cat","embeddable":true,"href":"https:\/\/birdbusters.eu\/lt\/wp-json\/wp\/v2\/product_cat?post=8406"},{"taxonomy":"product_tag","embeddable":true,"href":"https:\/\/birdbusters.eu\/lt\/wp-json\/wp\/v2\/product_tag?post=8406"}],"curies":[{"name":"wp","href":"https:\/\/api.w.org\/{rel}","templated":true}]}}