{"id":8440,"date":"2021-02-01T11:37:17","date_gmt":"2021-02-01T10:37:17","guid":{"rendered":"https:\/\/birdbusters.eu\/product\/360-tripod-for-mechanical-gas-cannon\/"},"modified":"2025-10-31T13:30:28","modified_gmt":"2025-10-31T12:30:28","slug":"trikojis-mechaninems-duju-patrankoms","status":"publish","type":"product","link":"https:\/\/birdbusters.eu\/lt\/produktas\/trikojis-mechaninems-duju-patrankoms\/","title":{"rendered":"Trikojis mechanin\u0117ms duj\u0173 patrankoms"},"content":{"rendered":"<p>Ant trikojo sumontuotos <a href=\"https:\/\/birdbusters.eu\/lt\/product\/mechanine-dujine-patranka\/\">mechanin\u0117s dujin\u0117s patrankos<\/a> veikimo spindulys yra 360 laipsni\u0173.<\/p>\n","protected":false},"excerpt":{"rendered":"<p><strong>360 laipsni\u0173 besisukantis trikojis<\/strong> <a href=\"https:\/\/birdbusters.eu\/lt\/product\/mechanine-dujine-patranka\/\">mechaninei patrankai<\/a> padidina dujin\u0117s patrankos diapazon\u0105 d\u0117l auk\u0161\u010dio ir sukimosi a\u0161ies.<\/p>\n<p>Po kiekvieno \u0161\u016bvio patranka kei\u010dia krypt\u012f, veikiama sm\u016bgio bangos.<\/p>\n<p><span style=\"color: #ff0000;\"><strong>NB! \u0160is gaminys netelpa \u012f pa\u0161tomatas. Kaip pristatymo b\u016bd\u0105 pasirinkite kurjer\u012f (Courier Standard).<\/strong><\/span><\/p>\n","protected":false},"featured_media":8443,"template":"","meta":{"_themeisle_gutenberg_block_has_review":false},"product_brand":[],"product_cat":[125,167,124],"product_tag":[],"class_list":{"0":"post-8440","1":"product","2":"type-product","3":"status-publish","4":"has-post-thumbnail","6":"product_cat-garsiniai-pauksciu-baidymo-prietaisai-lt","7":"product_cat-kurmiu-baidykle-ir-gyvunu-atbaidytuvas","8":"product_cat-pauksciu-repelentai-lt","9":"product_shipping_class-pristatymo-vieta-lt","11":"first","12":"instock","13":"taxable","14":"shipping-taxable","15":"purchasable","16":"product-type-simple"},"_links":{"self":[{"href":"https:\/\/birdbusters.eu\/lt\/wp-json\/wp\/v2\/product\/8440","targetHints":{"allow":["GET"]}}],"collection":[{"href":"https:\/\/birdbusters.eu\/lt\/wp-json\/wp\/v2\/product"}],"about":[{"href":"https:\/\/birdbusters.eu\/lt\/wp-json\/wp\/v2\/types\/product"}],"wp:featuredmedia":[{"embeddable":true,"href":"https:\/\/birdbusters.eu\/lt\/wp-json\/wp\/v2\/media\/8443"}],"wp:attachment":[{"href":"https:\/\/birdbusters.eu\/lt\/wp-json\/wp\/v2\/media?parent=8440"}],"wp:term":[{"taxonomy":"product_brand","embeddable":true,"href":"https:\/\/birdbusters.eu\/lt\/wp-json\/wp\/v2\/product_brand?post=8440"},{"taxonomy":"product_cat","embeddable":true,"href":"https:\/\/birdbusters.eu\/lt\/wp-json\/wp\/v2\/product_cat?post=8440"},{"taxonomy":"product_tag","embeddable":true,"href":"https:\/\/birdbusters.eu\/lt\/wp-json\/wp\/v2\/product_tag?post=8440"}],"curies":[{"name":"wp","href":"https:\/\/api.w.org\/{rel}","templated":true}]}}