{"id":8446,"date":"2021-02-25T17:32:48","date_gmt":"2021-02-25T16:32:48","guid":{"rendered":"https:\/\/birdbusters.eu\/product\/eagle-shaped-bird-repellent-with-a-solar-battery-and-sound\/"},"modified":"2025-10-31T11:30:47","modified_gmt":"2025-10-31T10:30:47","slug":"pauksciu-baidykle-erelis-su-saules-baterija-ir-garsu","status":"publish","type":"product","link":"https:\/\/birdbusters.eu\/lt\/produktas\/pauksciu-baidykle-erelis-su-saules-baterija-ir-garsu\/","title":{"rendered":"Pauk\u0161\u010di\u0173 Baidykl\u0117 &#8211; Erelis su Saul\u0117s Baterija ir Garsu"},"content":{"rendered":"<p>Pauk\u0161\u010di\u0173 baidykl\u0117 &#8211; erelis yra su pasukamu guoliu, kuris leid\u017eia fig\u016brai lengvai suktis v\u0117jyje. Jei \u012fjungtas garso mygtukas, tada fig\u016bra netaisyklingais intervalais skleid\u017eia \u012fvairius garsus: vanago, sakalo, erelio, pel\u0117dos ir varnos. Garsas nereguliuojamas. Galin\u0117je pus\u0117je esanti saul\u0117s baterija u\u017etikrina baterijos \u012fkrovim\u0105. Sparnuotojo erelio fig\u016braturi \u0161viesos jutikl\u012f, kuris u\u017etikrina, kad erelis netriuk\u0161maus tamsoje.<\/p>\n<p><strong>Apsaugin\u0117s zonos:<\/strong> balkonai, sodai, terasos, dar\u017eai, pastatai, valtys, laukai.<\/p>\n<p><strong>Surinkimas: <\/strong>Sparnai turi b\u016bti pritvirtinti komplekte esan\u010diais var\u017etais ir \u012f tam skirt\u0105 \u012fdub\u0105. Pritvirtinkite erel\u012f prie sienos ar stulpo su laikikliu. \u012esitikinkite, kad fig\u016brai u\u017etenka vietos pasisukti. \u012ed\u0117kite baterij\u0105 \u012f baterij\u0173 skyri\u0173. Paspauskite perjungikl\u012f ir erelis netaisyklingais intervalais prad\u0117s skleisti \u012fvairius garsus.<\/p>\n<p><strong>Poveikis<\/strong>: atbaido nepageidaujamus pauk\u0161\u010dius garso ir vaizdo efektu.<\/p>\n<p><strong>Matmenys<\/strong>: 43 x 35 x 19 cm<\/p>\n<p><strong>Pakuot\u0117s matmenys:<\/strong> 51 x 19 x 19 cm<\/p>\n","protected":false},"excerpt":{"rendered":"<p>Pauk\u0161\u010di\u0173 baidykl\u0117 &#8211; erelis su saul\u0117s baterija ir garsu, sukasi v\u0117jyje ir skleid\u017eia pl\u0117\u0161ri\u0173j\u0173 pauk\u0161\u010di\u0173 bei varn\u0173 \u0161auksmus. Tinka nepageidaujamiems pauk\u0161\u010diams baidyti i\u0161 teras\u0173, sod\u0173, lauk\u0173 ar pastat\u0173.<\/p>\n<p>https:\/\/youtu.be\/Whn31p5u3q8<\/p>\n","protected":false},"featured_media":8450,"template":"","meta":{"_themeisle_gutenberg_block_has_review":false},"product_brand":[],"product_cat":[119,124,121],"product_tag":[],"class_list":{"0":"post-8446","1":"product","2":"type-product","3":"status-publish","4":"has-post-thumbnail","6":"product_cat-garsiniai-pauksciu-atgrasymo-prietaisai-lt","7":"product_cat-pauksciu-repelentai-lt","8":"product_cat-vizualiniai-pauksciu-atgrasymo-prietaisai-lt","10":"first","11":"outofstock","12":"taxable","13":"shipping-taxable","14":"purchasable","15":"product-type-simple"},"_links":{"self":[{"href":"https:\/\/birdbusters.eu\/lt\/wp-json\/wp\/v2\/product\/8446","targetHints":{"allow":["GET"]}}],"collection":[{"href":"https:\/\/birdbusters.eu\/lt\/wp-json\/wp\/v2\/product"}],"about":[{"href":"https:\/\/birdbusters.eu\/lt\/wp-json\/wp\/v2\/types\/product"}],"wp:featuredmedia":[{"embeddable":true,"href":"https:\/\/birdbusters.eu\/lt\/wp-json\/wp\/v2\/media\/8450"}],"wp:attachment":[{"href":"https:\/\/birdbusters.eu\/lt\/wp-json\/wp\/v2\/media?parent=8446"}],"wp:term":[{"taxonomy":"product_brand","embeddable":true,"href":"https:\/\/birdbusters.eu\/lt\/wp-json\/wp\/v2\/product_brand?post=8446"},{"taxonomy":"product_cat","embeddable":true,"href":"https:\/\/birdbusters.eu\/lt\/wp-json\/wp\/v2\/product_cat?post=8446"},{"taxonomy":"product_tag","embeddable":true,"href":"https:\/\/birdbusters.eu\/lt\/wp-json\/wp\/v2\/product_tag?post=8446"}],"curies":[{"name":"wp","href":"https:\/\/api.w.org\/{rel}","templated":true}]}}