{"id":8462,"date":"2018-11-30T09:31:30","date_gmt":"2018-11-30T08:31:30","guid":{"rendered":"https:\/\/birdbusters.eu\/product\/tube-fitting\/"},"modified":"2023-12-07T11:03:43","modified_gmt":"2023-12-07T10:03:43","slug":"vamzdziu-jungtis","status":"publish","type":"product","link":"https:\/\/birdbusters.eu\/lt\/produktas\/vamzdziu-jungtis\/","title":{"rendered":"Vamzd\u017ei\u0173 Jungtis"},"content":{"rendered":"<p>Vamzd\u017ei\u0173 jungtis skirta <a href=\"https:\/\/birdbusters.eu\/product\/seagull-deterrent-for-roofs\/\" target=\"_blank\" rel=\"noopener\">\u017euv\u0117dr\u0173 atgrasymo \u012ftaisui<\/a> montuoti ant valties, antenos, rit\u0117s, stiebo ar bet kokio kito horizontalaus vamzd\u017eio. Puikiai tinka su 12-50 mm skersmens vamzd\u017eiu.<\/p>\n","protected":false},"excerpt":{"rendered":"<p>Spaustukas skirtas pritvirtinti <a href=\"https:\/\/birdbusters.eu\/lt\/product\/pauksciu-atbaidymo-prietaisas-besisukantis-vejyje\/\">pauk\u0161\u010di\u0173 atbaidymo prietais\u0105<\/a>, besisukant\u012f v\u0117jyje prie valties, antenos, tur\u0117kl\u0173, str\u0117l\u0117s ar bet kurio kito horizontalaus vamzd\u017eio.<\/p>\n<p>&nbsp;<\/p>\n","protected":false},"featured_media":8464,"template":"","meta":{"_themeisle_gutenberg_block_has_review":false},"product_brand":[],"product_cat":[120,121],"product_tag":[],"class_list":{"0":"post-8462","1":"product","2":"type-product","3":"status-publish","4":"has-post-thumbnail","6":"product_cat-pauksciu-atgrasymo-prietaisai-lt","7":"product_cat-vizualiniai-pauksciu-atgrasymo-prietaisai-lt","9":"first","10":"instock","11":"taxable","12":"shipping-taxable","13":"purchasable","14":"product-type-simple"},"_links":{"self":[{"href":"https:\/\/birdbusters.eu\/lt\/wp-json\/wp\/v2\/product\/8462","targetHints":{"allow":["GET"]}}],"collection":[{"href":"https:\/\/birdbusters.eu\/lt\/wp-json\/wp\/v2\/product"}],"about":[{"href":"https:\/\/birdbusters.eu\/lt\/wp-json\/wp\/v2\/types\/product"}],"wp:featuredmedia":[{"embeddable":true,"href":"https:\/\/birdbusters.eu\/lt\/wp-json\/wp\/v2\/media\/8464"}],"wp:attachment":[{"href":"https:\/\/birdbusters.eu\/lt\/wp-json\/wp\/v2\/media?parent=8462"}],"wp:term":[{"taxonomy":"product_brand","embeddable":true,"href":"https:\/\/birdbusters.eu\/lt\/wp-json\/wp\/v2\/product_brand?post=8462"},{"taxonomy":"product_cat","embeddable":true,"href":"https:\/\/birdbusters.eu\/lt\/wp-json\/wp\/v2\/product_cat?post=8462"},{"taxonomy":"product_tag","embeddable":true,"href":"https:\/\/birdbusters.eu\/lt\/wp-json\/wp\/v2\/product_tag?post=8462"}],"curies":[{"name":"wp","href":"https:\/\/api.w.org\/{rel}","templated":true}]}}