{"id":8467,"date":"2018-11-30T09:26:37","date_gmt":"2018-11-30T08:26:37","guid":{"rendered":"https:\/\/birdbusters.eu\/product\/seagull-deterrent-for-roofs\/"},"modified":"2024-05-10T16:19:35","modified_gmt":"2024-05-10T14:19:35","slug":"pauksciu-atbaidymo-prietaisas-besisukantis-vejyje","status":"publish","type":"product","link":"https:\/\/birdbusters.eu\/lt\/produktas\/pauksciu-atbaidymo-prietaisas-besisukantis-vejyje\/","title":{"rendered":"Pauk\u0161\u010di\u0173 atbaidymo prietaisas, besisukantis v\u0117jyje"},"content":{"rendered":"<p>\u017duv\u0117dros ir kiti j\u016bros pauk\u0161\u010diai gali padaryti didel\u0117s \u017ealos valtims, jachtoms, laivams, antenoms, tur\u0117klams ir kitiems objektams j\u016broje arba \u0161alia jos. Pauk\u0161\u010di\u0173 i\u0161matos sunkiai valomos ir yra \u0117sdinan\u010dios.<\/p>\n<p>Pauk\u0161\u010di\u0173 atbaidymo prietaisas Bird Busta \u2013 pauk\u0161\u010diams nekenkiantis ir aplinkai nekenksmingas prietaisas, atbaidantis pauk\u0161\u010dius.<\/p>\n<h2><strong>Apsaugin\u0117s zonos:<\/strong> pontonai, baseinai, elektros linijos, stogai, valtys, saul\u0117s baterijos, tvoros, antenos.<\/h2>\n<p><strong>Kaip veikia:<\/strong> v\u0117jo sukamas pauk\u0161\u010di\u0173 atbaidymo prietaisas apsaugo j\u016bs\u0173 valt\u012f ar antenas net ir pu\u010diant silpnam v\u0117jui.<\/p>\n<p><strong>Surinkimas:<\/strong> atbaidymo prietais\u0105 galima lengvai sumontuoti beveik bet kur. Prietaisas atlaiko stipr\u0173 v\u0117j\u0105 ir beveik neturi svorio.<\/p>\n<p><strong>Papildoma informacija:<\/strong> skersmuo 2 m.<\/p>\n<p><a href=\"https:\/\/birdbusters.eu\/lt\/product\/vamzdzio-spaustukas\/\">Vamzd\u017eio spaustukas<\/a> \u012f komplekt\u0105 ne\u012feina. Pra\u0161ome u\u017esisakyti atskirai <a href=\"https:\/\/birdbusters.eu\/lt\/product\/vamzdzio-spaustukas\/\">\u010dia<\/a>.<\/p>\n<p style=\"text-align: justify;\"><a href=\"https:\/\/birdbusters.eu\/lt\/product\/vamzdzio-spaustukas\/\"><img loading=\"lazy\" decoding=\"async\" class=\"alignnone wp-image-1091\" src=\"https:\/\/nirgu.ee\/wp-content\/uploads\/2018\/10\/birdmill-3-356x300.jpg\" alt=\"\" width=\"168\" height=\"142\" title=\"\"><\/a><\/p>\n<p style=\"text-align: justify;\">\n","protected":false},"excerpt":{"rendered":"<p>V\u0117jo sukamas pauk\u0161\u010di\u0173 atbaidymo prietaisas apsaugo j\u016bs\u0173 valt\u012f ar antenas net ir pu\u010diant silpnam v\u0117jui.<\/p>\n<p><span style=\"color: #ff0000;\"><strong>NB! \u0160is gaminys netelpa \u012f pa\u0161tomatas. Kaip pristatymo b\u016bd\u0105 pasirinkite kurjer\u012f (Courier Standard).<\/strong><\/span><\/p>\n<p>https:\/\/youtu.be\/c7VesODnkek<\/p>\n<p>&nbsp;<\/p>\n<p>&nbsp;<\/p>\n","protected":false},"featured_media":8472,"template":"","meta":{"_themeisle_gutenberg_block_has_review":false},"product_brand":[],"product_cat":[120,121],"product_tag":[127,128],"class_list":{"0":"post-8467","1":"product","2":"type-product","3":"status-publish","4":"has-post-thumbnail","6":"product_cat-pauksciu-atgrasymo-prietaisai-lt","7":"product_cat-vizualiniai-pauksciu-atgrasymo-prietaisai-lt","8":"product_tag-zuvedru-atgrasymo-priemone-lt","9":"product_tag-zuvedru-baidykle-lt-lt","10":"product_shipping_class-pristatymo-vieta-lt","12":"first","13":"instock","14":"taxable","15":"shipping-taxable","16":"purchasable","17":"product-type-simple"},"_links":{"self":[{"href":"https:\/\/birdbusters.eu\/lt\/wp-json\/wp\/v2\/product\/8467","targetHints":{"allow":["GET"]}}],"collection":[{"href":"https:\/\/birdbusters.eu\/lt\/wp-json\/wp\/v2\/product"}],"about":[{"href":"https:\/\/birdbusters.eu\/lt\/wp-json\/wp\/v2\/types\/product"}],"wp:featuredmedia":[{"embeddable":true,"href":"https:\/\/birdbusters.eu\/lt\/wp-json\/wp\/v2\/media\/8472"}],"wp:attachment":[{"href":"https:\/\/birdbusters.eu\/lt\/wp-json\/wp\/v2\/media?parent=8467"}],"wp:term":[{"taxonomy":"product_brand","embeddable":true,"href":"https:\/\/birdbusters.eu\/lt\/wp-json\/wp\/v2\/product_brand?post=8467"},{"taxonomy":"product_cat","embeddable":true,"href":"https:\/\/birdbusters.eu\/lt\/wp-json\/wp\/v2\/product_cat?post=8467"},{"taxonomy":"product_tag","embeddable":true,"href":"https:\/\/birdbusters.eu\/lt\/wp-json\/wp\/v2\/product_tag?post=8467"}],"curies":[{"name":"wp","href":"https:\/\/api.w.org\/{rel}","templated":true}]}}