{"id":8476,"date":"2018-11-30T09:17:07","date_gmt":"2018-11-30T08:17:07","guid":{"rendered":"https:\/\/birdbusters.eu\/product\/woodpecker-repellent\/"},"modified":"2025-11-10T21:44:16","modified_gmt":"2025-11-10T20:44:16","slug":"pauksciu-baidykle-demetojo-genio-figura","status":"publish","type":"product","link":"https:\/\/birdbusters.eu\/lt\/produktas\/pauksciu-baidykle-demetojo-genio-figura\/","title":{"rendered":"Pauk\u0161\u010di\u0173 Baidykl\u0117 &#8211; D\u0117m\u0117tojo Genio Fig\u016bra"},"content":{"rendered":"<p data-start=\"12447\" data-end=\"12646\">Geniai gali padaryti reik\u0161ming\u0173 nuostoli\u0173 pastatams. Kai genys \u012fsikuria j\u016bs\u0173 namuose, j\u012f pa\u0161alinti tampa sud\u0117tinga. Tod\u0117l rekomenduojama imtis veiksm\u0173 tuoj, kai tik pastebimas genys.<\/p>\n<p data-start=\"12648\" data-end=\"12893\">Norint efektyviai atbaidyti genius, si\u016bloma speciali siluet\u0117. Ji signalizuoja gen\u012f, ie\u0161kant\u012f naujos teritorijos, kad vieta jau u\u017eimta. Geniai \u2013 vieni\u0161i pauk\u0161\u010diai ir prikabinus realisti\u0161k\u0105 genio siluet\u0105 ant j\u016bs\u0173 namo, galite atbaidyti tikr\u0105 gen\u012f.<\/p>\n<p data-start=\"12895\" data-end=\"13123\">Genio siluet\u0117 \u2013 realisti\u0161ka 2D siluet\u0117 ant plieno plok\u0161t\u0117s su nupie\u0161tu genio vaizdu. Siluet\u0117 tvirtinama kartu su aliuminio plok\u0161tele, kuri pristatoma. Montuojant visada rinkit\u0117s viet\u0105, i\u0161 kurios siluet\u0117 b\u016bt\u0173 gerai matoma genims.<\/p>\n<p data-start=\"13125\" data-end=\"13277\">Jei keli pastato ta\u0161kai yra pa\u017eeisti, rekomenduojama sumontuoti kelias siluetes. Ta\u010diau svarbu u\u017etikrinti, kad siluet\u0117s netur\u0117t\u0173 matomumo viena su kita.<\/p>\n<p data-start=\"13279\" data-end=\"13521\">Medin\u0117s elektros atramos ir fasadai jau buvo s\u0117kmingai apsaugoti nuo gr\u0119\u017eian\u010di\u0173 geni\u0173 naudojant siluetes. Bet b\u016bkite atsarg\u016bs d\u0117l pripratimo efekto. Jei genys supranta, kad \u201ekonkurentas\u201c ant sienos nekelia realaus pavojaus, jis tiesiog t\u0119sia.<\/p>\n<p data-start=\"13523\" data-end=\"13649\">Labiausiai veiksmingam poveikiui siluet\u0117 tur\u0117t\u0173 b\u016bti kartais nuimama ir perkeliama \u012f kit\u0105 viet\u0105, kad b\u016bt\u0173 i\u0161vengta pripratimo.<\/p>\n<p data-start=\"13651\" data-end=\"13748\"><strong data-start=\"13651\" data-end=\"13673\">Pritaikymo sritys:<\/strong> Siluet\u0117 tinka fasadams, medin\u0117ms atramoms, balkonams, terasoms ir stogams.<\/p>\n","protected":false},"excerpt":{"rendered":"<p>Geniai gali tapti tikru nemalonumu, kai pradeda kalti j\u016bs\u0173 namo sienas ir stog\u0105. Geniai yra teritoriniai pauk\u0161\u010diai, jie nesidalina savo teritorijomis su kitais. B\u016btent tod\u0117l pauk\u0161\u010di\u0173 baidykl\u0117 &#8211; d\u0117m\u0117tojo genio fig\u016bra &#8211; gali pad\u0117ti atbaidyti tikruosius genius.<\/p>\n<p>Pauk\u0161\u010di\u0173 baidykl\u0117 &#8211; D\u0117m\u0117tojo Genio Fig\u016bra yra tikrovi\u0161kai atrodantis 2D siluetas, kurio atvaizdas nupie\u0161tas ant plieno.<\/p>\n<h2><span style=\"font-size: 14pt;\"><strong>Apsaugin\u0117s zonos:<\/strong> <\/span><strong><span style=\"font-size: 14pt;\">stogai, mediniai namai ir nam\u0173 dalys, med\u017eiai, sodai, valtys ir kt.<\/span> \u00a0<\/strong><\/h2>\n<p><strong>Kaip veikia: <\/strong>jei genys pamatys, kad jo r\u016b\u0161ies atstovas u\u017e\u0117m\u0117 teritorij\u0105 anks\u010diau u\u017e j\u012f, tada jis nelies \u0161ios vietos.<\/p>\n<p><strong>Surinkimas<\/strong>: fig\u016bra turi b\u016bti \u012frengta kuo ar\u010diau tos vietos, kur pauk\u0161tis m\u0117gsta kalti pavir\u0161i\u0173.<\/p>\n<p><strong>Papildoma informacija:<\/strong> fig\u016bros auk\u0161tis 28 cm.<\/p>\n<p>Geniai gali tapti tikru nemalonumu, kai pradeda kalti j\u016bs\u0173 namo sienas ir stog\u0105. Geniai yra teritoriniai pauk\u0161\u010diai, jie nesidalina savo teritorijomis su kitais. B\u016btent tod\u0117l pauk\u0161\u010di\u0173 baidykl\u0117 &#8211; d\u0117m\u0117tojo genio fig\u016bra &#8211; gali pad\u0117ti atbaidyti tikruosius genius.<\/p>\n<p>&nbsp;<\/p>\n","protected":false},"featured_media":8477,"template":"","meta":{"_themeisle_gutenberg_block_has_review":false,"rank_math_focus_keyword":"Pauk\u0161\u010di\u0173 baidykl\u0117 - D\u0117m\u0117tojo Genio Fig\u016bra","rank_math_title":"Pauk\u0161\u010di\u0173 Baidykl\u0117 - D\u0117m\u0117tojo Genio Fig\u016bra | BIRD BUSTERS","rank_math_description":"\u0160i pauk\u0161\u010di\u0173 baidykl\u0117 - d\u0117m\u0117tojo genio fig\u016bra yra itin tikrovi\u0161ka ir suteikia gyviems geniams okupuotos teritorijos \u012fsp\u016bd\u012f. Su\u017einokite daugiau ir \u012fsigykite!","rank_math_canonical_url":"","rank_math_facebook_title":"","rank_math_facebook_description":"","rank_math_facebook_image":"","rank_math_twitter_title":"","rank_math_twitter_description":"","rank_math_twitter_image":"","rank_math_schema_FAQPage":[]},"product_brand":[],"product_cat":[299,120,121],"product_tag":[],"class_list":{"0":"post-8476","1":"product","2":"type-product","3":"status-publish","4":"has-post-thumbnail","6":"product_cat-geniniu-atbaidymo-priemones","7":"product_cat-pauksciu-atgrasymo-prietaisai-lt","8":"product_cat-vizualiniai-pauksciu-atgrasymo-prietaisai-lt","10":"first","11":"instock","12":"taxable","13":"shipping-taxable","14":"purchasable","15":"product-type-simple"},"_links":{"self":[{"href":"https:\/\/birdbusters.eu\/lt\/wp-json\/wp\/v2\/product\/8476","targetHints":{"allow":["GET"]}}],"collection":[{"href":"https:\/\/birdbusters.eu\/lt\/wp-json\/wp\/v2\/product"}],"about":[{"href":"https:\/\/birdbusters.eu\/lt\/wp-json\/wp\/v2\/types\/product"}],"wp:featuredmedia":[{"embeddable":true,"href":"https:\/\/birdbusters.eu\/lt\/wp-json\/wp\/v2\/media\/8477"}],"wp:attachment":[{"href":"https:\/\/birdbusters.eu\/lt\/wp-json\/wp\/v2\/media?parent=8476"}],"wp:term":[{"taxonomy":"product_brand","embeddable":true,"href":"https:\/\/birdbusters.eu\/lt\/wp-json\/wp\/v2\/product_brand?post=8476"},{"taxonomy":"product_cat","embeddable":true,"href":"https:\/\/birdbusters.eu\/lt\/wp-json\/wp\/v2\/product_cat?post=8476"},{"taxonomy":"product_tag","embeddable":true,"href":"https:\/\/birdbusters.eu\/lt\/wp-json\/wp\/v2\/product_tag?post=8476"}],"curies":[{"name":"wp","href":"https:\/\/api.w.org\/{rel}","templated":true}]}}