{"id":8482,"date":"2018-11-30T09:11:37","date_gmt":"2018-11-30T08:11:37","guid":{"rendered":"https:\/\/birdbusters.eu\/product\/black-woodpecker-repellent\/"},"modified":"2024-02-05T17:49:16","modified_gmt":"2024-02-05T16:49:16","slug":"pauksciu-baidykle-juodojo-genio-figura","status":"publish","type":"product","link":"https:\/\/birdbusters.eu\/lt\/produktas\/pauksciu-baidykle-juodojo-genio-figura\/","title":{"rendered":"Pauk\u0161\u010di\u0173 Baidykl\u0117 &#8211; Juodojo Genio Fig\u016bra"},"content":{"rendered":"<p>Geniai gali tapti tikru nemalonumu, kai pradeda kalti j\u016bs\u0173 namo sienas ir stog\u0105. Geniai yra teritoriniai pauk\u0161\u010diai, jie nesidalina savo teritorijomis su kitais. B\u016btent tod\u0117l pauk\u0161\u010di\u0173 baidykl\u0117 &#8211; juodojo genio fig\u016bra &#8211; gali pad\u0117ti atbaidyti tikruosius genius.<\/p>\n<p>Pauk\u0161\u010di\u0173 baidykl\u0117 &#8211; Juodojo Genio Fig\u016bra yra tikrovi\u0161kai atrodantis 2D siluetas, kurio atvaizdas nupie\u0161tas ant plieno.<\/p>\n<h2><strong>Apsaugin\u0117s zonos:<\/strong> <strong>stogai, mediniai namai ir nam\u0173 dalys, med\u017eiai, sodai, valtys ir kt.\u00a0 <\/strong><\/h2>\n<p><strong>Kaip veikia: <\/strong>jei genys pamatys, kad jo r\u016b\u0161ies atstovas u\u017e\u0117m\u0117 teritorij\u0105 anks\u010diau u\u017e j\u012f, tada jis nelies \u0161ios vietos.<\/p>\n<p><strong>Surinkimas<\/strong>: fig\u016bra turi b\u016bti \u012frengta kuo ar\u010diau tos vietos, kur pauk\u0161tis m\u0117gsta kalti pavir\u0161i\u0173.<\/p>\n<p><strong>Matmenys<\/strong>: 52 cm x 22 cm x 0,2 cm<\/p>\n","protected":false},"excerpt":{"rendered":"<p>Geniai gali tapti tikru nemalonumu, kai pradeda kalti j\u016bs\u0173 namo sienas ir stog\u0105. Geniai yra teritoriniai pauk\u0161\u010diai, jie nesidalina savo teritorijomis su kitais. B\u016btent tod\u0117l pauk\u0161\u010di\u0173 baidykl\u0117 &#8211; juodojo genio fig\u016bra &#8211; gali pad\u0117ti atbaidyti tikruosius genius.<\/p>\n","protected":false},"featured_media":8485,"template":"","meta":{"_themeisle_gutenberg_block_has_review":false},"product_brand":[],"product_cat":[120,121],"product_tag":[],"class_list":{"0":"post-8482","1":"product","2":"type-product","3":"status-publish","4":"has-post-thumbnail","6":"product_cat-pauksciu-atgrasymo-prietaisai-lt","7":"product_cat-vizualiniai-pauksciu-atgrasymo-prietaisai-lt","9":"first","10":"instock","11":"taxable","12":"shipping-taxable","13":"purchasable","14":"product-type-simple"},"_links":{"self":[{"href":"https:\/\/birdbusters.eu\/lt\/wp-json\/wp\/v2\/product\/8482","targetHints":{"allow":["GET"]}}],"collection":[{"href":"https:\/\/birdbusters.eu\/lt\/wp-json\/wp\/v2\/product"}],"about":[{"href":"https:\/\/birdbusters.eu\/lt\/wp-json\/wp\/v2\/types\/product"}],"wp:featuredmedia":[{"embeddable":true,"href":"https:\/\/birdbusters.eu\/lt\/wp-json\/wp\/v2\/media\/8485"}],"wp:attachment":[{"href":"https:\/\/birdbusters.eu\/lt\/wp-json\/wp\/v2\/media?parent=8482"}],"wp:term":[{"taxonomy":"product_brand","embeddable":true,"href":"https:\/\/birdbusters.eu\/lt\/wp-json\/wp\/v2\/product_brand?post=8482"},{"taxonomy":"product_cat","embeddable":true,"href":"https:\/\/birdbusters.eu\/lt\/wp-json\/wp\/v2\/product_cat?post=8482"},{"taxonomy":"product_tag","embeddable":true,"href":"https:\/\/birdbusters.eu\/lt\/wp-json\/wp\/v2\/product_tag?post=8482"}],"curies":[{"name":"wp","href":"https:\/\/api.w.org\/{rel}","templated":true}]}}