{"id":8488,"date":"2018-08-14T20:07:26","date_gmt":"2018-08-14T17:07:26","guid":{"rendered":"https:\/\/birdbusters.eu\/product\/bird-net\/"},"modified":"2023-12-08T08:28:49","modified_gmt":"2023-12-08T07:28:49","slug":"tinklas-nuo-pauksciu-5x20-m","status":"publish","type":"product","link":"https:\/\/birdbusters.eu\/lt\/produktas\/tinklas-nuo-pauksciu-5x20-m\/","title":{"rendered":"Tinklas Nuo Pauk\u0161\u010di\u0173 5&#215;20 m"},"content":{"rendered":"<p><strong>Apsaugin\u0117s zonos:<\/strong> uogakr\u016bmiai, vaismed\u017eiai, sodai, karnizai, namai, pramoniniai pastatai, \u017eem\u0117s \u016bkio pastatai<\/p>\n<p><strong>Kaip veikia:<\/strong> Tinklas nuo pauk\u0161\u010di\u0173 neleid\u017eia pauk\u0161\u010diams patekti \u012f saugom\u0105 teritorij\u0105.<\/p>\n<p><strong>Surinkimas:<\/strong> u\u017ed\u0117kite tinkl\u0105 ant kr\u016bm\u0173 ar med\u017ei\u0173. Jei reikia, pritvirtinkite juostele.<\/p>\n<p style=\"text-align: justify;\"><strong>Papildoma informacija:<\/strong> Tinklo dydis 5&#215;20 m, i\u0161ilgai jo kra\u0161t\u0173 yra tvirtinimo juostos.<\/p>\n","protected":false},"excerpt":{"rendered":"<p>Jei \u012fmanoma, reik\u0117t\u0173 pauk\u0161\u010di\u0173 neprileisti prie bra\u0161ki\u0173, uogakr\u016bmi\u0173 ir med\u017ei\u0173 j\u0173 neg\u0105sdinant. \u0160is b\u016bdas yra nekenksmingas pauk\u0161\u010diams, ta\u010diau u\u017etikrina 100% apsaug\u0105 ir neprileid\u017eia joki\u0173 pauk\u0161\u010di\u0173.<\/p>\n<p>&nbsp;<\/p>\n","protected":false},"featured_media":8490,"template":"","meta":{"_themeisle_gutenberg_block_has_review":false},"product_brand":[],"product_cat":[124],"product_tag":[],"class_list":{"0":"post-8488","1":"product","2":"type-product","3":"status-publish","4":"has-post-thumbnail","6":"product_cat-pauksciu-repelentai-lt","8":"first","9":"outofstock","10":"taxable","11":"shipping-taxable","12":"purchasable","13":"product-type-simple"},"_links":{"self":[{"href":"https:\/\/birdbusters.eu\/lt\/wp-json\/wp\/v2\/product\/8488","targetHints":{"allow":["GET"]}}],"collection":[{"href":"https:\/\/birdbusters.eu\/lt\/wp-json\/wp\/v2\/product"}],"about":[{"href":"https:\/\/birdbusters.eu\/lt\/wp-json\/wp\/v2\/types\/product"}],"wp:featuredmedia":[{"embeddable":true,"href":"https:\/\/birdbusters.eu\/lt\/wp-json\/wp\/v2\/media\/8490"}],"wp:attachment":[{"href":"https:\/\/birdbusters.eu\/lt\/wp-json\/wp\/v2\/media?parent=8488"}],"wp:term":[{"taxonomy":"product_brand","embeddable":true,"href":"https:\/\/birdbusters.eu\/lt\/wp-json\/wp\/v2\/product_brand?post=8488"},{"taxonomy":"product_cat","embeddable":true,"href":"https:\/\/birdbusters.eu\/lt\/wp-json\/wp\/v2\/product_cat?post=8488"},{"taxonomy":"product_tag","embeddable":true,"href":"https:\/\/birdbusters.eu\/lt\/wp-json\/wp\/v2\/product_tag?post=8488"}],"curies":[{"name":"wp","href":"https:\/\/api.w.org\/{rel}","templated":true}]}}