{"id":8502,"date":"2021-02-25T17:49:54","date_gmt":"2021-02-25T16:49:54","guid":{"rendered":"https:\/\/birdbusters.eu\/product\/telescopic-rod-7m\/"},"modified":"2025-10-31T13:27:56","modified_gmt":"2025-10-31T12:27:56","slug":"teleskopinis-strypas-7m","status":"publish","type":"product","link":"https:\/\/birdbusters.eu\/lt\/produktas\/teleskopinis-strypas-7m\/","title":{"rendered":"Teleskopinis Strypas (7m)"},"content":{"rendered":"<p>7 m teleskopinis strypas. Tinka <a href=\"https:\/\/birdbusters.eu\/lt\/product\/erelio-formos-aitvaras-tik-aitvaras\/\">erelio<\/a> ir <a href=\"https:\/\/birdbusters.eu\/lt\/product\/vanago-formos-aitvaras\/\">vanago<\/a> formos pauk\u0161\u010di\u0173 atbaidymo priemon\u0117ms i\u0161kelti \u012f pauk\u0161\u010dio skryd\u017eio auk\u0161t\u012f. Strypas taip pat gali b\u016bti naudojamas ant jo pritvirtinti <a href=\"https:\/\/birdbusters.eu\/lt\/product\/geltonas-pauksciu-atbaidymo-balionas\/\">pauk\u0161\u010dius baidant\u012f balion\u0105<\/a>.<\/p>\n","protected":false},"excerpt":{"rendered":"<p>Kad god\u016bs pauk\u0161\u010diai nepasiekt\u0173 prinokusi\u0173 vaisi\u0173, pauk\u0161\u010di\u0173 atbaidymo prietaisai, primenantys nat\u016bralius j\u0173 prie\u0161us, turi b\u016bti tinkamame auk\u0161tyje.<\/p>\n<p><span style=\"color: #ff0000;\"><strong>NB! \u0160is gaminys netelpa \u012f pa\u0161tomatas. Kaip pristatymo b\u016bd\u0105 pasirinkite kurjer\u012f (Courier Standard).<\/strong><\/span><\/p>\n","protected":false},"featured_media":8503,"template":"","meta":{"_themeisle_gutenberg_block_has_review":false},"product_brand":[],"product_cat":[123,124],"product_tag":[],"class_list":{"0":"post-8502","1":"product","2":"type-product","3":"status-publish","4":"has-post-thumbnail","6":"product_cat-pauksciu-baidykles-lt","7":"product_cat-pauksciu-repelentai-lt","8":"product_shipping_class-pristatymo-vieta-lt","10":"first","11":"instock","12":"taxable","13":"shipping-taxable","14":"purchasable","15":"product-type-simple"},"_links":{"self":[{"href":"https:\/\/birdbusters.eu\/lt\/wp-json\/wp\/v2\/product\/8502","targetHints":{"allow":["GET"]}}],"collection":[{"href":"https:\/\/birdbusters.eu\/lt\/wp-json\/wp\/v2\/product"}],"about":[{"href":"https:\/\/birdbusters.eu\/lt\/wp-json\/wp\/v2\/types\/product"}],"wp:featuredmedia":[{"embeddable":true,"href":"https:\/\/birdbusters.eu\/lt\/wp-json\/wp\/v2\/media\/8503"}],"wp:attachment":[{"href":"https:\/\/birdbusters.eu\/lt\/wp-json\/wp\/v2\/media?parent=8502"}],"wp:term":[{"taxonomy":"product_brand","embeddable":true,"href":"https:\/\/birdbusters.eu\/lt\/wp-json\/wp\/v2\/product_brand?post=8502"},{"taxonomy":"product_cat","embeddable":true,"href":"https:\/\/birdbusters.eu\/lt\/wp-json\/wp\/v2\/product_cat?post=8502"},{"taxonomy":"product_tag","embeddable":true,"href":"https:\/\/birdbusters.eu\/lt\/wp-json\/wp\/v2\/product_tag?post=8502"}],"curies":[{"name":"wp","href":"https:\/\/api.w.org\/{rel}","templated":true}]}}