{"id":8508,"date":"2016-06-15T10:54:07","date_gmt":"2016-06-15T08:54:07","guid":{"rendered":"https:\/\/birdbusters.eu\/product\/bird-scarer-kite\/"},"modified":"2026-04-16T06:38:15","modified_gmt":"2026-04-16T04:38:15","slug":"pauksciu-baidykle-vanagas-tik-aitvaras","status":"publish","type":"product","link":"https:\/\/birdbusters.eu\/lt\/produktas\/pauksciu-baidykle-vanagas-tik-aitvaras\/","title":{"rendered":"Pauk\u0161\u010di\u0173 Baidykl\u0117 &#8211; Vanagas (tik aitvaras)"},"content":{"rendered":"<h1 style=\"text-align: justify;\"><span style=\"font-size: 16px;\">Efektyvi ir tikrovi\u0161ka pauk\u0161\u010di\u0173 baidykl\u0117 &#8211; vanagas.<\/span><\/h1>\n<p>Pauk\u0161\u010di\u0173 Baidykl\u0117 &#8211; Vanagas pirmiausia taikosi \u012f <strong>ma\u017eus pauk\u0161\u010dius<\/strong>, bet atbaido ir didesnius pauk\u0161\u010dius, tokius kaip <strong>kirai ir baland\u017eiai<\/strong>.<\/p>\n<p><strong>Apsaugin\u0117s zonos:<\/strong> stogai, sodai, sodai su vaismed\u017eiais, uog\u0173 plantacijos, skverai, s\u0105vartynai, parkai.<\/p>\n<p>Pauk\u0161\u010di\u0173 Baidykl\u0117 &#8211; Vanagas turi b\u016bti kabinama ant ilgo stiebo (\u012f komplekt\u0105 ne\u012feina), kad v\u0117jas gal\u0117t\u0173 lengvai j\u012f pajudinti. Net esant silpnam v\u0117jui, pauk\u0161\u010dius atbaidantis aitvaras pradeda jud\u0117ti, imituodamas vanago sukim\u0105si vir\u0161 grobio. Rekomenduojama kartas nuo karto patikrinti aitvar\u0105, kad jis neapsivyniot\u0173 aplink stryp\u0105.<\/p>\n<p><strong>Instrukcija angl\u0173 kalba:<\/strong> <a href=\"https:\/\/birdbusters.eu\/wp-content\/uploads\/2019\/03\/BB-Manual-DEMO.pdf\">Bird kite manual<\/a><\/p>\n<p>Gaminys n\u0117ra skirtas naudoti labai v\u0117juotose vietose, tokiose kaip pakrant\u0117s ir auk\u0161tybiniai stogai, nes audra gali jam pakenkti.<\/p>\n<p><strong>Aitvaro matmenys:<\/strong> 140 cm x 80 cm<\/p>\n<p><strong>Taip pat \u017ei\u016br\u0117kite:<\/strong> <a href=\"https:\/\/birdbusters.eu\/lt\/product\/vanago-formos-aitvaras-su-strypu-9-m\/\">vanago formos aitvar\u0173 rinkinys<\/a><\/p>\n","protected":false},"excerpt":{"rendered":"<p>Tai efektyvus ir tikrovi\u0161kas vanago formos aitvaras. Pauk\u0161\u010di\u0173 Baidykl\u0117 &#8211; Vanagas (tik aitvaras) turi b\u016bti pakabinta ant ilgo strypo (\u012f komplekt\u0105 ne\u012feina). Taip pat gerai veikia pu\u010diant silpnam v\u0117jui.<\/p>\n<p>https:\/\/youtu.be\/p6I04j4kwmo<\/p>\n<p>&nbsp;<\/p>\n","protected":false},"featured_media":8509,"template":"","meta":{"_themeisle_gutenberg_block_has_review":false,"rank_math_focus_keyword":"Pauk\u0161\u010di\u0173 Baidykl\u0117 - Vanagas","rank_math_title":"Pauk\u0161\u010di\u0173 Baidykl\u0117 - Vanagas (tik aitvaras) | BIRD BUSTERS","rank_math_description":"Pauk\u0161\u010di\u0173 Baidykl\u0117 - Vanagas itin efektyvi norint atbaidyti pauk\u0161\u010dius nuo j\u016bs\u0173 nam\u0173, sodo ar komercin\u0117s nuosavyb\u0117s. Spustel\u0117kite nor\u0117dami su\u017einoti daugiau ir \u012fsigyti!","rank_math_canonical_url":"","rank_math_facebook_title":"","rank_math_facebook_description":"","rank_math_facebook_image":"","rank_math_twitter_title":"","rank_math_twitter_description":"","rank_math_twitter_image":"","rank_math_schema_FAQPage":[]},"product_brand":[],"product_cat":[120,123],"product_tag":[],"class_list":{"0":"post-8508","1":"product","2":"type-product","3":"status-publish","4":"has-post-thumbnail","6":"product_cat-pauksciu-atgrasymo-prietaisai-lt","7":"product_cat-pauksciu-baidykles-lt","8":"product_shipping_class-pristatymo-vieta-lt","10":"first","11":"instock","12":"taxable","13":"shipping-taxable","14":"purchasable","15":"product-type-simple"},"_links":{"self":[{"href":"https:\/\/birdbusters.eu\/lt\/wp-json\/wp\/v2\/product\/8508","targetHints":{"allow":["GET"]}}],"collection":[{"href":"https:\/\/birdbusters.eu\/lt\/wp-json\/wp\/v2\/product"}],"about":[{"href":"https:\/\/birdbusters.eu\/lt\/wp-json\/wp\/v2\/types\/product"}],"wp:featuredmedia":[{"embeddable":true,"href":"https:\/\/birdbusters.eu\/lt\/wp-json\/wp\/v2\/media\/8509"}],"wp:attachment":[{"href":"https:\/\/birdbusters.eu\/lt\/wp-json\/wp\/v2\/media?parent=8508"}],"wp:term":[{"taxonomy":"product_brand","embeddable":true,"href":"https:\/\/birdbusters.eu\/lt\/wp-json\/wp\/v2\/product_brand?post=8508"},{"taxonomy":"product_cat","embeddable":true,"href":"https:\/\/birdbusters.eu\/lt\/wp-json\/wp\/v2\/product_cat?post=8508"},{"taxonomy":"product_tag","embeddable":true,"href":"https:\/\/birdbusters.eu\/lt\/wp-json\/wp\/v2\/product_tag?post=8508"}],"curies":[{"name":"wp","href":"https:\/\/api.w.org\/{rel}","templated":true}]}}