{"id":8515,"date":"2018-08-30T09:06:39","date_gmt":"2018-08-30T07:06:39","guid":{"rendered":"https:\/\/birdbusters.eu\/product\/bird-scarer-kite-9m\/"},"modified":"2025-11-03T10:19:59","modified_gmt":"2025-11-03T09:19:59","slug":"pauksciu-baidykle-vanagas-su-strypu-9-m-ir-laikikliu","status":"publish","type":"product","link":"https:\/\/birdbusters.eu\/lt\/produktas\/pauksciu-baidykle-vanagas-su-strypu-9-m-ir-laikikliu\/","title":{"rendered":"Pauk\u0161\u010di\u0173 baidymo aitvaras 9 m \u2013 nat\u016bralus ir veiksmingas pauk\u0161\u010di\u0173 kontrol\u0117s sprendimas"},"content":{"rendered":"<div class=\"page\" title=\"Page 2\">\n<div class=\"layoutArea\">\n<div class=\"column\">\n<p><iframe loading=\"lazy\" title=\"Bird repellent kites on harbour\" width=\"640\" height=\"360\" src=\"https:\/\/www.youtube.com\/embed\/p6I04j4kwmo?feature=oembed\" frameborder=\"0\" allow=\"accelerometer; autoplay; clipboard-write; encrypted-media; gyroscope; picture-in-picture; web-share\" referrerpolicy=\"strict-origin-when-cross-origin\" allowfullscreen><\/iframe><br \/>\nPauk\u0161\u010di\u0173 Baidykl\u0117 &#8211; Vanagas pirmiausia taikosi \u012f <strong>ma\u017eus pauk\u0161\u010dius<\/strong>, bet atbaido ir didesnius pauk\u0161\u010dius, tokius kaip <strong>kirai ir baland\u017eiai<\/strong>.<\/p>\n<p><strong>Apsaugin\u0117s zonos:<\/strong> stogai, sodai, sodai su vaismed\u017eiais, uog\u0173 plantacijos, skverai, s\u0105vartynai, parkai.<\/p>\n<p><strong>Kaip veikia<\/strong>: vanago formos aitvaras tvirtinamas ant 9 metr\u0173 teleskopinio strypo ir net esant menkiausiam v\u0117jui pradeda jud\u0117ti, imituodamas vanago judesius prie\u0161 manevruojant \u017eemyn paskui auk\u0105.<\/p>\n<p><strong>Atkreipkite d\u0117mes\u012f! <\/strong>Aitvar\u0105 reikia patikrinti po poros dien\u0173, kad jis neapsivyniot\u0173 aplink stryp\u0105. Kad strypas nei\u0161irt\u0173, kiekvien\u0105 jungt\u012f reikia i\u0161ardyti atskirai ir tvirtinimui pasukti \u012f prie\u0161ingas puses.<\/p>\n<p>Komplekte yra laikiklis, teleskopinis stulpas ir aitvaras su virve.<\/p>\n<p>Instrukcija angl\u0173 kalba: <a href=\"https:\/\/birdbusters.eu\/wp-content\/uploads\/2019\/03\/BB-Manual-DEMO.pdf\">Bird kite manual<\/a><\/p>\n<p>D\u0117mesio! Gaminys n\u0117ra skirtas naudoti labai v\u0117juotose vietose, tokiose kaip pakrant\u0117s ir auk\u0161tybiniai stogai, nes audra gali jam pakenkti.<\/p>\n<\/div>\n<\/div>\n<\/div>\n","protected":false},"excerpt":{"rendered":"<p data-start=\"3258\" data-end=\"3608\">Saugokite savo laukus, stogus ir kiemus nuo erzinan\u010di\u0173 pauk\u0161\u010di\u0173 su <strong data-start=\"3418\" data-end=\"3463\">Bird Busters pauk\u0161\u010di\u0173 baidymo aitvaru 9 m<\/strong>. \u0160is vizualinis <strong data-start=\"3480\" data-end=\"3512\">pauk\u0161\u010di\u0173 atbaidymo \u012frenginys<\/strong> imituoja pl\u0117\u0161r\u016bno skryd\u012f, tod\u0117l varnos, baland\u017eiai, \u017euv\u0117dros ir \u017evirbliai vengia teritorijos.<\/p>\n<p data-start=\"3610\" data-end=\"3835\">Aitvaras kyla auk\u0161tai \u012f or\u0105, juda kartu su v\u0117ju ir sukuria nuolatin\u012f gr\u0117sm\u0117s efekt\u0105, prie kurio pauk\u0161\u010diai nepripranta. Tai <strong data-start=\"3733\" data-end=\"3779\">tylus, ekologi\u0161kas ir ilgaam\u017eis sprendimas<\/strong>, tinkamas \u016bkiams, sporto aik\u0161t\u0117ms, stogams ir sodams.<\/p>\n<p data-start=\"3837\" data-end=\"3867\"><strong data-start=\"3837\" data-end=\"3865\">Pagrindiniai privalumai:<\/strong><\/p>\n<ul data-start=\"3868\" data-end=\"4067\">\n<li data-start=\"3868\" data-end=\"3914\">\n<p data-start=\"3870\" data-end=\"3914\">Efektyviai atbaido \u012fvairias pauk\u0161\u010di\u0173 r\u016b\u0161is<\/p>\n<\/li>\n<li data-start=\"3915\" data-end=\"3989\">\n<p data-start=\"3917\" data-end=\"3989\">Apima didel\u012f plot\u0105 \u2013 tinka tiek komerciniam, tiek buitiniam naudojimui<\/p>\n<\/li>\n<li data-start=\"3990\" data-end=\"4035\">\n<p data-start=\"3992\" data-end=\"4035\">Atsparus oro s\u0105lygoms, lengvai surenkamas<\/p>\n<\/li>\n<li data-start=\"4036\" data-end=\"4067\">\n<p data-start=\"4038\" data-end=\"4067\">Saugus gyv\u016bnams ir aplinkai<\/p>\n<\/li>\n<\/ul>\n<p data-start=\"4069\" data-end=\"4306\">Pasirink\u0119 Bird Busters <strong data-start=\"4092\" data-end=\"4124\">pauk\u0161\u010di\u0173 baidymo aitvar\u0105 9 m<\/strong>, j\u016bs gaunate patikim\u0105, prakti\u0161k\u0105 ir veiksming\u0105 b\u016bd\u0105 apsisaugoti nuo pauk\u0161\u010di\u0173 be triuk\u0161mo ar chemini\u0173 priemoni\u0173.<br data-start=\"4236\" data-end=\"4239\" \/>\ud83d\udc49 U\u017esisakykite \u0161iandien ir m\u0117gaukit\u0117s pauk\u0161\u010di\u0173 netrikdomu plotu!<\/p>\n","protected":false},"featured_media":13436,"template":"","meta":{"_themeisle_gutenberg_block_has_review":false},"product_brand":[],"product_cat":[120,123,121],"product_tag":[130,129],"class_list":{"0":"post-8515","1":"product","2":"type-product","3":"status-publish","4":"has-post-thumbnail","6":"product_cat-pauksciu-atgrasymo-prietaisai-lt","7":"product_cat-pauksciu-baidykles-lt","8":"product_cat-vizualiniai-pauksciu-atgrasymo-prietaisai-lt","9":"product_tag-pauksciu-baidykle-vanagas-lt","10":"product_tag-pauksciu-baidykle-ant-stulpo-lt","11":"product_shipping_class-pristatymo-vieta-lt","13":"first","14":"instock","15":"sale","16":"taxable","17":"shipping-taxable","18":"purchasable","19":"product-type-simple"},"_links":{"self":[{"href":"https:\/\/birdbusters.eu\/lt\/wp-json\/wp\/v2\/product\/8515","targetHints":{"allow":["GET"]}}],"collection":[{"href":"https:\/\/birdbusters.eu\/lt\/wp-json\/wp\/v2\/product"}],"about":[{"href":"https:\/\/birdbusters.eu\/lt\/wp-json\/wp\/v2\/types\/product"}],"wp:featuredmedia":[{"embeddable":true,"href":"https:\/\/birdbusters.eu\/lt\/wp-json\/wp\/v2\/media\/13436"}],"wp:attachment":[{"href":"https:\/\/birdbusters.eu\/lt\/wp-json\/wp\/v2\/media?parent=8515"}],"wp:term":[{"taxonomy":"product_brand","embeddable":true,"href":"https:\/\/birdbusters.eu\/lt\/wp-json\/wp\/v2\/product_brand?post=8515"},{"taxonomy":"product_cat","embeddable":true,"href":"https:\/\/birdbusters.eu\/lt\/wp-json\/wp\/v2\/product_cat?post=8515"},{"taxonomy":"product_tag","embeddable":true,"href":"https:\/\/birdbusters.eu\/lt\/wp-json\/wp\/v2\/product_tag?post=8515"}],"curies":[{"name":"wp","href":"https:\/\/api.w.org\/{rel}","templated":true}]}}