{"id":8517,"date":"2018-07-05T12:27:43","date_gmt":"2018-07-05T10:27:43","guid":{"rendered":"https:\/\/birdbusters.eu\/product\/bird-scare-humming-line-30m\/"},"modified":"2026-04-06T14:43:43","modified_gmt":"2026-04-06T12:43:43","slug":"pauksciu-baidykle-duzgianti-juosta-30-m","status":"publish","type":"product","link":"https:\/\/birdbusters.eu\/lt\/produktas\/pauksciu-baidykle-duzgianti-juosta-30-m\/","title":{"rendered":"Pauk\u0161\u010di\u0173 Baidykl\u0117 &#8211; D\u016bzgianti Juosta (30 m)"},"content":{"rendered":"<p>Pauk\u0161\u010di\u0173 Baidykl\u0117 &#8211; D\u016bzgianti Juosta (30 m) ypa\u010d efektyvi saugant pas\u0117lius, sodus, pla\u010diai naudojamas vandens transporto priemones, kur pauk\u0161\u010diai m\u0117gsta skraidyti ir pridaryti r\u016bpes\u010di\u0173 d\u0117l i\u0161mat\u0173.<\/p>\n<p><strong>Apsaugin\u0117s zonos:<\/strong> vaismed\u017eiai, uogakr\u016bmiai, dar\u017eovi\u0173 laukai, sodai, uog\u0173 plantacijos, karnizai, valtys ir kiti plaukiojantys \u012frenginiai.<\/p>\n<p><strong>Kaip veikia:<\/strong> Speciali pauk\u0161\u010di\u0173 baidymo juosta vibruoja v\u0117jyje, skleisdama \u017eem\u0105 gars\u0105, o tai veiksmingai atbaido pauk\u0161\u010dius. Ji vibruoja ir pu\u010diant labai silpnam v\u0117jui.<\/p>\n<p><strong>Surinkimas:<\/strong> v\u0117jyje reikia stipriai u\u017etraukti speciali\u0105 pauk\u0161\u010di\u0173 baidymo juost\u0105, kad ji vibruot\u0173.<\/p>\n<p><strong>Papildoma informacija:<\/strong> ilgis 30 metr\u0173, plotis 5 mm, storis 0,05 mm, atspari UV spinduliams.<\/p>\n","protected":false},"excerpt":{"rendered":"<p>Jei reikia apsaugoti stog\u0105 ar dar\u017e\u0105 nuo pauk\u0161\u010di\u0173, kur pu\u010dia v\u0117jas, b\u016bt\u0173 gerai ten pad\u0117ti k\u0105 nors, kas skleid\u017eia kuo nemalonesn\u012f gars\u0105. \u0160i speciali 5 mm UV atspari juosta sukurta taip, kad vibruot\u0173 net pu\u010diant labai silpnam v\u0117jui. \u017demas juostos skleid\u017eiamas garsas yra veiksminga pauk\u0161\u010di\u0173 atgrasymo priemon\u0117.<\/p>\n<p>https:\/\/youtu.be\/YuyrTB2dQZE<\/p>\n<p>&nbsp;<\/p>\n","protected":false},"featured_media":8519,"template":"","meta":{"_themeisle_gutenberg_block_has_review":false},"product_brand":[],"product_cat":[120,119,121],"product_tag":[],"class_list":{"0":"post-8517","1":"product","2":"type-product","3":"status-publish","4":"has-post-thumbnail","6":"product_cat-pauksciu-atgrasymo-prietaisai-lt","7":"product_cat-garsiniai-pauksciu-atgrasymo-prietaisai-lt","8":"product_cat-vizualiniai-pauksciu-atgrasymo-prietaisai-lt","10":"first","11":"instock","12":"taxable","13":"shipping-taxable","14":"purchasable","15":"product-type-simple"},"_links":{"self":[{"href":"https:\/\/birdbusters.eu\/lt\/wp-json\/wp\/v2\/product\/8517","targetHints":{"allow":["GET"]}}],"collection":[{"href":"https:\/\/birdbusters.eu\/lt\/wp-json\/wp\/v2\/product"}],"about":[{"href":"https:\/\/birdbusters.eu\/lt\/wp-json\/wp\/v2\/types\/product"}],"wp:featuredmedia":[{"embeddable":true,"href":"https:\/\/birdbusters.eu\/lt\/wp-json\/wp\/v2\/media\/8519"}],"wp:attachment":[{"href":"https:\/\/birdbusters.eu\/lt\/wp-json\/wp\/v2\/media?parent=8517"}],"wp:term":[{"taxonomy":"product_brand","embeddable":true,"href":"https:\/\/birdbusters.eu\/lt\/wp-json\/wp\/v2\/product_brand?post=8517"},{"taxonomy":"product_cat","embeddable":true,"href":"https:\/\/birdbusters.eu\/lt\/wp-json\/wp\/v2\/product_cat?post=8517"},{"taxonomy":"product_tag","embeddable":true,"href":"https:\/\/birdbusters.eu\/lt\/wp-json\/wp\/v2\/product_tag?post=8517"}],"curies":[{"name":"wp","href":"https:\/\/api.w.org\/{rel}","templated":true}]}}