{"id":8522,"date":"2018-05-15T14:13:41","date_gmt":"2018-05-15T12:13:41","guid":{"rendered":"https:\/\/birdbusters.eu\/product\/taimer\/"},"modified":"2023-12-08T08:48:07","modified_gmt":"2023-12-08T07:48:07","slug":"220v-laikmatis","status":"publish","type":"product","link":"https:\/\/birdbusters.eu\/lt\/produktas\/220v-laikmatis\/","title":{"rendered":"220V Laikmatis"},"content":{"rendered":"<p><strong>Techniniai duomenys:<\/strong><br \/>\nMaitinimo \u0161altinis 220V 50 Hz<br \/>\nDid\u017eiausia apkrova: 16 A, 3500 W.<br \/>\nKi\u0161tukinio lizdo tipas: F (Shuko)<br \/>\nIP44: skirtas naudoti lauke<\/p>\n","protected":false},"excerpt":{"rendered":"<p>220 V laikmatis, tinkantis pauk\u0161\u010di\u0173 lazeriui, su 24 valand\u0173 reguliavimu, skirtas naudoti lauke.<\/p>\n","protected":false},"featured_media":8523,"template":"","meta":{"_themeisle_gutenberg_block_has_review":false,"rank_math_focus_keyword":"220V Laikmatis","rank_math_title":"220V Laikmatis Pauk\u0161\u010di\u0173 Lazeriui | BIRD BUSTERS","rank_math_description":"\u0160is laikmatis pauk\u0161\u010di\u0173 baidymo lazeriui leid\u017eia i\u0161 anksto nustatyti lazerio \u012fsijungimo ir i\u0161sijungimo laik\u0105. Su\u017einokite daugiau ir \u012fsigykite!","rank_math_canonical_url":"","rank_math_facebook_title":"","rank_math_facebook_description":"","rank_math_facebook_image":"","rank_math_twitter_title":"","rank_math_twitter_description":"","rank_math_twitter_image":"","rank_math_schema_FAQPage":[]},"product_brand":[],"product_cat":[131,124],"product_tag":[],"class_list":{"0":"post-8522","1":"product","2":"type-product","3":"status-publish","4":"has-post-thumbnail","6":"product_cat-lazeriniai-pauksciu-repelentai-lt","7":"product_cat-pauksciu-repelentai-lt","9":"first","10":"onbackorder","11":"taxable","12":"shipping-taxable","13":"purchasable","14":"product-type-simple"},"_links":{"self":[{"href":"https:\/\/birdbusters.eu\/lt\/wp-json\/wp\/v2\/product\/8522","targetHints":{"allow":["GET"]}}],"collection":[{"href":"https:\/\/birdbusters.eu\/lt\/wp-json\/wp\/v2\/product"}],"about":[{"href":"https:\/\/birdbusters.eu\/lt\/wp-json\/wp\/v2\/types\/product"}],"wp:featuredmedia":[{"embeddable":true,"href":"https:\/\/birdbusters.eu\/lt\/wp-json\/wp\/v2\/media\/8523"}],"wp:attachment":[{"href":"https:\/\/birdbusters.eu\/lt\/wp-json\/wp\/v2\/media?parent=8522"}],"wp:term":[{"taxonomy":"product_brand","embeddable":true,"href":"https:\/\/birdbusters.eu\/lt\/wp-json\/wp\/v2\/product_brand?post=8522"},{"taxonomy":"product_cat","embeddable":true,"href":"https:\/\/birdbusters.eu\/lt\/wp-json\/wp\/v2\/product_cat?post=8522"},{"taxonomy":"product_tag","embeddable":true,"href":"https:\/\/birdbusters.eu\/lt\/wp-json\/wp\/v2\/product_tag?post=8522"}],"curies":[{"name":"wp","href":"https:\/\/api.w.org\/{rel}","templated":true}]}}