{"id":8525,"date":"2018-04-19T13:03:35","date_gmt":"2018-04-19T11:03:35","guid":{"rendered":"https:\/\/birdbusters.eu\/product\/wolf-figure-for-scare-birds\/"},"modified":"2023-12-08T08:51:59","modified_gmt":"2023-12-08T07:51:59","slug":"pauksciu-baidykle-vilkas","status":"publish","type":"product","link":"https:\/\/birdbusters.eu\/lt\/produktas\/pauksciu-baidykle-vilkas\/","title":{"rendered":"Pauk\u0161\u010di\u0173 Baidykl\u0117 &#8211; Vilkas"},"content":{"rendered":"<p>Tikrov\u0161ika Pauk\u0161\u010di\u0173 Baidykl\u0117 &#8211; Vilkas<\/p>\n<p><strong>Apsaugin\u0117s zonos:<\/strong> golfo aik\u0161tynai, pramonin\u0117s teritorijos, sodai, oro uostai ir aerodromai, parkai, laukai<\/p>\n<p><strong>Kaip veikia:<\/strong> Lengva 3D vilko fig\u016bra atrodo kaip tikras vilkas, tod\u0117l atbaido visus pauk\u0161\u010dius ir gyv\u016bnus, kurie gamtoje yra vilko grobis.<\/p>\n<p>Nor\u0117dami pasiekti geriausius rezultatus, keiskite fig\u016bros viet\u0105 kas 3\u20134 dienas, kad g\u0105sdinami pauk\u0161\u010diai ir gyv\u016bnai nepriprast\u0173 prie vilko fig\u016bros buvimo.<\/p>\n<p><strong>Surinkimas:<\/strong> Vilko formos pauk\u0161\u010di\u0173 atbaidymo priemon\u0119 lengva sumontuoti. Fig\u016br\u0105 reikia pritvirtinti tinkamoje vietoje \u012fsmeigus kuoliuk\u0105 \u012f \u017eem\u0119, kad fig\u016bra neapvirst\u0173 nuo v\u0117jo.<\/p>\n<p style=\"text-align: justify;\"><strong>Papildoma informacija:<\/strong> Pauk\u0161\u010di\u0173 Baidykl\u0117 &#8211; Vilkas pagaminta i\u0161 patvarios, oro s\u0105lygoms atsparios EVA (etileno vinilacetato) gumos.<\/p>\n<p style=\"text-align: justify;\">\n","protected":false},"excerpt":{"rendered":"<p>Tikr\u0105 \u201evalym\u0105\u201c sode gali padaryti kurkliai, starkiai ir baland\u017eiai. Tod\u0117l sode pageidautina \u012frengti fig\u016br\u0105,, toki\u0105 kaip Pauk\u0161\u010di\u0173 Baidykl\u0117 &#8211; Vilkas, kuri atrodyt\u0173 kaip tikras gyv\u016bnas, kuris gamtoje yra nat\u016bralus prie\u0161as. Pauk\u0161\u010di\u0173 Baidykl\u0117 &#8211; Vilkas atbaido \u017e\u0105sis, antis, baland\u017eius ir grau\u017eikus.<\/p>\n","protected":false},"featured_media":8526,"template":"","meta":{"_themeisle_gutenberg_block_has_review":false},"product_brand":[],"product_cat":[167,120,121],"product_tag":[],"class_list":{"0":"post-8525","1":"product","2":"type-product","3":"status-publish","4":"has-post-thumbnail","6":"product_cat-kurmiu-baidykle-ir-gyvunu-atbaidytuvas","7":"product_cat-pauksciu-atgrasymo-prietaisai-lt","8":"product_cat-vizualiniai-pauksciu-atgrasymo-prietaisai-lt","10":"first","11":"outofstock","12":"taxable","13":"shipping-taxable","14":"purchasable","15":"product-type-simple"},"_links":{"self":[{"href":"https:\/\/birdbusters.eu\/lt\/wp-json\/wp\/v2\/product\/8525","targetHints":{"allow":["GET"]}}],"collection":[{"href":"https:\/\/birdbusters.eu\/lt\/wp-json\/wp\/v2\/product"}],"about":[{"href":"https:\/\/birdbusters.eu\/lt\/wp-json\/wp\/v2\/types\/product"}],"wp:featuredmedia":[{"embeddable":true,"href":"https:\/\/birdbusters.eu\/lt\/wp-json\/wp\/v2\/media\/8526"}],"wp:attachment":[{"href":"https:\/\/birdbusters.eu\/lt\/wp-json\/wp\/v2\/media?parent=8525"}],"wp:term":[{"taxonomy":"product_brand","embeddable":true,"href":"https:\/\/birdbusters.eu\/lt\/wp-json\/wp\/v2\/product_brand?post=8525"},{"taxonomy":"product_cat","embeddable":true,"href":"https:\/\/birdbusters.eu\/lt\/wp-json\/wp\/v2\/product_cat?post=8525"},{"taxonomy":"product_tag","embeddable":true,"href":"https:\/\/birdbusters.eu\/lt\/wp-json\/wp\/v2\/product_tag?post=8525"}],"curies":[{"name":"wp","href":"https:\/\/api.w.org\/{rel}","templated":true}]}}