{"id":8559,"date":"2018-04-02T13:50:19","date_gmt":"2018-04-02T10:50:19","guid":{"rendered":"https:\/\/birdbusters.eu\/product\/owl-to-scare-birds\/"},"modified":"2023-12-08T08:59:15","modified_gmt":"2023-12-08T07:59:15","slug":"pauksciu-baidykle-peleda","status":"publish","type":"product","link":"https:\/\/birdbusters.eu\/lt\/produktas\/pauksciu-baidykle-peleda\/","title":{"rendered":"Pauk\u0161\u010di\u0173 Baidykl\u0117 &#8211; Pel\u0117da"},"content":{"rendered":"<p>Pauk\u0161\u010di\u0173 Baidykl\u0117 &#8211; Pel\u0117da su besisukan\u010dia galva ir \u0161viesa.<\/p>\n<p><strong>Apsaugin\u0117s zonos:<\/strong> sodai, balkonai, kiemai, parkai, skverai.<\/p>\n<p><strong>Kaip veikia:<\/strong> pel\u0117dos fig\u016bra atbaido visus pauk\u0161\u010dius, kurie gamtoje yra pel\u0117dos grobis. Galva sukasi veikiama v\u0117jo. Norint padidinti efektyvum\u0105, rekomenduojame kas savait\u0119 keisti pel\u0117dos pad\u0117t\u012f.<\/p>\n<p><strong>Surinkimas: <\/strong>pastatykite pel\u0117d\u0105 sode gerai matomoje vietoje, kad grau\u017eikai ir pauk\u0161\u010diai lengvai j\u0105 pasteb\u0117t\u0173. Pel\u0117dos fig\u016bros apa\u010dioje yra skylut\u0117 tvirtinimui, pro kuri\u0105 galima pripilti sm\u0117lio ar smulkaus \u017evyro, kad pel\u0117da tapt\u0173 sunkesn\u0117.<\/p>\n<p><strong>Papildoma informacija:<\/strong> auk\u0161tis 40 cm.<\/p>\n<p style=\"text-align: justify;\">\n","protected":false},"excerpt":{"rendered":"<p><strong>Pauk\u0161\u010di\u0173 Baidykl\u0117 &#8211; Pel\u0117da<\/strong> su besisukan\u010dia galva ir \u0161vies\u0105 atspindin\u010diomis akimis skirta sodui, balkonui ar kiemui, kad atbaidyt\u0173 ma\u017eus pauk\u0161\u010diukus, kurie gamtoje yra pel\u0117dos grobis.<\/p>\n","protected":false},"featured_media":8561,"template":"","meta":{"_themeisle_gutenberg_block_has_review":false},"product_brand":[],"product_cat":[120,121],"product_tag":[],"class_list":{"0":"post-8559","1":"product","2":"type-product","3":"status-publish","4":"has-post-thumbnail","6":"product_cat-pauksciu-atgrasymo-prietaisai-lt","7":"product_cat-vizualiniai-pauksciu-atgrasymo-prietaisai-lt","9":"first","10":"instock","11":"taxable","12":"shipping-taxable","13":"purchasable","14":"product-type-simple"},"_links":{"self":[{"href":"https:\/\/birdbusters.eu\/lt\/wp-json\/wp\/v2\/product\/8559","targetHints":{"allow":["GET"]}}],"collection":[{"href":"https:\/\/birdbusters.eu\/lt\/wp-json\/wp\/v2\/product"}],"about":[{"href":"https:\/\/birdbusters.eu\/lt\/wp-json\/wp\/v2\/types\/product"}],"wp:featuredmedia":[{"embeddable":true,"href":"https:\/\/birdbusters.eu\/lt\/wp-json\/wp\/v2\/media\/8561"}],"wp:attachment":[{"href":"https:\/\/birdbusters.eu\/lt\/wp-json\/wp\/v2\/media?parent=8559"}],"wp:term":[{"taxonomy":"product_brand","embeddable":true,"href":"https:\/\/birdbusters.eu\/lt\/wp-json\/wp\/v2\/product_brand?post=8559"},{"taxonomy":"product_cat","embeddable":true,"href":"https:\/\/birdbusters.eu\/lt\/wp-json\/wp\/v2\/product_cat?post=8559"},{"taxonomy":"product_tag","embeddable":true,"href":"https:\/\/birdbusters.eu\/lt\/wp-json\/wp\/v2\/product_tag?post=8559"}],"curies":[{"name":"wp","href":"https:\/\/api.w.org\/{rel}","templated":true}]}}